{"id":20867,"date":"2023-03-09T09:53:22","date_gmt":"2023-03-09T08:53:22","guid":{"rendered":"https:\/\/colorsofmaster.com\/?post_type=product&#038;p=20867"},"modified":"2026-02-01T11:47:08","modified_gmt":"2026-02-01T10:47:08","slug":"giorgio-graesan-istinto","status":"publish","type":"product","link":"https:\/\/colorsofmaster.com\/nl\/product\/giorgio-graesan-istinto\/","title":{"rendered":"Giorgio Graesan VOLG UW ISTINTO"},"content":{"rendered":"<p>Volg Uw ISTINTO maakt verhoogde en gepolijste oppervlakken.<br \/>\nJe kunt de afwerkingen krijgen in Splitsteen, Gepolijste steen, Gehard steen, Natuurlijk cement, Zensteen, Bamboe en Eigentijdse steen.<br \/>\nHet moet worden afgewerkt met Cera del Vecchio dat bestaat uit zeep en bijenwas of Gioia dat een acrylafwerking is.<br \/>\nHet is een coating op basis van kalk, marmerpoeders van verschillende grootte en natuurlijke mineralen. Het is gemakkelijk aan te brengen, heeft een uitstekend vullend vermogen en een natuurlijke weerstand tegen schimmel en bacteri\u00ebn. Het is perfect stabiel na verloop van tijd en behoudt het ademend vermogen van de ondergrond dankzij de hoge waterdampdoorlaatbaarheid. Het wordt in \u00e9\u00e9n enkele laag aangebracht.<\/p>\n\n    <div class=\"xs_social_share_widget xs_share_url after_content \t\tmain_content  wslu-style-1 wslu-share-box-shaped wslu-fill-colored wslu-none wslu-share-horizontal wslu-theme-font-no wslu-main_content\">\n\n\t\t\n        <ul>\n\t\t\t        <\/ul>\n    <\/div>","protected":false},"excerpt":{"rendered":"<p>Het is een coating op basis van kalk, marmerpoeders van verschillende grootte en natuurlijke mineralen. Het is gemakkelijk aan te brengen, heeft een uitstekend vullend vermogen en een natuurlijke weerstand tegen schimmel en bacteri\u00ebn. Het wordt in \u00e9\u00e9n enkele laag aangebracht.<\/p>","protected":false},"featured_media":26151,"comment_status":"open","ping_status":"closed","template":"","meta":[],"pwb-brand":[],"product_brand":[],"product_cat":[3882,3890,3876,3875],"product_tag":[6849],"class_list":{"0":"post-20867","1":"product","2":"type-product","3":"status-publish","4":"has-post-thumbnail","6":"product_cat-decorativi","7":"product_cat-finiture","8":"product_cat-interni","9":"product_cat-vernici","10":"product_tag-best-sellers","11":"pa_litri-24-kg","12":"pa_litri-4-kg","13":"pa_litri-8-kg","14":"pa_palette-graesan-istinto","15":"pa_palette-istinto","17":"first","18":"instock","19":"sale","20":"taxable","21":"shipping-taxable","22":"purchasable","23":"product-type-variable","24":"has-default-attributes"},"brands":[{"id":6729,"name":"Giorgio Graesan","slug":"giorgio-graesan"}],"_links":{"self":[{"href":"https:\/\/colorsofmaster.com\/nl\/wp-json\/wp\/v2\/product\/20867","targetHints":{"allow":["GET"]}}],"collection":[{"href":"https:\/\/colorsofmaster.com\/nl\/wp-json\/wp\/v2\/product"}],"about":[{"href":"https:\/\/colorsofmaster.com\/nl\/wp-json\/wp\/v2\/types\/product"}],"replies":[{"embeddable":true,"href":"https:\/\/colorsofmaster.com\/nl\/wp-json\/wp\/v2\/comments?post=20867"}],"wp:featuredmedia":[{"embeddable":true,"href":"https:\/\/colorsofmaster.com\/nl\/wp-json\/wp\/v2\/media\/26151"}],"wp:attachment":[{"href":"https:\/\/colorsofmaster.com\/nl\/wp-json\/wp\/v2\/media?parent=20867"}],"wp:term":[{"taxonomy":"pwb-brand","embeddable":true,"href":"https:\/\/colorsofmaster.com\/nl\/wp-json\/wp\/v2\/pwb-brand?post=20867"},{"taxonomy":"product_brand","embeddable":true,"href":"https:\/\/colorsofmaster.com\/nl\/wp-json\/wp\/v2\/product_brand?post=20867"},{"taxonomy":"product_cat","embeddable":true,"href":"https:\/\/colorsofmaster.com\/nl\/wp-json\/wp\/v2\/product_cat?post=20867"},{"taxonomy":"product_tag","embeddable":true,"href":"https:\/\/colorsofmaster.com\/nl\/wp-json\/wp\/v2\/product_tag?post=20867"}],"curies":[{"name":"wp","href":"https:\/\/api.w.org\/{rel}","templated":true}]}}