{"id":28634,"date":"2024-02-27T19:37:00","date_gmt":"2024-02-27T18:37:00","guid":{"rendered":"https:\/\/colorsofmaster.com\/?post_type=product&#038;p=28634"},"modified":"2026-04-23T15:17:18","modified_gmt":"2026-04-23T13:17:18","slug":"stucco-professionale-red-devil","status":"publish","type":"product","link":"https:\/\/colorsofmaster.com\/fr\/product\/stucco-professionale-red-devil\/","title":{"rendered":"Red Devil Professional Putty (p\u00e2te \u00e0 modeler professionnelle)"},"content":{"rendered":"<p>Lo stucco americano bianco \u00e8 uno stucco premiscelato pronto all\u2019uso per interni. Superleggero, non cola e non crepa, perch\u00e9 elastico.<\/p>\n<p>Si pu\u00f2 procedere alla pittura subito dopo l\u2019utilizzo. In presenza di umidit\u00e0 e salnitro non si stacca e non sfoglia.<\/p>\n<p>\u00c8 sufficiente una sola applicazione su legno, muro, intonaco e cartongesso, non serve una seconda mano.<\/p>\n<p>Si pu\u00f2 procedere alla pittura con coloranti universali \u201cneutri\u201d.<\/p>\n<p>Ecco alcune caratteristiche dello stucco americano bianco per interni:<\/p>\n<ul>\n<li>Rimane bianchissimo;<\/li>\n<li>Risultato leggermente elastico;<\/li>\n<li>Premiscelato;<\/li>\n<li>Privo di amianto;<\/li>\n<li>Pronto all\u2019uso;<\/li>\n<li>Non secca nel barattolo.<\/li>\n<\/ul>\n\n    <div class=\"xs_social_share_widget xs_share_url after_content \t\tmain_content  wslu-style-1 wslu-share-box-shaped wslu-fill-colored wslu-none wslu-share-horizontal wslu-theme-font-no wslu-main_content\">\n\n\t\t\n        <ul>\n\t\t\t        <\/ul>\n    <\/div>","protected":false},"excerpt":{"rendered":"<p>Remplissage acrylique l\u00e9ger de premi\u00e8re qualit\u00e9 pour l'int\u00e9rieur et l'ext\u00e9rieur....<\/p>","protected":false},"featured_media":29439,"comment_status":"open","ping_status":"closed","template":"","meta":[],"pwb-brand":[],"product_brand":[],"product_cat":[3881,3930],"product_tag":[],"class_list":{"0":"post-28634","1":"product","2":"type-product","3":"status-publish","4":"has-post-thumbnail","6":"product_cat-accessori","7":"product_cat-stucchi","8":"pa_litri-025-l","9":"pa_litri-05-l","10":"pa_litri-1-l","11":"pa_litri-4-l","13":"first","14":"instock","15":"sale","16":"taxable","17":"shipping-taxable","18":"purchasable","19":"product-type-variable","20":"has-default-attributes"},"brands":[],"_links":{"self":[{"href":"https:\/\/colorsofmaster.com\/fr\/wp-json\/wp\/v2\/product\/28634","targetHints":{"allow":["GET"]}}],"collection":[{"href":"https:\/\/colorsofmaster.com\/fr\/wp-json\/wp\/v2\/product"}],"about":[{"href":"https:\/\/colorsofmaster.com\/fr\/wp-json\/wp\/v2\/types\/product"}],"replies":[{"embeddable":true,"href":"https:\/\/colorsofmaster.com\/fr\/wp-json\/wp\/v2\/comments?post=28634"}],"wp:featuredmedia":[{"embeddable":true,"href":"https:\/\/colorsofmaster.com\/fr\/wp-json\/wp\/v2\/media\/29439"}],"wp:attachment":[{"href":"https:\/\/colorsofmaster.com\/fr\/wp-json\/wp\/v2\/media?parent=28634"}],"wp:term":[{"taxonomy":"pwb-brand","embeddable":true,"href":"https:\/\/colorsofmaster.com\/fr\/wp-json\/wp\/v2\/pwb-brand?post=28634"},{"taxonomy":"product_brand","embeddable":true,"href":"https:\/\/colorsofmaster.com\/fr\/wp-json\/wp\/v2\/product_brand?post=28634"},{"taxonomy":"product_cat","embeddable":true,"href":"https:\/\/colorsofmaster.com\/fr\/wp-json\/wp\/v2\/product_cat?post=28634"},{"taxonomy":"product_tag","embeddable":true,"href":"https:\/\/colorsofmaster.com\/fr\/wp-json\/wp\/v2\/product_tag?post=28634"}],"curies":[{"name":"wp","href":"https:\/\/api.w.org\/{rel}","templated":true}]}}