{"id":19135,"date":"2022-12-27T13:58:24","date_gmt":"2022-12-27T12:58:24","guid":{"rendered":"https:\/\/colorsofmaster.com\/?product=muffatek-tekmed-detergente-per-la-pulizia-di-superfici-murali-attecchite-da-alghemuffe"},"modified":"2026-05-05T21:33:22","modified_gmt":"2026-05-05T19:33:22","slug":"muffatek-tekmed-detergente-per-la-pulizia-di-superfici-murali-attecchite-da-alghe-muffe","status":"publish","type":"product","link":"https:\/\/colorsofmaster.com\/fr\/product\/muffatek-tekmed-detergente-per-la-pulizia-di-superfici-murali-attecchite-da-alghe-muffe\/","title":{"rendered":"MUFFATEK TEKMED Agent de nettoyage pour le nettoyage des surfaces murales affect\u00e9es par des algues\/moisissures"},"content":{"rendered":"<p><strong>CARACT\u00c9RISTIQUES<\/strong><\/p>\n<p>D\u00e9tergent sp\u00e9cifique pour le nettoyage des surfaces murales affect\u00e9es par les algues\/moisissures....<\/p>\n<p><strong>EMPLOI<\/strong><\/p>\n<p>Utilisation universelle. Convient pour l'assainissement des fa\u00e7ades en b\u00e9ton, en pierres apparentes, des murs ou des surfaces d\u00e9j\u00e0 peintes.<\/p>\n<p><strong>CANDIDATURE\u00a0<\/strong><\/p>\n<p>Bien agiter avant utilisation, appliquer au pinceau ou au rouleau directement sur la surface \u00e0 assainir. Il est important de traiter toute la surface o\u00f9 se trouvent les moisissures, c'est-\u00e0-dire non seulement la bande o\u00f9 les moisissures\/algues sont visibles, mais aussi les zones adjacentes.<\/p>\n\n    <div class=\"xs_social_share_widget xs_share_url after_content \t\tmain_content  wslu-style-1 wslu-share-box-shaped wslu-fill-colored wslu-none wslu-share-horizontal wslu-theme-font-no wslu-main_content\">\n\n\t\t\n        <ul>\n\t\t\t        <\/ul>\n    <\/div>","protected":false},"excerpt":{"rendered":"<p>D\u00e9tergent sp\u00e9cifique pour le nettoyage des surfaces murales affect\u00e9es par les algues\/moisissures....<\/p>","protected":false},"featured_media":26290,"comment_status":"open","ping_status":"closed","template":"","meta":[],"pwb-brand":[],"product_brand":[],"product_cat":[3889,3876],"product_tag":[],"class_list":{"0":"post-19135","1":"product","2":"type-product","3":"status-publish","4":"has-post-thumbnail","6":"product_cat-antimuffa-anticondensa","7":"product_cat-interni","8":"pa_litri-1-l","9":"pa_litri-5-l","11":"first","12":"instock","13":"sale","14":"taxable","15":"shipping-taxable","16":"purchasable","17":"product-type-variable","18":"has-default-attributes"},"brands":[{"id":3874,"name":"Muffatek","slug":"muffatek"}],"_links":{"self":[{"href":"https:\/\/colorsofmaster.com\/fr\/wp-json\/wp\/v2\/product\/19135","targetHints":{"allow":["GET"]}}],"collection":[{"href":"https:\/\/colorsofmaster.com\/fr\/wp-json\/wp\/v2\/product"}],"about":[{"href":"https:\/\/colorsofmaster.com\/fr\/wp-json\/wp\/v2\/types\/product"}],"replies":[{"embeddable":true,"href":"https:\/\/colorsofmaster.com\/fr\/wp-json\/wp\/v2\/comments?post=19135"}],"wp:featuredmedia":[{"embeddable":true,"href":"https:\/\/colorsofmaster.com\/fr\/wp-json\/wp\/v2\/media\/26290"}],"wp:attachment":[{"href":"https:\/\/colorsofmaster.com\/fr\/wp-json\/wp\/v2\/media?parent=19135"}],"wp:term":[{"taxonomy":"pwb-brand","embeddable":true,"href":"https:\/\/colorsofmaster.com\/fr\/wp-json\/wp\/v2\/pwb-brand?post=19135"},{"taxonomy":"product_brand","embeddable":true,"href":"https:\/\/colorsofmaster.com\/fr\/wp-json\/wp\/v2\/product_brand?post=19135"},{"taxonomy":"product_cat","embeddable":true,"href":"https:\/\/colorsofmaster.com\/fr\/wp-json\/wp\/v2\/product_cat?post=19135"},{"taxonomy":"product_tag","embeddable":true,"href":"https:\/\/colorsofmaster.com\/fr\/wp-json\/wp\/v2\/product_tag?post=19135"}],"curies":[{"name":"wp","href":"https:\/\/api.w.org\/{rel}","templated":true}]}}