{"id":18712,"date":"2021-12-14T11:43:00","date_gmt":"2021-12-14T10:43:00","guid":{"rendered":"https:\/\/colorsofmaster.com\/?product=ucic-velopac-202-barriera-finitura-antimacchia-a-solvente"},"modified":"2026-03-02T19:03:42","modified_gmt":"2026-03-02T18:03:42","slug":"ucic-velopac-202-barriera-finitura-antimacchia-a-solvente","status":"publish","type":"product","link":"https:\/\/colorsofmaster.com\/fr\/product\/ucic-velopac-202-barriera-finitura-antimacchia-a-solvente\/","title":{"rendered":"UCIC VELOPAC 202 BARRIER Finition solvant\u00e9e anti-t\u00e2ches"},"content":{"rendered":"<p>VELOPAC BARRIERA con alto potere riempitivo, buona distendibilit\u00e0 e scorrevolezza, realizza una barriera alla migrazione delle macchie comuni quali, nicotina, grasso, fuliggine, ruggine, ecc.<\/p>\n<p>Ottima efficacia anche su legni tannici.<\/p>\n\n    <div class=\"xs_social_share_widget xs_share_url after_content \t\tmain_content  wslu-style-1 wslu-share-box-shaped wslu-fill-colored wslu-none wslu-share-horizontal wslu-theme-font-no wslu-main_content\">\n\n\t\t\n        <ul>\n\t\t\t        <\/ul>\n    <\/div>","protected":false},"excerpt":{"rendered":"<p>Pittura di fondo sintetica, opaca, formulata per isolare macchie su pareti e soffitti in interno.<\/p>","protected":false},"featured_media":26261,"comment_status":"open","ping_status":"closed","template":"","meta":[],"pwb-brand":[],"product_brand":[],"product_cat":[6721],"product_tag":[],"class_list":{"0":"post-18712","1":"product","2":"type-product","3":"status-publish","4":"has-post-thumbnail","6":"product_cat-senza-categoria","7":"pa_litri-075-l","8":"pa_litri-10-l","9":"pa_litri-25-l","11":"first","12":"instock","13":"taxable","14":"shipping-taxable","15":"purchasable","16":"product-type-variable","17":"has-default-attributes"},"brands":[],"_links":{"self":[{"href":"https:\/\/colorsofmaster.com\/fr\/wp-json\/wp\/v2\/product\/18712","targetHints":{"allow":["GET"]}}],"collection":[{"href":"https:\/\/colorsofmaster.com\/fr\/wp-json\/wp\/v2\/product"}],"about":[{"href":"https:\/\/colorsofmaster.com\/fr\/wp-json\/wp\/v2\/types\/product"}],"replies":[{"embeddable":true,"href":"https:\/\/colorsofmaster.com\/fr\/wp-json\/wp\/v2\/comments?post=18712"}],"wp:featuredmedia":[{"embeddable":true,"href":"https:\/\/colorsofmaster.com\/fr\/wp-json\/wp\/v2\/media\/26261"}],"wp:attachment":[{"href":"https:\/\/colorsofmaster.com\/fr\/wp-json\/wp\/v2\/media?parent=18712"}],"wp:term":[{"taxonomy":"pwb-brand","embeddable":true,"href":"https:\/\/colorsofmaster.com\/fr\/wp-json\/wp\/v2\/pwb-brand?post=18712"},{"taxonomy":"product_brand","embeddable":true,"href":"https:\/\/colorsofmaster.com\/fr\/wp-json\/wp\/v2\/product_brand?post=18712"},{"taxonomy":"product_cat","embeddable":true,"href":"https:\/\/colorsofmaster.com\/fr\/wp-json\/wp\/v2\/product_cat?post=18712"},{"taxonomy":"product_tag","embeddable":true,"href":"https:\/\/colorsofmaster.com\/fr\/wp-json\/wp\/v2\/product_tag?post=18712"}],"curies":[{"name":"wp","href":"https:\/\/api.w.org\/{rel}","templated":true}]}}