{"id":16724,"date":"2021-04-07T11:51:20","date_gmt":"2021-04-07T09:51:20","guid":{"rendered":"https:\/\/colorsofmaster.com\/?product=casati-risana-spray"},"modified":"2026-04-22T20:45:27","modified_gmt":"2026-04-22T18:45:27","slug":"casati-risana-spray","status":"publish","type":"product","link":"https:\/\/colorsofmaster.com\/fr\/product\/casati-risana-spray\/","title":{"rendered":"CASATI RISANA SPRAY"},"content":{"rendered":"<p>Prodotto detergente igienizzante specifico per la pulizia delle superfici minerali prima della verniciatura. Il prodotto si usa come lavaggio delle superfici infestate che, una volta sanificate, devono essere opportunamente verniciate con prodotti ad azione antimuffa che impediscano la reinfestazione dei supporti.<\/p>\n<p>Sans solvant.<\/p>\n<p>Aspect transparent.<\/p>\n<p>Odore caratteristico.<\/p>\n<p>Excellente adh\u00e9rence \u00e0 toute surface min\u00e9rale propre et s\u00e8che.<\/p>\n\n    <div class=\"xs_social_share_widget xs_share_url after_content \t\tmain_content  wslu-style-1 wslu-share-box-shaped wslu-fill-colored wslu-none wslu-share-horizontal wslu-theme-font-no wslu-main_content\">\n\n\t\t\n        <ul>\n\t\t\t        <\/ul>\n    <\/div>","protected":false},"excerpt":{"rendered":"<p>Produit d\u00e9tergent hygi\u00e9nique \u00e0 large spectre en spray \u00e0 base de chlore actif....<\/p>","protected":false},"featured_media":16725,"comment_status":"open","ping_status":"closed","template":"","meta":[],"pwb-brand":[],"product_brand":[],"product_cat":[3881,3903],"product_tag":[],"class_list":{"0":"post-16724","1":"product","2":"type-product","3":"status-publish","4":"has-post-thumbnail","6":"product_cat-accessori","7":"product_cat-detergenti","8":"pa_litri-05-l","10":"first","11":"instock","12":"sale","13":"taxable","14":"shipping-taxable","15":"purchasable","16":"product-type-variable","17":"has-default-attributes"},"brands":[],"_links":{"self":[{"href":"https:\/\/colorsofmaster.com\/fr\/wp-json\/wp\/v2\/product\/16724","targetHints":{"allow":["GET"]}}],"collection":[{"href":"https:\/\/colorsofmaster.com\/fr\/wp-json\/wp\/v2\/product"}],"about":[{"href":"https:\/\/colorsofmaster.com\/fr\/wp-json\/wp\/v2\/types\/product"}],"replies":[{"embeddable":true,"href":"https:\/\/colorsofmaster.com\/fr\/wp-json\/wp\/v2\/comments?post=16724"}],"wp:featuredmedia":[{"embeddable":true,"href":"https:\/\/colorsofmaster.com\/fr\/wp-json\/wp\/v2\/media\/16725"}],"wp:attachment":[{"href":"https:\/\/colorsofmaster.com\/fr\/wp-json\/wp\/v2\/media?parent=16724"}],"wp:term":[{"taxonomy":"pwb-brand","embeddable":true,"href":"https:\/\/colorsofmaster.com\/fr\/wp-json\/wp\/v2\/pwb-brand?post=16724"},{"taxonomy":"product_brand","embeddable":true,"href":"https:\/\/colorsofmaster.com\/fr\/wp-json\/wp\/v2\/product_brand?post=16724"},{"taxonomy":"product_cat","embeddable":true,"href":"https:\/\/colorsofmaster.com\/fr\/wp-json\/wp\/v2\/product_cat?post=16724"},{"taxonomy":"product_tag","embeddable":true,"href":"https:\/\/colorsofmaster.com\/fr\/wp-json\/wp\/v2\/product_tag?post=16724"}],"curies":[{"name":"wp","href":"https:\/\/api.w.org\/{rel}","templated":true}]}}