{"id":15698,"date":"2021-03-30T15:40:12","date_gmt":"2021-03-30T13:40:12","guid":{"rendered":"https:\/\/colorsofmaster.com\/?product=valpaint-klondike-ferro"},"modified":"2026-02-15T23:59:54","modified_gmt":"2026-02-15T22:59:54","slug":"valpaint-klondike-pitture-ad-effetto-metallico-anticato-1","status":"publish","type":"product","link":"https:\/\/colorsofmaster.com\/fr\/product\/valpaint-klondike-pitture-ad-effetto-metallico-anticato-1\/","title":{"rendered":"VALPAINT KLONDIKE IRON"},"content":{"rendered":"<table style=\"height: 110px; width: 600px;\" border=\"2\" width=\"600\">\n<tbody>\n<tr>\n<td style=\"text-align: center;\"><strong><em>Fonds<\/em><\/strong><\/td>\n<td style=\"text-align: center;\"><span style=\"text-decoration: underline;\"><a href=\"https:\/\/colorsofmaster.com\/fondi\/1230-valpaint-primart-600.html\"><span style=\"text-decoration: underline;\">Primart 1200<\/span><\/a><\/span><\/td>\n<\/tr>\n<tr>\n<td style=\"text-align: center;\"><strong><em>Finition<\/em><\/strong><\/td>\n<td style=\"text-align: center;\">KLONDIKE IRON<\/td>\n<\/tr>\n<tr>\n<td style=\"text-align: center;\"><strong><em>Additifs<\/em><\/strong><\/td>\n<td style=\"text-align: center;\"><span style=\"text-decoration: underline;\"><a href=\"https:\/\/colorsofmaster.com\/decorativi\/1273-valpaint-p40.html\"><span style=\"text-decoration: underline;\">L50 301<\/span><\/a><\/span><\/td>\n<\/tr>\n<tr>\n<td style=\"text-align: center;\"><strong><em>Additifs<\/em><\/strong><\/td>\n<td style=\"text-align: center;\"><span style=\"text-decoration: underline;\">L50 309<\/span><\/td>\n<\/tr>\n<tr>\n<td style=\"text-align: center;\"><strong><em>Finition<\/em><\/strong><\/td>\n<td style=\"text-align: center;\"><span style=\"text-decoration: underline;\">SOLUTION OXYDANTE<\/span><\/td>\n<\/tr>\n<tr>\n<td style=\"text-align: center;\"><em><strong>Protection<\/strong><\/em><\/td>\n<td style=\"text-align: center;\"><span style=\"text-decoration: underline;\">FINITION V 16<\/span><\/td>\n<\/tr>\n<\/tbody>\n<\/table>\n<p><span style=\"color: #ffffff;\">-<\/span><\/p>\n<p>Klondike est une peinture \u00e0 l'eau typiquement moderne et raffin\u00e9e pour l'int\u00e9rieur. Applicable sur de nombreux supports, KLONDIKE permet de cr\u00e9er des habitats extr\u00eamement contemporains avec des performances et des nuances de couleurs uniques. Les surfaces d\u00e9cor\u00e9es emprisonnent des fragments de m\u00e9taux pr\u00e9cieux forg\u00e9s dans la peinture qui les incorpore en rehaussant leurs effets dor\u00e9s, argent\u00e9s et oxyd\u00e9s.<\/p>\n\n    <div class=\"xs_social_share_widget xs_share_url after_content \t\tmain_content  wslu-style-1 wslu-share-box-shaped wslu-fill-colored wslu-none wslu-share-horizontal wslu-theme-font-no wslu-main_content\">\n\n\t\t\n        <ul>\n\t\t\t        <\/ul>\n    <\/div>","protected":false},"excerpt":{"rendered":"<p>Klondike est une peinture d'int\u00e9rieur \u00e0 l'eau typiquement moderne et raffin\u00e9e.<\/p>","protected":false},"featured_media":26220,"comment_status":"open","ping_status":"closed","template":"","meta":[],"pwb-brand":[3863],"product_brand":[],"product_cat":[3882,3890,3876,3875],"product_tag":[],"class_list":{"0":"post-15698","1":"product","2":"type-product","3":"status-publish","4":"has-post-thumbnail","6":"pwb-brand-valpaint","7":"product_cat-decorativi","8":"product_cat-finiture","9":"product_cat-interni","10":"product_cat-vernici","11":"pa_litri-1-l","12":"pa_palette-klondike-ferro","14":"first","15":"instock","16":"sale","17":"taxable","18":"shipping-taxable","19":"purchasable","20":"product-type-variable","21":"has-default-attributes"},"brands":[{"id":3863,"name":"Valpaint","slug":"valpaint"}],"_links":{"self":[{"href":"https:\/\/colorsofmaster.com\/fr\/wp-json\/wp\/v2\/product\/15698","targetHints":{"allow":["GET"]}}],"collection":[{"href":"https:\/\/colorsofmaster.com\/fr\/wp-json\/wp\/v2\/product"}],"about":[{"href":"https:\/\/colorsofmaster.com\/fr\/wp-json\/wp\/v2\/types\/product"}],"replies":[{"embeddable":true,"href":"https:\/\/colorsofmaster.com\/fr\/wp-json\/wp\/v2\/comments?post=15698"}],"wp:featuredmedia":[{"embeddable":true,"href":"https:\/\/colorsofmaster.com\/fr\/wp-json\/wp\/v2\/media\/26220"}],"wp:attachment":[{"href":"https:\/\/colorsofmaster.com\/fr\/wp-json\/wp\/v2\/media?parent=15698"}],"wp:term":[{"taxonomy":"pwb-brand","embeddable":true,"href":"https:\/\/colorsofmaster.com\/fr\/wp-json\/wp\/v2\/pwb-brand?post=15698"},{"taxonomy":"product_brand","embeddable":true,"href":"https:\/\/colorsofmaster.com\/fr\/wp-json\/wp\/v2\/product_brand?post=15698"},{"taxonomy":"product_cat","embeddable":true,"href":"https:\/\/colorsofmaster.com\/fr\/wp-json\/wp\/v2\/product_cat?post=15698"},{"taxonomy":"product_tag","embeddable":true,"href":"https:\/\/colorsofmaster.com\/fr\/wp-json\/wp\/v2\/product_tag?post=15698"}],"curies":[{"name":"wp","href":"https:\/\/api.w.org\/{rel}","templated":true}]}}