{"id":15688,"date":"2021-03-30T15:20:38","date_gmt":"2021-03-30T13:20:38","guid":{"rendered":"https:\/\/colorsofmaster.com\/?product=valpaint-klondike"},"modified":"2026-04-30T00:14:18","modified_gmt":"2026-04-29T22:14:18","slug":"valpaint-klondike-pitture-ad-effetto-metallico-anticato","status":"publish","type":"product","link":"https:\/\/colorsofmaster.com\/fr\/product\/valpaint-klondike-pitture-ad-effetto-metallico-anticato\/","title":{"rendered":"VALPAINT KLONDIKE"},"content":{"rendered":"<table style=\"height: 110px; width: 600px;\" border=\"2\" width=\"600\">\n<tbody>\n<tr>\n<td style=\"text-align: center;\"><strong><em>Fonds<\/em><\/strong><\/td>\n<td style=\"text-align: center;\"><span style=\"text-decoration: underline;\"><a href=\"https:\/\/colorsofmaster.com\/fondi\/1230-valpaint-primart-600.html\"><span style=\"text-decoration: underline;\">Primaire 1200<\/span><\/a><\/span><\/td>\n<\/tr>\n<tr>\n<td style=\"text-align: center;\"><strong><em>Finition<\/em><\/strong><\/td>\n<td style=\"text-align: center;\">KLONDIKE<\/td>\n<\/tr>\n<\/tbody>\n<\/table>\n<p><span style=\"color: #ffffff;\">-<\/span><\/p>\n<p>Klondike est une peinture \u00e0 l'eau typiquement moderne et raffin\u00e9e pour l'int\u00e9rieur. Applicable sur de nombreux supports, KLONDIKE permet de cr\u00e9er des habitats tr\u00e8s contemporains avec des performances de couleurs et de nuances uniques.<\/p>\n<p><span style=\"color: #ffffff;\">-<\/span><\/p>\n<p>Les surfaces d\u00e9cor\u00e9es emprisonnent des fragments de m\u00e9taux pr\u00e9cieux forg\u00e9s dans la peinture qui les incorpore tout en rehaussant leurs effets dor\u00e9s, argent\u00e9s et oxyd\u00e9s.<\/p>\n\n    <div class=\"xs_social_share_widget xs_share_url after_content \t\tmain_content  wslu-style-1 wslu-share-box-shaped wslu-fill-colored wslu-none wslu-share-horizontal wslu-theme-font-no wslu-main_content\">\n\n\t\t\n        <ul>\n\t\t\t        <\/ul>\n    <\/div>","protected":false},"excerpt":{"rendered":"<p>Klondike est une peinture d'int\u00e9rieur \u00e0 l'eau typiquement moderne et raffin\u00e9e.<\/p>\n<p>&nbsp;<\/p>\n<p>N.B. : Pour obtenir les couleurs indiqu\u00e9es dans le nuancier, il faut appliquer PRIMER 1200 comme primaire.<\/p>","protected":false},"featured_media":26213,"comment_status":"open","ping_status":"closed","template":"","meta":[],"pwb-brand":[3863],"product_brand":[],"product_cat":[3875,3876,3882,3890],"product_tag":[],"class_list":{"0":"post-15688","1":"product","2":"type-product","3":"status-publish","4":"has-post-thumbnail","6":"pwb-brand-valpaint","7":"product_cat-vernici","8":"product_cat-interni","9":"product_cat-decorativi","10":"product_cat-finiture","11":"pa_litri-1-l","12":"pa_litri-25-l","13":"pa_palette-klondike","15":"first","16":"instock","17":"sale","18":"taxable","19":"shipping-taxable","20":"purchasable","21":"product-type-variable","22":"has-default-attributes"},"brands":[{"id":3863,"name":"Valpaint","slug":"valpaint"}],"_links":{"self":[{"href":"https:\/\/colorsofmaster.com\/fr\/wp-json\/wp\/v2\/product\/15688","targetHints":{"allow":["GET"]}}],"collection":[{"href":"https:\/\/colorsofmaster.com\/fr\/wp-json\/wp\/v2\/product"}],"about":[{"href":"https:\/\/colorsofmaster.com\/fr\/wp-json\/wp\/v2\/types\/product"}],"replies":[{"embeddable":true,"href":"https:\/\/colorsofmaster.com\/fr\/wp-json\/wp\/v2\/comments?post=15688"}],"wp:featuredmedia":[{"embeddable":true,"href":"https:\/\/colorsofmaster.com\/fr\/wp-json\/wp\/v2\/media\/26213"}],"wp:attachment":[{"href":"https:\/\/colorsofmaster.com\/fr\/wp-json\/wp\/v2\/media?parent=15688"}],"wp:term":[{"taxonomy":"pwb-brand","embeddable":true,"href":"https:\/\/colorsofmaster.com\/fr\/wp-json\/wp\/v2\/pwb-brand?post=15688"},{"taxonomy":"product_brand","embeddable":true,"href":"https:\/\/colorsofmaster.com\/fr\/wp-json\/wp\/v2\/product_brand?post=15688"},{"taxonomy":"product_cat","embeddable":true,"href":"https:\/\/colorsofmaster.com\/fr\/wp-json\/wp\/v2\/product_cat?post=15688"},{"taxonomy":"product_tag","embeddable":true,"href":"https:\/\/colorsofmaster.com\/fr\/wp-json\/wp\/v2\/product_tag?post=15688"}],"curies":[{"name":"wp","href":"https:\/\/api.w.org\/{rel}","templated":true}]}}