{"id":15323,"date":"2020-12-16T00:13:00","date_gmt":"2020-12-15T23:13:00","guid":{"rendered":"https:\/\/colorsofmaster.com\/?product=sikkens-redox-ferrotech-smalto-ferromicaceo-con-aspetto-metallizzato"},"modified":"2026-05-05T11:59:22","modified_gmt":"2026-05-05T09:59:22","slug":"redox-ferrotech-sikkens-smalto-ferromicaceo-con-aspetto-metallizzato","status":"publish","type":"product","link":"https:\/\/colorsofmaster.com\/fr\/product\/redox-ferrotech-sikkens-smalto-ferromicaceo-con-aspetto-metallizzato\/","title":{"rendered":"SIKKENS REDOX FERROTECH \u00c9mail ferreux d'aspect m\u00e9tallique"},"content":{"rendered":"<table style=\"height: 110px; width: 600px;\" border=\"2\" width=\"600\">\n<tbody>\n<tr>\n<td style=\"text-align: center;\"><em><strong>Fond en fer<\/strong><\/em><\/td>\n<td style=\"text-align: center;\"><span style=\"text-decoration: underline;\"><a href=\"https:\/\/colorsofmaster.com\/primer-antiruggine\/1200-redox-ac-multiprimer-new-sikkens-primer-dadesione-per-applicazioni-su-supporti-metallici-allesterno.html\"><span style=\"text-decoration: underline;\">REDOX AC MULTIPRIMER NEW<\/span><\/a><\/span><\/td>\n<\/tr>\n<\/tbody>\n<\/table>\n<p><span style=\"color: #ffffff;\">&#8211;<\/span><\/p>\n<p>Excellente r\u00e9sistance aux intemp\u00e9ries et aux atmosph\u00e8res industrielles.<\/p>\n<p>Excellente couverture.<\/p>\n<p>Bonne \u00e9lasticit\u00e9.<\/p>\n<p>Effet ferromicac\u00e9 \u00e0 gros grains.<\/p>\n<p><span style=\"font-weight: 600; padding-top: 1em; display: block;\">Caract\u00e9ristiques principales :<\/span><\/p>\n<p>Sikkens Redox Ferrotech est id\u00e9al pour la protection et la d\u00e9coration des substrats m\u00e9talliques.<\/p>\n<p><span style=\"font-weight: 600; padding-top: 1em; display: block;\">Caract\u00e9ristiques techniques :<\/span><\/p>\n<p>S\u00e8che au toucher : s\u00e8che au toucher apr\u00e8s 6-8 h.<\/p>\n<p>Recouvrable : Recouvrable apr\u00e8s 24 heures.<\/p>\n<p>Rendement : 14-16 m\u00b2\/l par couche. Le rendement peut varier en fonction des caract\u00e9ristiques de rugosit\u00e9, de porosit\u00e9 et d'absorption des supports et du syst\u00e8me d'application utilis\u00e9.<\/p>\n<p>Pour des informations d\u00e9taill\u00e9es et avant d'utiliser le produit, veuillez consulter la fiche technique correspondante.<\/p>\n<p><span style=\"color: #ffffff;\">-<\/span><\/p>\n\n    <div class=\"xs_social_share_widget xs_share_url after_content \t\tmain_content  wslu-style-1 wslu-share-box-shaped wslu-fill-colored wslu-none wslu-share-horizontal wslu-theme-font-no wslu-main_content\">\n\n\t\t\n        <ul>\n\t\t\t        <\/ul>\n    <\/div>","protected":false},"excerpt":{"rendered":"<p>\u00c9mail ferromicac\u00e9 synth\u00e9tique \u00e0 gros grains d'aspect m\u00e9tallique pour l'ext\u00e9rieur et l'int\u00e9rieur, pour le fer et les m\u00e9taux non ferreux....<\/p>","protected":false},"featured_media":26705,"comment_status":"open","ping_status":"closed","template":"","meta":[],"pwb-brand":[3861],"product_brand":[],"product_cat":[3875,3876,3877,3878,3880,3926,3898],"product_tag":[6863],"class_list":{"0":"post-15323","1":"product","2":"type-product","3":"status-publish","4":"has-post-thumbnail","6":"pwb-brand-sikkens","7":"product_cat-vernici","8":"product_cat-interni","9":"product_cat-esterni","10":"product_cat-smalti","11":"product_cat-sintetico","12":"product_cat-ferromicaceo","13":"product_cat-colorati","14":"product_tag-sikkens","15":"pa_litri-1-l","16":"pa_litri-5-l","17":"pa_palette-ferrotech","19":"first","20":"instock","21":"sale","22":"taxable","23":"shipping-taxable","24":"purchasable","25":"product-type-variable","26":"has-default-attributes"},"brands":[{"id":3861,"name":"Sikkens","slug":"sikkens"}],"_links":{"self":[{"href":"https:\/\/colorsofmaster.com\/fr\/wp-json\/wp\/v2\/product\/15323","targetHints":{"allow":["GET"]}}],"collection":[{"href":"https:\/\/colorsofmaster.com\/fr\/wp-json\/wp\/v2\/product"}],"about":[{"href":"https:\/\/colorsofmaster.com\/fr\/wp-json\/wp\/v2\/types\/product"}],"replies":[{"embeddable":true,"href":"https:\/\/colorsofmaster.com\/fr\/wp-json\/wp\/v2\/comments?post=15323"}],"wp:featuredmedia":[{"embeddable":true,"href":"https:\/\/colorsofmaster.com\/fr\/wp-json\/wp\/v2\/media\/26705"}],"wp:attachment":[{"href":"https:\/\/colorsofmaster.com\/fr\/wp-json\/wp\/v2\/media?parent=15323"}],"wp:term":[{"taxonomy":"pwb-brand","embeddable":true,"href":"https:\/\/colorsofmaster.com\/fr\/wp-json\/wp\/v2\/pwb-brand?post=15323"},{"taxonomy":"product_brand","embeddable":true,"href":"https:\/\/colorsofmaster.com\/fr\/wp-json\/wp\/v2\/product_brand?post=15323"},{"taxonomy":"product_cat","embeddable":true,"href":"https:\/\/colorsofmaster.com\/fr\/wp-json\/wp\/v2\/product_cat?post=15323"},{"taxonomy":"product_tag","embeddable":true,"href":"https:\/\/colorsofmaster.com\/fr\/wp-json\/wp\/v2\/product_tag?post=15323"}],"curies":[{"name":"wp","href":"https:\/\/api.w.org\/{rel}","templated":true}]}}