{"id":14436,"date":"2020-07-09T14:53:56","date_gmt":"2020-07-09T14:53:56","guid":{"rendered":"https:\/\/colorsofmaster.com\/?product=metylan-special-per-l%e2%80%99incollaggio-di-parati-pesanti-vinilici-e-di-difficile-incollaggio-200g"},"modified":"2026-01-23T12:18:43","modified_gmt":"2026-01-23T11:18:43","slug":"metylan-special","status":"publish","type":"product","link":"https:\/\/colorsofmaster.com\/fr\/product\/metylan-special\/","title":{"rendered":"METYLAN Sp\u00e9cial pour coller les papiers peints lourds, vinyles et difficiles \u00e0 coller 200g"},"content":{"rendered":"<p>Adesivo di alt\u00e0 qualit\u00e0 a base di metilcellulosa e resine sintetiche per l\u2019incollaggio di carta da parati leggera e pesante, parati goffrati, fibre ruvide, parati naturali, fibre vegetali, stampe fotografiche, parati vinilici (parati in PVC con retro cartaceo).<\/p>\n\n    <div class=\"xs_social_share_widget xs_share_url after_content \t\tmain_content  wslu-style-1 wslu-share-box-shaped wslu-fill-colored wslu-none wslu-share-horizontal wslu-theme-font-no wslu-main_content\">\n\n\t\t\n        <ul>\n\t\t\t        <\/ul>\n    <\/div>","protected":false},"excerpt":{"rendered":"<p><span style=\"color: #000000;\">Adesivo in polvere a base di metilcellulosa e resine sintetiche ad alto potere adesivo<\/span><\/p>\n<p><span style=\"color: #ffffff;\">&#8211;<\/span><\/p>\n<p><span style=\"color: #000000;\">Elevato potere adesivo <\/span><\/p>\n<p><span style=\"color: #000000;\">Elevata resistenza all\u2019umidit\u00e0 <\/span><\/p>\n<p><span style=\"color: #000000;\">Forte presa iniziale <\/span><\/p>\n<p><span style=\"color: #000000;\">Facile scorrimento per allineamento perfetto dei parati <\/span><\/p>\n<p><span style=\"color: #000000;\">Aspetto omogeneo e bagnabilit\u00e0 uniforme della soluzione <\/span><\/p>\n<p><span style=\"color: #000000;\">Stabile nei confronti di variazioni di temperatura, presenza di calce e calcestruzzo <\/span><\/p>\n<p><span style=\"color: #000000;\">Facile da miscelare e applicare<\/span><\/p>","protected":false},"featured_media":14437,"comment_status":"open","ping_status":"closed","template":"","meta":[],"pwb-brand":[],"product_brand":[],"product_cat":[3881,3906],"product_tag":[],"class_list":{"0":"post-14436","1":"product","2":"type-product","3":"status-publish","4":"has-post-thumbnail","6":"product_cat-accessori","7":"product_cat-colle","9":"first","10":"instock","11":"sale","12":"taxable","13":"shipping-taxable","14":"purchasable","15":"product-type-simple"},"brands":[],"_links":{"self":[{"href":"https:\/\/colorsofmaster.com\/fr\/wp-json\/wp\/v2\/product\/14436","targetHints":{"allow":["GET"]}}],"collection":[{"href":"https:\/\/colorsofmaster.com\/fr\/wp-json\/wp\/v2\/product"}],"about":[{"href":"https:\/\/colorsofmaster.com\/fr\/wp-json\/wp\/v2\/types\/product"}],"replies":[{"embeddable":true,"href":"https:\/\/colorsofmaster.com\/fr\/wp-json\/wp\/v2\/comments?post=14436"}],"wp:featuredmedia":[{"embeddable":true,"href":"https:\/\/colorsofmaster.com\/fr\/wp-json\/wp\/v2\/media\/14437"}],"wp:attachment":[{"href":"https:\/\/colorsofmaster.com\/fr\/wp-json\/wp\/v2\/media?parent=14436"}],"wp:term":[{"taxonomy":"pwb-brand","embeddable":true,"href":"https:\/\/colorsofmaster.com\/fr\/wp-json\/wp\/v2\/pwb-brand?post=14436"},{"taxonomy":"product_brand","embeddable":true,"href":"https:\/\/colorsofmaster.com\/fr\/wp-json\/wp\/v2\/product_brand?post=14436"},{"taxonomy":"product_cat","embeddable":true,"href":"https:\/\/colorsofmaster.com\/fr\/wp-json\/wp\/v2\/product_cat?post=14436"},{"taxonomy":"product_tag","embeddable":true,"href":"https:\/\/colorsofmaster.com\/fr\/wp-json\/wp\/v2\/product_tag?post=14436"}],"curies":[{"name":"wp","href":"https:\/\/api.w.org\/{rel}","templated":true}]}}