{"id":31169,"date":"2024-05-02T09:48:00","date_gmt":"2024-05-02T07:48:00","guid":{"rendered":"https:\/\/colorsofmaster.com\/?post_type=product&#038;p=31169"},"modified":"2026-02-01T23:37:13","modified_gmt":"2026-02-01T22:37:13","slug":"herbol-protector-aqua","status":"publish","type":"product","link":"https:\/\/colorsofmaster.com\/es\/product\/herbol-protector-aqua\/","title":{"rendered":"HERBOL PROTECTOR AQUA"},"content":{"rendered":"<p>Imprimaci\u00f3n, capa intermedia y capa de acabado de alta calidad con efecto satinado, met\u00e1lico y ferromagn\u00e9tico.<br \/>\nAdecuado en interiores y exteriores para hierro, acero, aleaciones ligeras y metales no ferrosos, PVC r\u00edgido (sujeto a muestreo).<\/p>\n<ul>\n<li>Producto de base acuosa, 'One pot system' (producto \u00fanico: adecuado como imprimaci\u00f3n, capa intermedia y capa final).<\/li>\n<li>Secado r\u00e1pido, con un tiempo de aplicaci\u00f3n reducido<\/li>\n<li>Eficaces propiedades anticorrosivas y resistencia a la intemperie, con solidez del color a lo largo del tiempo.<\/li>\n<li>Bajo contenido en COV y b\u00e1sicamente inodoro<\/li>\n<li>Disponible en acabados: satinado, metalizado y ferrom\u00e9rico (n\u00ba 5 colores listos para usar)<\/li>\n<\/ul>\n\n    <div class=\"xs_social_share_widget xs_share_url after_content \t\tmain_content  wslu-style-1 wslu-share-box-shaped wslu-fill-colored wslu-none wslu-share-horizontal wslu-theme-font-no wslu-main_content\">\n\n\t\t\n        <ul>\n\t\t\t        <\/ul>\n    <\/div>","protected":false},"excerpt":{"rendered":"<p>Imprimaci\u00f3n\/ capa intermedia\/ capa final al agua para superficies met\u00e1licas.<\/p>\n<p>La versi\u00f3n de 10 litros s\u00f3lo est\u00e1 disponible bajo pedido.<\/p>","protected":false},"featured_media":31582,"comment_status":"open","ping_status":"closed","template":"","meta":[],"pwb-brand":[],"product_brand":[],"product_cat":[3888,3876,3927,3878,3879,3875],"product_tag":[6864],"class_list":{"0":"post-31169","1":"product","2":"type-product","3":"status-publish","4":"has-post-thumbnail","6":"product_cat-fondo-interni","7":"product_cat-interni","8":"product_cat-primer-antiruggine","9":"product_cat-smalti","10":"product_cat-acqua","11":"product_cat-vernici","12":"product_tag-herbol","13":"pa_litri-075-l","14":"pa_litri-1-l","15":"pa_litri-10-l","16":"pa_litri-25-l","17":"pa_palette-5051-color-concept","18":"pa_palette-colour-wall","19":"pa_palette-ncs","20":"pa_palette-ral","22":"first","23":"instock","24":"sale","25":"taxable","26":"shipping-taxable","27":"purchasable","28":"product-type-variable","29":"has-default-attributes"},"brands":[{"id":3862,"name":"Herbol","slug":"herbol"}],"_links":{"self":[{"href":"https:\/\/colorsofmaster.com\/es\/wp-json\/wp\/v2\/product\/31169","targetHints":{"allow":["GET"]}}],"collection":[{"href":"https:\/\/colorsofmaster.com\/es\/wp-json\/wp\/v2\/product"}],"about":[{"href":"https:\/\/colorsofmaster.com\/es\/wp-json\/wp\/v2\/types\/product"}],"replies":[{"embeddable":true,"href":"https:\/\/colorsofmaster.com\/es\/wp-json\/wp\/v2\/comments?post=31169"}],"wp:featuredmedia":[{"embeddable":true,"href":"https:\/\/colorsofmaster.com\/es\/wp-json\/wp\/v2\/media\/31582"}],"wp:attachment":[{"href":"https:\/\/colorsofmaster.com\/es\/wp-json\/wp\/v2\/media?parent=31169"}],"wp:term":[{"taxonomy":"pwb-brand","embeddable":true,"href":"https:\/\/colorsofmaster.com\/es\/wp-json\/wp\/v2\/pwb-brand?post=31169"},{"taxonomy":"product_brand","embeddable":true,"href":"https:\/\/colorsofmaster.com\/es\/wp-json\/wp\/v2\/product_brand?post=31169"},{"taxonomy":"product_cat","embeddable":true,"href":"https:\/\/colorsofmaster.com\/es\/wp-json\/wp\/v2\/product_cat?post=31169"},{"taxonomy":"product_tag","embeddable":true,"href":"https:\/\/colorsofmaster.com\/es\/wp-json\/wp\/v2\/product_tag?post=31169"}],"curies":[{"name":"wp","href":"https:\/\/api.w.org\/{rel}","templated":true}]}}