{"id":28701,"date":"2024-02-27T20:37:00","date_gmt":"2024-02-27T19:37:00","guid":{"rendered":"https:\/\/colorsofmaster.com\/?post_type=product&#038;p=28701"},"modified":"2026-02-01T19:49:22","modified_gmt":"2026-02-01T18:49:22","slug":"sikkens-wapex-primer-ep","status":"publish","type":"product","link":"https:\/\/colorsofmaster.com\/es\/product\/sikkens-wapex-primer-ep\/","title":{"rendered":"SIKKENS Imprimaci\u00f3n WAPEX EP"},"content":{"rendered":"<p>La resa pu\u00f2 variare in base alle caratteristiche di ruvidit\u00e0, porosit\u00e0 e assorbimento dei supporti.<\/p>\n\n    <div class=\"xs_social_share_widget xs_share_url after_content \t\tmain_content  wslu-style-1 wslu-share-box-shaped wslu-fill-colored wslu-none wslu-share-horizontal wslu-theme-font-no wslu-main_content\">\n\n\t\t\n        <ul>\n\t\t\t        <\/ul>\n    <\/div>","protected":false},"excerpt":{"rendered":"<p>Primer epossidico bicomponente per pavimenti e pareti all\u2019interno e pareti all\u2019esterno.<\/p>","protected":false},"featured_media":29479,"comment_status":"open","ping_status":"closed","template":"","meta":[],"pwb-brand":[],"product_brand":[],"product_cat":[3885,3898,3888,3876,6872,3875],"product_tag":[6863],"class_list":{"0":"post-28701","1":"product","2":"type-product","3":"status-publish","4":"has-post-thumbnail","6":"product_cat-bicomponenti","7":"product_cat-colorati","8":"product_cat-fondo-interni","9":"product_cat-interni","10":"product_cat-speciali","11":"product_cat-vernici","12":"product_tag-sikkens","13":"pa_litri-1-l","14":"pa_litri-25-l","16":"first","17":"instock","18":"sale","19":"taxable","20":"shipping-taxable","21":"purchasable","22":"product-type-variable","23":"has-default-attributes"},"brands":[{"id":3861,"name":"Sikkens","slug":"sikkens"}],"_links":{"self":[{"href":"https:\/\/colorsofmaster.com\/es\/wp-json\/wp\/v2\/product\/28701","targetHints":{"allow":["GET"]}}],"collection":[{"href":"https:\/\/colorsofmaster.com\/es\/wp-json\/wp\/v2\/product"}],"about":[{"href":"https:\/\/colorsofmaster.com\/es\/wp-json\/wp\/v2\/types\/product"}],"replies":[{"embeddable":true,"href":"https:\/\/colorsofmaster.com\/es\/wp-json\/wp\/v2\/comments?post=28701"}],"wp:featuredmedia":[{"embeddable":true,"href":"https:\/\/colorsofmaster.com\/es\/wp-json\/wp\/v2\/media\/29479"}],"wp:attachment":[{"href":"https:\/\/colorsofmaster.com\/es\/wp-json\/wp\/v2\/media?parent=28701"}],"wp:term":[{"taxonomy":"pwb-brand","embeddable":true,"href":"https:\/\/colorsofmaster.com\/es\/wp-json\/wp\/v2\/pwb-brand?post=28701"},{"taxonomy":"product_brand","embeddable":true,"href":"https:\/\/colorsofmaster.com\/es\/wp-json\/wp\/v2\/product_brand?post=28701"},{"taxonomy":"product_cat","embeddable":true,"href":"https:\/\/colorsofmaster.com\/es\/wp-json\/wp\/v2\/product_cat?post=28701"},{"taxonomy":"product_tag","embeddable":true,"href":"https:\/\/colorsofmaster.com\/es\/wp-json\/wp\/v2\/product_tag?post=28701"}],"curies":[{"name":"wp","href":"https:\/\/api.w.org\/{rel}","templated":true}]}}