{"id":19003,"date":"2022-07-21T13:32:21","date_gmt":"2022-07-21T11:32:21","guid":{"rendered":"https:\/\/colorsofmaster.com\/?product=mirka-aspiratore-1230-l-afc-eu-230v"},"modified":"2026-04-12T23:28:50","modified_gmt":"2026-04-12T21:28:50","slug":"mirka-aspiratore-1025-l-pc-eu-230v-1","status":"publish","type":"product","link":"https:\/\/colorsofmaster.com\/es\/product\/mirka-aspiratore-1025-l-pc-eu-230v-1\/","title":{"rendered":"Aspirador Mirka 1230 L AFC EU 230V"},"content":{"rendered":"<p><span style=\"font-weight: 600; padding-top: 1em; display: block;\">Contenido:<\/span><br \/>\n- Aspirador 1230L EU 230V Agitaci\u00f3n Autom\u00e1tica<br \/>\n- Cable de alimentaci\u00f3n<br \/>\n- 1x Bolsa de aspiraci\u00f3n<br \/>\n- Manual de instrucciones<br \/>\n- Condiciones de la garant\u00eda 2+1<\/p>\n<p><span style=\"font-weight: 600; padding-top: 1em; display: block; color: red;\">Manguera de aspiraci\u00f3n NO incluida<\/span><\/p>\n\n    <div class=\"xs_social_share_widget xs_share_url after_content \t\tmain_content  wslu-style-1 wslu-share-box-shaped wslu-fill-colored wslu-none wslu-share-horizontal wslu-theme-font-no wslu-main_content\">\n\n\t\t\n        <ul>\n\t\t\t        <\/ul>\n    <\/div>","protected":false},"excerpt":{"rendered":"<p>El aspirador AFC Mirka\u00ae 1230 L es una herramienta profesional de clase L con un motor de 1200 W y una eficiente turbina que genera 250 mbar de succi\u00f3n con un caudal de aire de 4500 l\/min.<\/p>\n<p>&nbsp;<\/p>\n<p>Est\u00e1 equipada con el sistema de sacudida autom\u00e1tica del filtro, que descarga el polvo y garantiza un rendimiento constante, y la funci\u00f3n Auto-start para el arranque autom\u00e1tico de la herramienta conectada.<\/p>\n<p>&nbsp;<\/p>\n<p>Est\u00e1 equipada con soportes para enrollar el cable y la manguera de forma ordenada y con ruedas grandes para facilitar el desplazamiento incluso en suelos irregulares.<\/p>","protected":false},"featured_media":26350,"comment_status":"open","ping_status":"closed","template":"","meta":[],"pwb-brand":[],"product_brand":[],"product_cat":[3971,3968],"product_tag":[],"class_list":{"0":"post-19003","1":"product","2":"type-product","3":"status-publish","4":"has-post-thumbnail","6":"product_cat-mirka-10","7":"product_cat-utensili","9":"first","10":"instock","11":"sale","12":"taxable","13":"shipping-taxable","14":"purchasable","15":"product-type-simple"},"brands":[{"id":6853,"name":"Mirka","slug":"mirka"}],"_links":{"self":[{"href":"https:\/\/colorsofmaster.com\/es\/wp-json\/wp\/v2\/product\/19003","targetHints":{"allow":["GET"]}}],"collection":[{"href":"https:\/\/colorsofmaster.com\/es\/wp-json\/wp\/v2\/product"}],"about":[{"href":"https:\/\/colorsofmaster.com\/es\/wp-json\/wp\/v2\/types\/product"}],"replies":[{"embeddable":true,"href":"https:\/\/colorsofmaster.com\/es\/wp-json\/wp\/v2\/comments?post=19003"}],"wp:featuredmedia":[{"embeddable":true,"href":"https:\/\/colorsofmaster.com\/es\/wp-json\/wp\/v2\/media\/26350"}],"wp:attachment":[{"href":"https:\/\/colorsofmaster.com\/es\/wp-json\/wp\/v2\/media?parent=19003"}],"wp:term":[{"taxonomy":"pwb-brand","embeddable":true,"href":"https:\/\/colorsofmaster.com\/es\/wp-json\/wp\/v2\/pwb-brand?post=19003"},{"taxonomy":"product_brand","embeddable":true,"href":"https:\/\/colorsofmaster.com\/es\/wp-json\/wp\/v2\/product_brand?post=19003"},{"taxonomy":"product_cat","embeddable":true,"href":"https:\/\/colorsofmaster.com\/es\/wp-json\/wp\/v2\/product_cat?post=19003"},{"taxonomy":"product_tag","embeddable":true,"href":"https:\/\/colorsofmaster.com\/es\/wp-json\/wp\/v2\/product_tag?post=19003"}],"curies":[{"name":"wp","href":"https:\/\/api.w.org\/{rel}","templated":true}]}}