{"id":18687,"date":"2021-09-30T23:38:29","date_gmt":"2021-09-30T21:38:29","guid":{"rendered":"https:\/\/colorsofmaster.com\/?product=valpaint-rococo%e2%80%99-stucco-veneziano-500-alla-calce"},"modified":"2026-03-09T17:47:34","modified_gmt":"2026-03-09T16:47:34","slug":"valpaint-rococo-stucco-veneziano-500-alla-calce","status":"publish","type":"product","link":"https:\/\/colorsofmaster.com\/es\/product\/valpaint-rococo-stucco-veneziano-500-alla-calce\/","title":{"rendered":"VALPAINT ROCOCO' ESTUCO VENEZIANO 500 A LA CAL"},"content":{"rendered":"<p><span style=\"color: #ffffff;\">-<\/span><\/p>\n<p>Revestimientos altamente transpirables para la decoraci\u00f3n de interiores, incluidos los de importancia hist\u00f3rica y art\u00edstica<\/p>\n\n    <div class=\"xs_social_share_widget xs_share_url after_content \t\tmain_content  wslu-style-1 wslu-share-box-shaped wslu-fill-colored wslu-none wslu-share-horizontal wslu-theme-font-no wslu-main_content\">\n\n\t\t\n        <ul>\n\t\t\t        <\/ul>\n    <\/div>","protected":false},"excerpt":{"rendered":"<p>Revestimiento mineral<\/p>\n<p>&nbsp;<\/p>\n<p>N.B.: Para obtener los colores indicados en la carta de colores, PRIMER 1200 debe aplicarse como imprimaci\u00f3n.<\/p>","protected":false},"featured_media":18688,"comment_status":"open","ping_status":"closed","template":"","meta":[],"pwb-brand":[],"product_brand":[],"product_cat":[3882,3890,3876,3933,3875],"product_tag":[],"class_list":{"0":"post-18687","1":"product","2":"type-product","3":"status-publish","4":"has-post-thumbnail","6":"product_cat-decorativi","7":"product_cat-finiture","8":"product_cat-interni","9":"product_cat-stucchi-1","10":"product_cat-vernici","11":"pa_litri-1-l","12":"pa_litri-12-l","13":"pa_litri-4-l","14":"pa_palette-rococo","16":"first","17":"instock","18":"sale","19":"taxable","20":"shipping-taxable","21":"purchasable","22":"product-type-variable","23":"has-default-attributes"},"brands":[{"id":3863,"name":"Valpaint","slug":"valpaint"}],"_links":{"self":[{"href":"https:\/\/colorsofmaster.com\/es\/wp-json\/wp\/v2\/product\/18687","targetHints":{"allow":["GET"]}}],"collection":[{"href":"https:\/\/colorsofmaster.com\/es\/wp-json\/wp\/v2\/product"}],"about":[{"href":"https:\/\/colorsofmaster.com\/es\/wp-json\/wp\/v2\/types\/product"}],"replies":[{"embeddable":true,"href":"https:\/\/colorsofmaster.com\/es\/wp-json\/wp\/v2\/comments?post=18687"}],"wp:featuredmedia":[{"embeddable":true,"href":"https:\/\/colorsofmaster.com\/es\/wp-json\/wp\/v2\/media\/18688"}],"wp:attachment":[{"href":"https:\/\/colorsofmaster.com\/es\/wp-json\/wp\/v2\/media?parent=18687"}],"wp:term":[{"taxonomy":"pwb-brand","embeddable":true,"href":"https:\/\/colorsofmaster.com\/es\/wp-json\/wp\/v2\/pwb-brand?post=18687"},{"taxonomy":"product_brand","embeddable":true,"href":"https:\/\/colorsofmaster.com\/es\/wp-json\/wp\/v2\/product_brand?post=18687"},{"taxonomy":"product_cat","embeddable":true,"href":"https:\/\/colorsofmaster.com\/es\/wp-json\/wp\/v2\/product_cat?post=18687"},{"taxonomy":"product_tag","embeddable":true,"href":"https:\/\/colorsofmaster.com\/es\/wp-json\/wp\/v2\/product_tag?post=18687"}],"curies":[{"name":"wp","href":"https:\/\/api.w.org\/{rel}","templated":true}]}}