{"id":17400,"date":"2021-04-19T17:42:00","date_gmt":"2021-04-19T15:42:00","guid":{"rendered":"https:\/\/colorsofmaster.com\/?product=nord-resine-pro-tiler"},"modified":"2026-02-20T14:57:44","modified_gmt":"2026-02-20T13:57:44","slug":"nord-resine-pro-tiler","status":"publish","type":"product","link":"https:\/\/colorsofmaster.com\/es\/product\/nord-resine-pro-tiler\/","title":{"rendered":"RESINAS NORTH PRO-TILER"},"content":{"rendered":"<div class=\"xs_social_share_widget xs_share_url after_content \t\tmain_content  wslu-style-1 wslu-share-box-shaped wslu-fill-colored wslu-none wslu-share-horizontal wslu-theme-font-no wslu-main_content\">\n\n\t\t\n        <ul>\n\t\t\t        <\/ul>\n    <\/div>","protected":false},"excerpt":{"rendered":"<p>Protector hidr\u00f3fugo y antiadherente bif\u00e1sico para la impermeabilizaci\u00f3n de juntas y la impermeabilizaci\u00f3n \u00e1cida de estructuras de cemento....<\/p>","protected":false},"featured_media":26297,"comment_status":"open","ping_status":"closed","template":"","meta":[],"pwb-brand":[],"product_brand":[],"product_cat":[3881,3924],"product_tag":[],"class_list":{"0":"post-17400","1":"product","2":"type-product","3":"status-publish","4":"has-post-thumbnail","6":"product_cat-accessori","7":"product_cat-protettivi","9":"first","10":"instock","11":"sale","12":"taxable","13":"shipping-taxable","14":"purchasable","15":"product-type-simple"},"brands":[],"_links":{"self":[{"href":"https:\/\/colorsofmaster.com\/es\/wp-json\/wp\/v2\/product\/17400","targetHints":{"allow":["GET"]}}],"collection":[{"href":"https:\/\/colorsofmaster.com\/es\/wp-json\/wp\/v2\/product"}],"about":[{"href":"https:\/\/colorsofmaster.com\/es\/wp-json\/wp\/v2\/types\/product"}],"replies":[{"embeddable":true,"href":"https:\/\/colorsofmaster.com\/es\/wp-json\/wp\/v2\/comments?post=17400"}],"wp:featuredmedia":[{"embeddable":true,"href":"https:\/\/colorsofmaster.com\/es\/wp-json\/wp\/v2\/media\/26297"}],"wp:attachment":[{"href":"https:\/\/colorsofmaster.com\/es\/wp-json\/wp\/v2\/media?parent=17400"}],"wp:term":[{"taxonomy":"pwb-brand","embeddable":true,"href":"https:\/\/colorsofmaster.com\/es\/wp-json\/wp\/v2\/pwb-brand?post=17400"},{"taxonomy":"product_brand","embeddable":true,"href":"https:\/\/colorsofmaster.com\/es\/wp-json\/wp\/v2\/product_brand?post=17400"},{"taxonomy":"product_cat","embeddable":true,"href":"https:\/\/colorsofmaster.com\/es\/wp-json\/wp\/v2\/product_cat?post=17400"},{"taxonomy":"product_tag","embeddable":true,"href":"https:\/\/colorsofmaster.com\/es\/wp-json\/wp\/v2\/product_tag?post=17400"}],"curies":[{"name":"wp","href":"https:\/\/api.w.org\/{rel}","templated":true}]}}