{"id":15413,"date":"2020-12-16T00:32:00","date_gmt":"2020-12-15T23:32:00","guid":{"rendered":"https:\/\/colorsofmaster.com\/?product=sikkens-redox-ak-ferrotop-smalto-sintetico-lucido-per-ferro"},"modified":"2026-05-05T16:03:50","modified_gmt":"2026-05-05T14:03:50","slug":"redox-ak-ferrotop-sikkens-smalto-sintetico-lucido-per-ferro","status":"publish","type":"product","link":"https:\/\/colorsofmaster.com\/es\/product\/redox-ak-ferrotop-sikkens-smalto-sintetico-lucido-per-ferro\/","title":{"rendered":"SIKKENS REDOX AK FERROTOP Abrillantador sint\u00e9tico de alto brillo para hierro"},"content":{"rendered":"<p>Propriet\u00e0 anticorrosive sulle opere in ferro.<\/p>\n<p>Excelente retenci\u00f3n del brillo.<\/p>\n<p>Facile applicazione.<\/p>\n<p>Aspetto lucido.<\/p>\n<p>Ottimo potere coprente.<\/p>\n<p><span style=\"font-weight: 600; padding-top: 1em; display: block;\">Caracter\u00edsticas principales:<\/span><\/p>\n<p>Prodotto monocomponente: indicato come fondo, mano intermedia e finitura<\/p>\n<p><span style=\"font-weight: 600; padding-top: 1em; display: block;\">Caracter\u00edsticas t\u00e9cnicas:<\/span><\/p>\n<p>Seco al tacto: Seco al tacto despu\u00e9s de 6 h.<\/p>\n<p>Repintable: Repintable despu\u00e9s de 24 h.<\/p>\n<p>Rendimiento: 11-12 m\u00b2\/l por mano. El rendimiento puede variar en funci\u00f3n de la rugosidad, porosidad y caracter\u00edsticas de absorci\u00f3n de los soportes y del sistema de aplicaci\u00f3n utilizado.<\/p>\n<p>Para obtener informaci\u00f3n detallada y antes de utilizar el producto, consulte la ficha t\u00e9cnica correspondiente.<\/p>\n\n    <div class=\"xs_social_share_widget xs_share_url after_content \t\tmain_content  wslu-style-1 wslu-share-box-shaped wslu-fill-colored wslu-none wslu-share-horizontal wslu-theme-font-no wslu-main_content\">\n\n\t\t\n        <ul>\n\t\t\t        <\/ul>\n    <\/div>","protected":false},"excerpt":{"rendered":"<p>Esmalte sint\u00e9tico brillante de uso exterior\/interior para el tratamiento de superficies de hierro, con propiedades antioxidantes....<\/p>","protected":false},"featured_media":26701,"comment_status":"open","ping_status":"closed","template":"","meta":[],"pwb-brand":[3861],"product_brand":[],"product_cat":[3875,3878,3880,3898],"product_tag":[6863],"class_list":{"0":"post-15413","1":"product","2":"type-product","3":"status-publish","4":"has-post-thumbnail","6":"pwb-brand-sikkens","7":"product_cat-vernici","8":"product_cat-smalti","9":"product_cat-sintetico","10":"product_cat-colorati","11":"product_tag-sikkens","12":"pa_litri-1-l","13":"pa_litri-25-l","14":"pa_palette-5051-color-concept","15":"pa_palette-ncs","16":"pa_palette-ral","18":"first","19":"instock","20":"sale","21":"taxable","22":"shipping-taxable","23":"purchasable","24":"product-type-variable","25":"has-default-attributes"},"brands":[{"id":3861,"name":"Sikkens","slug":"sikkens"}],"_links":{"self":[{"href":"https:\/\/colorsofmaster.com\/es\/wp-json\/wp\/v2\/product\/15413","targetHints":{"allow":["GET"]}}],"collection":[{"href":"https:\/\/colorsofmaster.com\/es\/wp-json\/wp\/v2\/product"}],"about":[{"href":"https:\/\/colorsofmaster.com\/es\/wp-json\/wp\/v2\/types\/product"}],"replies":[{"embeddable":true,"href":"https:\/\/colorsofmaster.com\/es\/wp-json\/wp\/v2\/comments?post=15413"}],"wp:featuredmedia":[{"embeddable":true,"href":"https:\/\/colorsofmaster.com\/es\/wp-json\/wp\/v2\/media\/26701"}],"wp:attachment":[{"href":"https:\/\/colorsofmaster.com\/es\/wp-json\/wp\/v2\/media?parent=15413"}],"wp:term":[{"taxonomy":"pwb-brand","embeddable":true,"href":"https:\/\/colorsofmaster.com\/es\/wp-json\/wp\/v2\/pwb-brand?post=15413"},{"taxonomy":"product_brand","embeddable":true,"href":"https:\/\/colorsofmaster.com\/es\/wp-json\/wp\/v2\/product_brand?post=15413"},{"taxonomy":"product_cat","embeddable":true,"href":"https:\/\/colorsofmaster.com\/es\/wp-json\/wp\/v2\/product_cat?post=15413"},{"taxonomy":"product_tag","embeddable":true,"href":"https:\/\/colorsofmaster.com\/es\/wp-json\/wp\/v2\/product_tag?post=15413"}],"curies":[{"name":"wp","href":"https:\/\/api.w.org\/{rel}","templated":true}]}}