{"id":15240,"date":"2020-12-15T19:34:00","date_gmt":"2020-12-15T18:34:00","guid":{"rendered":"https:\/\/colorsofmaster.com\/?product=sikkens-alpha-design-finitura-decorativa-all%e2%80%99acqua"},"modified":"2026-02-11T19:21:12","modified_gmt":"2026-02-11T18:21:12","slug":"alpha-design-sikkens-finitura-decorativa-allacqua","status":"publish","type":"product","link":"https:\/\/colorsofmaster.com\/es\/product\/alpha-design-sikkens-finitura-decorativa-allacqua\/","title":{"rendered":"SIKKENS ALPHA DESIGN Acabado decorativo al agua"},"content":{"rendered":"<table style=\"height: 110px; width: 600px;\" border=\"2\" width=\"600\">\n<tbody>\n<tr>\n<td style=\"text-align: center;\"><b><i>Fondo<\/i><\/b><\/td>\n<td style=\"text-align: center;\"><span style=\"text-decoration: underline;\"><span style=\"text-decoration: underline;\"><a href=\"https:\/\/colorsofmaster.com\/fondi\/1308-sikkens-fondo-alpha-effects-effetto-extra.html\">FONDO DE EFECTOS ALFA<\/a><br \/>\n<\/span><\/span><\/td>\n<\/tr>\n<tr>\n<td style=\"text-align: center;\"><b><i>Acabado<\/i><\/b><\/td>\n<td style=\"text-align: center;\">DISE\u00d1O ALFA<\/td>\n<\/tr>\n<\/tbody>\n<\/table>\n<p><span style=\"color: #ffffff;\">&#8211;<\/span><\/p>\n<p>Efecto metalizado muy decorativo.<\/p>\n<p>F\u00e1cil de aplicar.<\/p>\n<p>Alta lavabilidad.<\/p>\n<p>Resistente a los ara\u00f1azos y al desgaste.<\/p>\n<p>Repintable con cualquier pintura al agua.<\/p>\n<p><span style=\"font-weight: 600; padding-top: 1em; display: block;\">Caracter\u00edsticas principales:<\/span><\/p>\n<p>Aspecto met\u00e1lico, alta resistencia a la abrasi\u00f3n en h\u00famedo<\/p>\n<p><span style=\"font-weight: 600; padding-top: 1em; display: block;\">Caracter\u00edsticas t\u00e9cnicas:<\/span><\/p>\n<p>Seco al tacto: Seco al tacto despu\u00e9s de 1-2 h.<\/p>\n<p>Repintable: Repintable despu\u00e9s de 4-6 h.<\/p>\n<p>Rendimiento: 14-16 m\u00b2\/l por mano. El rendimiento puede variar en funci\u00f3n del efecto est\u00e9tico que se desee conseguir y de las caracter\u00edsticas de rugosidad, porosidad y absorci\u00f3n de los soportes.<\/p>\n<p>Para obtener informaci\u00f3n detallada y antes de utilizar el producto, consulte la ficha t\u00e9cnica correspondiente.<\/p>\n\n    <div class=\"xs_social_share_widget xs_share_url after_content \t\tmain_content  wslu-style-1 wslu-share-box-shaped wslu-fill-colored wslu-none wslu-share-horizontal wslu-theme-font-no wslu-main_content\">\n\n\t\t\n        <ul>\n\t\t\t        <\/ul>\n    <\/div>","protected":false},"excerpt":{"rendered":"<p>Acabado decorativo al agua para interiores de aspecto met\u00e1lico.<\/p>","protected":false},"featured_media":26631,"comment_status":"open","ping_status":"closed","template":"","meta":[],"pwb-brand":[],"product_brand":[],"product_cat":[3898,3882,3890,3875],"product_tag":[6863],"class_list":{"0":"post-15240","1":"product","2":"type-product","3":"status-publish","4":"has-post-thumbnail","6":"product_cat-colorati","7":"product_cat-decorativi","8":"product_cat-finiture","9":"product_cat-vernici","10":"product_tag-sikkens","11":"pa_litri-1-l","12":"pa_litri-25-l","13":"pa_palette-alpha-design","15":"first","16":"instock","17":"sale","18":"taxable","19":"shipping-taxable","20":"purchasable","21":"product-type-variable","22":"has-default-attributes"},"brands":[{"id":3861,"name":"Sikkens","slug":"sikkens"}],"_links":{"self":[{"href":"https:\/\/colorsofmaster.com\/es\/wp-json\/wp\/v2\/product\/15240","targetHints":{"allow":["GET"]}}],"collection":[{"href":"https:\/\/colorsofmaster.com\/es\/wp-json\/wp\/v2\/product"}],"about":[{"href":"https:\/\/colorsofmaster.com\/es\/wp-json\/wp\/v2\/types\/product"}],"replies":[{"embeddable":true,"href":"https:\/\/colorsofmaster.com\/es\/wp-json\/wp\/v2\/comments?post=15240"}],"wp:featuredmedia":[{"embeddable":true,"href":"https:\/\/colorsofmaster.com\/es\/wp-json\/wp\/v2\/media\/26631"}],"wp:attachment":[{"href":"https:\/\/colorsofmaster.com\/es\/wp-json\/wp\/v2\/media?parent=15240"}],"wp:term":[{"taxonomy":"pwb-brand","embeddable":true,"href":"https:\/\/colorsofmaster.com\/es\/wp-json\/wp\/v2\/pwb-brand?post=15240"},{"taxonomy":"product_brand","embeddable":true,"href":"https:\/\/colorsofmaster.com\/es\/wp-json\/wp\/v2\/product_brand?post=15240"},{"taxonomy":"product_cat","embeddable":true,"href":"https:\/\/colorsofmaster.com\/es\/wp-json\/wp\/v2\/product_cat?post=15240"},{"taxonomy":"product_tag","embeddable":true,"href":"https:\/\/colorsofmaster.com\/es\/wp-json\/wp\/v2\/product_tag?post=15240"}],"curies":[{"name":"wp","href":"https:\/\/api.w.org\/{rel}","templated":true}]}}