{"id":15130,"date":"2020-12-08T14:12:08","date_gmt":"2020-12-08T13:12:08","guid":{"rendered":"https:\/\/colorsofmaster.com\/?product=casati-newquarz-evo-idropittura-acril-silossanica-al-quarzo"},"modified":"2026-04-13T21:52:05","modified_gmt":"2026-04-13T19:52:05","slug":"casati-newquarz-evo-idropittura-acril-silossanica-al-quarzo","status":"publish","type":"product","link":"https:\/\/colorsofmaster.com\/es\/product\/casati-newquarz-evo-idropittura-acril-silossanica-al-quarzo\/","title":{"rendered":"CASATI NEWQUARZ EVO Pintura al agua acr\u00edlico-silox\u00e1nica de cuarzo"},"content":{"rendered":"<p>Es una pintura al agua superlavable para exteriores, adecuadamente formulada para soportar ambientes industriales y la acci\u00f3n de la lluvia \u00e1cida, a base de pol\u00edmeros acrilo-silox\u00e1nicos, cuarzos y pigmentos de alta calidad. Newquarz Evo destaca por su gran estabilidad a la luz y resistencia a los agentes atmosf\u00e9ricos.<\/p>\n<p><span style=\"color: #ffffff;\">-<\/span><\/p>\n<p>Es un producto altamente hidr\u00f3fugo que garantiza una alta transpirabilidad manteniendo la solidez del color a lo largo del tiempo. Newquarz Evo tiene un buen poder de relleno, alta cubrici\u00f3n, resistencia a los \u00e1lcalis y excelente adherencia sobre cualquier superficie de pared limpia y seca.<\/p>\n<p><span style=\"color: #ffffff;\">-<\/span><\/p>\n<p>Esta pintura contiene aditivos especiales adecuados para sanear e higienizar paredes sujetas al ataque del moho, por lo que es apta para estancias sujetas a humedad.<\/p>\n<p><span style=\"color: #ffffff;\">-<\/span><\/p>\n<p>Sin disolventes.<\/p>\n<p>Aspecto opaco.<\/p>\n<p>Sanear y desinfectar.<\/p>\n<p>Gran resistencia a la intemperie.<\/p>\n<p>Buen poder de relleno.<\/p>\n<p>Buena resistencia a los \u00e1lcalis.<\/p>\n<p>Cobertura alta.<\/p>\n<p>Excelente adherencia a cualquier superficie mineral limpia y seca.<\/p>\n<p>Buena permeabilidad al vapor de agua<\/p>\n\n    <div class=\"xs_social_share_widget xs_share_url after_content \t\tmain_content  wslu-style-1 wslu-share-box-shaped wslu-fill-colored wslu-none wslu-share-horizontal wslu-theme-font-no wslu-main_content\">\n\n\t\t\n        <ul>\n\t\t\t        <\/ul>\n    <\/div>","protected":false},"excerpt":{"rendered":"<p>Pintura al agua a base de acrilo-siloxano con gran estabilidad a la luz, propiedades cicatrizantes e higienizantes....<\/p>","protected":false},"featured_media":26036,"comment_status":"open","ping_status":"closed","template":"","meta":[],"pwb-brand":[],"product_brand":[],"product_cat":[3877,3920,3875],"product_tag":[],"class_list":{"0":"post-15130","1":"product","2":"type-product","3":"status-publish","4":"has-post-thumbnail","6":"product_cat-esterni","7":"product_cat-quarzo","8":"product_cat-vernici","9":"pa_litri-075-l","10":"pa_litri-14-l","11":"pa_litri-5-l","12":"pa_palette-5051-color-concept-solo-chiari","13":"pa_palette-match-point-200","14":"pa_palette-ncs-solo-chiari","15":"pa_palette-ral-solo-chiari","17":"first","18":"instock","19":"sale","20":"taxable","21":"shipping-taxable","22":"purchasable","23":"product-type-variable","24":"has-default-attributes"},"brands":[{"id":3864,"name":"Casati","slug":"casati"}],"_links":{"self":[{"href":"https:\/\/colorsofmaster.com\/es\/wp-json\/wp\/v2\/product\/15130","targetHints":{"allow":["GET"]}}],"collection":[{"href":"https:\/\/colorsofmaster.com\/es\/wp-json\/wp\/v2\/product"}],"about":[{"href":"https:\/\/colorsofmaster.com\/es\/wp-json\/wp\/v2\/types\/product"}],"replies":[{"embeddable":true,"href":"https:\/\/colorsofmaster.com\/es\/wp-json\/wp\/v2\/comments?post=15130"}],"wp:featuredmedia":[{"embeddable":true,"href":"https:\/\/colorsofmaster.com\/es\/wp-json\/wp\/v2\/media\/26036"}],"wp:attachment":[{"href":"https:\/\/colorsofmaster.com\/es\/wp-json\/wp\/v2\/media?parent=15130"}],"wp:term":[{"taxonomy":"pwb-brand","embeddable":true,"href":"https:\/\/colorsofmaster.com\/es\/wp-json\/wp\/v2\/pwb-brand?post=15130"},{"taxonomy":"product_brand","embeddable":true,"href":"https:\/\/colorsofmaster.com\/es\/wp-json\/wp\/v2\/product_brand?post=15130"},{"taxonomy":"product_cat","embeddable":true,"href":"https:\/\/colorsofmaster.com\/es\/wp-json\/wp\/v2\/product_cat?post=15130"},{"taxonomy":"product_tag","embeddable":true,"href":"https:\/\/colorsofmaster.com\/es\/wp-json\/wp\/v2\/product_tag?post=15130"}],"curies":[{"name":"wp","href":"https:\/\/api.w.org\/{rel}","templated":true}]}}