{"id":17402,"date":"2021-04-19T17:46:00","date_gmt":"2021-04-19T15:46:00","guid":{"rendered":"https:\/\/colorsofmaster.com\/?product=owatrol-antislip-protettivo-antiscivolo-per-legno-1l"},"modified":"2026-04-08T14:30:42","modified_gmt":"2026-04-08T12:30:42","slug":"antislip-protettivo-antiscivolo-per-legno","status":"publish","type":"product","link":"https:\/\/colorsofmaster.com\/en\/product\/antislip-protettivo-antiscivolo-per-legno\/","title":{"rendered":"OWATROL Antislip Wood Protector 1L"},"content":{"rendered":"<p>La protezione antiscivolo per legno di Owatrol (nota anche come Antigliss) \u00e8 un&#8217;efficace protezione antiscivolo per superfici in legno esterne che contiene microsfere di cera di polipropilene (dimensione delle particelle 100 micron). Fornisce una superficie antiscivolo per il traffico pedonale e una superficie antiscivolo per il traffico su ruote per aiutare a prevenire cadute e slittamenti in aree a rischio di slittamento e slittamento.<\/p>\n<p><span style=\"color: #ffffff;\">-<\/span><\/p>\n<p>A differenza dei prodotti standard in cui la graniglia viene spruzzata su una finitura bagnata, Antislip \u00e8 un prodotto preparato che viene applicato cos\u00ec com&#8217;\u00e8 sul legno. Produce una superficie strutturata pi\u00f9 uniforme e penetra nel legno, legandosi con le fibre per dare una finitura satinata antiscivolo finemente strutturata, flessibile e di lunga durata.<\/p>\n<p><span style=\"color: #ffffff;\">-<\/span><\/p>\n<p>Oltre ai suoi usi pratici, Antislip fornisce anche una finitura decorativa e offre una buona resistenza ai raggi UV e agli agenti atmosferici con prestazioni durature. Aiuta a rallentare il processo di ingrigimento quando il legno \u00e8 esposto ai raggi UV e pu\u00f2 essere utilizzato su tutte le specie di legno, sia nuove che stagionate (compresi legni teneri e duri (sia esotici che latifoglie), legni nuovi e stagionati, piallati e ruvidi legno segato, non trattato e trattato a pressione). \u00c8 facile da applicare e la manutenzione \u00e8 un gioco da ragazzi senza bisogno di carteggiare o sverniciare.<\/p>\n\n    <div class=\"xs_social_share_widget xs_share_url after_content \t\tmain_content  wslu-style-1 wslu-share-box-shaped wslu-fill-colored wslu-none wslu-share-horizontal wslu-theme-font-no wslu-main_content\">\n\n\t\t\n        <ul>\n\t\t\t        <\/ul>\n    <\/div>","protected":false},"excerpt":{"rendered":"<p>Anti-slip protection for all wooden substrates on which one might slip, such as terraces, platforms, kerbs, stairs, etc.....<\/p>","protected":false},"featured_media":26242,"comment_status":"open","ping_status":"closed","template":"","meta":[],"pwb-brand":[],"product_brand":[],"product_cat":[3881],"product_tag":[],"class_list":{"0":"post-17402","1":"product","2":"type-product","3":"status-publish","4":"has-post-thumbnail","6":"product_cat-accessori","8":"first","9":"instock","10":"sale","11":"taxable","12":"shipping-taxable","13":"purchasable","14":"product-type-simple"},"brands":[{"id":3872,"name":"Owatrol","slug":"owatrol"}],"_links":{"self":[{"href":"https:\/\/colorsofmaster.com\/en\/wp-json\/wp\/v2\/product\/17402","targetHints":{"allow":["GET"]}}],"collection":[{"href":"https:\/\/colorsofmaster.com\/en\/wp-json\/wp\/v2\/product"}],"about":[{"href":"https:\/\/colorsofmaster.com\/en\/wp-json\/wp\/v2\/types\/product"}],"replies":[{"embeddable":true,"href":"https:\/\/colorsofmaster.com\/en\/wp-json\/wp\/v2\/comments?post=17402"}],"wp:featuredmedia":[{"embeddable":true,"href":"https:\/\/colorsofmaster.com\/en\/wp-json\/wp\/v2\/media\/26242"}],"wp:attachment":[{"href":"https:\/\/colorsofmaster.com\/en\/wp-json\/wp\/v2\/media?parent=17402"}],"wp:term":[{"taxonomy":"pwb-brand","embeddable":true,"href":"https:\/\/colorsofmaster.com\/en\/wp-json\/wp\/v2\/pwb-brand?post=17402"},{"taxonomy":"product_brand","embeddable":true,"href":"https:\/\/colorsofmaster.com\/en\/wp-json\/wp\/v2\/product_brand?post=17402"},{"taxonomy":"product_cat","embeddable":true,"href":"https:\/\/colorsofmaster.com\/en\/wp-json\/wp\/v2\/product_cat?post=17402"},{"taxonomy":"product_tag","embeddable":true,"href":"https:\/\/colorsofmaster.com\/en\/wp-json\/wp\/v2\/product_tag?post=17402"}],"curies":[{"name":"wp","href":"https:\/\/api.w.org\/{rel}","templated":true}]}}