{"id":15311,"date":"2020-12-15T23:49:00","date_gmt":"2020-12-15T22:49:00","guid":{"rendered":"https:\/\/colorsofmaster.com\/?product=sikkens-cetol-blx-pro-impregnante-all%e2%80%99acqua-per-esterno"},"modified":"2026-04-28T19:46:19","modified_gmt":"2026-04-28T17:46:19","slug":"cetol-blx-pro-sikkens-impregnante-allacqua-per-esterno","status":"publish","type":"product","link":"https:\/\/colorsofmaster.com\/en\/product\/cetol-blx-pro-sikkens-impregnante-allacqua-per-esterno\/","title":{"rendered":"SIKKENS CETOL BLX PRO Water-based impregnating agent for exterior use"},"content":{"rendered":"<p>Water-based primer and top coat for wood applications, for outdoor use, with long open time and excellent final appearance....<\/p>\n<p><span style=\"font-weight: 600; padding-top: 1em; display: block;\">Properties:<\/span><\/p>\n<p>Applicabile come mano di fondo e finitura su manufatti in legno dimensionalmente non stabili come: staccionate, cancelli ecc.<\/p>\n<p>Applicabile come mano di fondo su manufatti in legno dimensionalmente stabili come: serramenti, persiane ecc.<\/p>\n<p>Facile da applicare e con lungo tempo di lavorabilit\u00e0.<\/p>\n<p>Good dilatation.<\/p>\n<p><span style=\"font-weight: 600; padding-top: 1em; display: block;\">Main features:<\/span><\/p>\n<p>Prodotto Ecosure a rapida essiccazione<\/p>\n<p><span style=\"font-weight: 600; padding-top: 1em; display: block;\">Technical characteristics:<\/span><\/p>\n<p>Asciutto al tatto: Secco al tatto dopo 2 h.<\/p>\n<p>Sovraverniciabile: Sovraverniciabile dopo 4 h.<\/p>\n<p>Resa: 16-18 m\u00b2\/l per mano. La resa pu\u00f2 variare in base alle caratteristiche di ruvidit\u00e0, porosit\u00e0 e assorbimento dei supporti.<\/p>\n<p>For detailed information and before using the product, please consult the relevant data sheet.<\/p>\n\n    <div class=\"xs_social_share_widget xs_share_url after_content \t\tmain_content  wslu-style-1 wslu-share-box-shaped wslu-fill-colored wslu-none wslu-share-horizontal wslu-theme-font-no wslu-main_content\">\n\n\t\t\n        <ul>\n\t\t\t        <\/ul>\n    <\/div>","protected":false},"excerpt":{"rendered":"<p>Water-based primer and top coat for wood applications, for outdoor use, with long open time and excellent final appearance....<\/p>","protected":false},"featured_media":26673,"comment_status":"open","ping_status":"closed","template":"","meta":[],"pwb-brand":[3861],"product_brand":[],"product_cat":[3898,3937,3938,3883,3928,3875],"product_tag":[6863],"class_list":{"0":"post-15311","1":"product","2":"type-product","3":"status-publish","4":"has-post-thumbnail","6":"pwb-brand-sikkens","7":"product_cat-colorati","8":"product_cat-finiture-1","9":"product_cat-fondo-finitura","10":"product_cat-legno","11":"product_cat-acqua-1","12":"product_cat-vernici","13":"product_tag-sikkens","14":"pa_litri-1-l","15":"pa_litri-15-l","16":"pa_litri-25-l","17":"pa_palette-cetol","19":"first","20":"instock","21":"sale","22":"taxable","23":"shipping-taxable","24":"purchasable","25":"product-type-variable","26":"has-default-attributes"},"brands":[{"id":3861,"name":"Sikkens","slug":"sikkens"}],"_links":{"self":[{"href":"https:\/\/colorsofmaster.com\/en\/wp-json\/wp\/v2\/product\/15311","targetHints":{"allow":["GET"]}}],"collection":[{"href":"https:\/\/colorsofmaster.com\/en\/wp-json\/wp\/v2\/product"}],"about":[{"href":"https:\/\/colorsofmaster.com\/en\/wp-json\/wp\/v2\/types\/product"}],"replies":[{"embeddable":true,"href":"https:\/\/colorsofmaster.com\/en\/wp-json\/wp\/v2\/comments?post=15311"}],"wp:featuredmedia":[{"embeddable":true,"href":"https:\/\/colorsofmaster.com\/en\/wp-json\/wp\/v2\/media\/26673"}],"wp:attachment":[{"href":"https:\/\/colorsofmaster.com\/en\/wp-json\/wp\/v2\/media?parent=15311"}],"wp:term":[{"taxonomy":"pwb-brand","embeddable":true,"href":"https:\/\/colorsofmaster.com\/en\/wp-json\/wp\/v2\/pwb-brand?post=15311"},{"taxonomy":"product_brand","embeddable":true,"href":"https:\/\/colorsofmaster.com\/en\/wp-json\/wp\/v2\/product_brand?post=15311"},{"taxonomy":"product_cat","embeddable":true,"href":"https:\/\/colorsofmaster.com\/en\/wp-json\/wp\/v2\/product_cat?post=15311"},{"taxonomy":"product_tag","embeddable":true,"href":"https:\/\/colorsofmaster.com\/en\/wp-json\/wp\/v2\/product_tag?post=15311"}],"curies":[{"name":"wp","href":"https:\/\/api.w.org\/{rel}","templated":true}]}}