{"id":28390,"date":"2024-02-26T22:13:00","date_gmt":"2024-02-26T21:13:00","guid":{"rendered":"https:\/\/colorsofmaster.com\/?post_type=product&#038;p=28390"},"modified":"2026-04-13T12:12:07","modified_gmt":"2026-04-13T10:12:07","slug":"cebos-cebostyle-antico-alluminio","status":"publish","type":"product","link":"https:\/\/colorsofmaster.com\/de\/product\/cebos-cebostyle-antico-alluminio\/","title":{"rendered":"CEBOS CeboStyle Aluminium antik"},"content":{"rendered":"<p>Abwaschbarer, undurchsichtiger Acryllack auf Wasserbasis f\u00fcr Innenr\u00e4ume mit Metallic-Effekt. Mit ihm lassen sich Oberfl\u00e4chen mit besonderen Lichtkontrasten erzielen, die sowohl klassische als auch moderne Umgebungen im Einklang mit den aktuellen Trends in der Inneneinrichtung aufwerten.<\/p>\n\n    <div class=\"xs_social_share_widget xs_share_url after_content \t\tmain_content  wslu-style-1 wslu-share-box-shaped wslu-fill-colored wslu-none wslu-share-horizontal wslu-theme-font-no wslu-main_content\">\n\n\t\t\n        <ul>\n\t\t\t        <\/ul>\n    <\/div>","protected":false},"excerpt":{"rendered":"<p>Reine Emotionen flie\u00dfen aus rohen Metallen.<br \/>\nMetallische Nuancen folgen dem Charakter der Oberfl\u00e4chen, in Form einer leichten Pr\u00e4gung oder einer ausgepr\u00e4gten Rauheit.<\/p>","protected":false},"featured_media":29388,"comment_status":"open","ping_status":"closed","template":"","meta":[],"pwb-brand":[],"product_brand":[],"product_cat":[3882,3890,3876,3875],"product_tag":[],"class_list":{"0":"post-28390","1":"product","2":"type-product","3":"status-publish","4":"has-post-thumbnail","6":"product_cat-decorativi","7":"product_cat-finiture","8":"product_cat-interni","9":"product_cat-vernici","10":"pa_litri-05-l","11":"pa_litri-1-l","12":"pa_litri-25-l","13":"pa_palette-cebostyle-antico-aluminium","15":"first","16":"instock","17":"sale","18":"taxable","19":"shipping-taxable","20":"purchasable","21":"product-type-variable","22":"has-default-attributes"},"brands":[{"id":3865,"name":"Cebos","slug":"cebos"}],"_links":{"self":[{"href":"https:\/\/colorsofmaster.com\/de\/wp-json\/wp\/v2\/product\/28390","targetHints":{"allow":["GET"]}}],"collection":[{"href":"https:\/\/colorsofmaster.com\/de\/wp-json\/wp\/v2\/product"}],"about":[{"href":"https:\/\/colorsofmaster.com\/de\/wp-json\/wp\/v2\/types\/product"}],"replies":[{"embeddable":true,"href":"https:\/\/colorsofmaster.com\/de\/wp-json\/wp\/v2\/comments?post=28390"}],"wp:featuredmedia":[{"embeddable":true,"href":"https:\/\/colorsofmaster.com\/de\/wp-json\/wp\/v2\/media\/29388"}],"wp:attachment":[{"href":"https:\/\/colorsofmaster.com\/de\/wp-json\/wp\/v2\/media?parent=28390"}],"wp:term":[{"taxonomy":"pwb-brand","embeddable":true,"href":"https:\/\/colorsofmaster.com\/de\/wp-json\/wp\/v2\/pwb-brand?post=28390"},{"taxonomy":"product_brand","embeddable":true,"href":"https:\/\/colorsofmaster.com\/de\/wp-json\/wp\/v2\/product_brand?post=28390"},{"taxonomy":"product_cat","embeddable":true,"href":"https:\/\/colorsofmaster.com\/de\/wp-json\/wp\/v2\/product_cat?post=28390"},{"taxonomy":"product_tag","embeddable":true,"href":"https:\/\/colorsofmaster.com\/de\/wp-json\/wp\/v2\/product_tag?post=28390"}],"curies":[{"name":"wp","href":"https:\/\/api.w.org\/{rel}","templated":true}]}}