{"id":26869,"date":"2023-10-31T10:19:00","date_gmt":"2023-10-31T09:19:00","guid":{"rendered":"https:\/\/colorsofmaster.com\/?post_type=product&#038;p=26869"},"modified":"2024-06-25T12:48:06","modified_gmt":"2024-06-25T10:48:06","slug":"baumit-silikontop","status":"publish","type":"product","link":"https:\/\/colorsofmaster.com\/de\/product\/baumit-silikontop\/","title":{"rendered":"BAUMIT SILIKONTOP"},"content":{"rendered":"<p>Gebrauchsfertige, past\u00f6se Beschichtung mit geringer Schichtdicke f\u00fcr zerkratzte und geriffelte Strukturen im Au\u00dfenbereich. Witterungsbest\u00e4ndig, stark wasserabweisend, wasserdampfdurchl\u00e4ssig, schmutzabweisend, universell einsetzbar, leicht von Hand und maschinell zu verarbeiten.<\/p>\n<ul class=\"highlights highlights-with-h2\">\n<li>Wetterfest<\/li>\n<li>Wasserabweisend<\/li>\n<li>Atmungsaktiv<\/li>\n<\/ul>\n\n    <div class=\"xs_social_share_widget xs_share_url after_content \t\tmain_content  wslu-style-1 wslu-share-box-shaped wslu-fill-colored wslu-none wslu-share-horizontal wslu-theme-font-no wslu-main_content\">\n\n\t\t\n        <ul>\n\t\t\t        <\/ul>\n    <\/div>","protected":false},"excerpt":{"rendered":"<p>Gebrauchsfertiger Pastenlack auf Siloxanharzbasis mit geringer Schichtdicke weiterentwickelt....<\/p>","protected":false},"featured_media":27890,"comment_status":"open","ping_status":"closed","template":"","meta":[],"pwb-brand":[6856],"product_brand":[],"product_cat":[3877,3919],"product_tag":[],"class_list":{"0":"post-26869","1":"product","2":"type-product","3":"status-publish","4":"has-post-thumbnail","6":"pwb-brand-baumit","7":"product_cat-esterni","8":"product_cat-rivestimenti-spessore","9":"pa_litri-2-kg","10":"pa_litri-25-kg-2","11":"pa_palette-baumit-solo-chiari","13":"first","14":"instock","15":"sale","16":"taxable","17":"shipping-taxable","18":"purchasable","19":"product-type-variable","20":"has-default-attributes"},"brands":[{"id":6856,"name":"Baumit","slug":"baumit"}],"_links":{"self":[{"href":"https:\/\/colorsofmaster.com\/de\/wp-json\/wp\/v2\/product\/26869","targetHints":{"allow":["GET"]}}],"collection":[{"href":"https:\/\/colorsofmaster.com\/de\/wp-json\/wp\/v2\/product"}],"about":[{"href":"https:\/\/colorsofmaster.com\/de\/wp-json\/wp\/v2\/types\/product"}],"replies":[{"embeddable":true,"href":"https:\/\/colorsofmaster.com\/de\/wp-json\/wp\/v2\/comments?post=26869"}],"wp:featuredmedia":[{"embeddable":true,"href":"https:\/\/colorsofmaster.com\/de\/wp-json\/wp\/v2\/media\/27890"}],"wp:attachment":[{"href":"https:\/\/colorsofmaster.com\/de\/wp-json\/wp\/v2\/media?parent=26869"}],"wp:term":[{"taxonomy":"pwb-brand","embeddable":true,"href":"https:\/\/colorsofmaster.com\/de\/wp-json\/wp\/v2\/pwb-brand?post=26869"},{"taxonomy":"product_brand","embeddable":true,"href":"https:\/\/colorsofmaster.com\/de\/wp-json\/wp\/v2\/product_brand?post=26869"},{"taxonomy":"product_cat","embeddable":true,"href":"https:\/\/colorsofmaster.com\/de\/wp-json\/wp\/v2\/product_cat?post=26869"},{"taxonomy":"product_tag","embeddable":true,"href":"https:\/\/colorsofmaster.com\/de\/wp-json\/wp\/v2\/product_tag?post=26869"}],"curies":[{"name":"wp","href":"https:\/\/api.w.org\/{rel}","templated":true}]}}