{"id":17339,"date":"2021-04-19T14:12:16","date_gmt":"2021-04-19T12:12:16","guid":{"rendered":"https:\/\/colorsofmaster.com\/?product=metylan-ovalit-adesivo-per-parati-e-rivestimenti-750g"},"modified":"2025-05-14T08:15:47","modified_gmt":"2025-05-14T06:15:47","slug":"metylan-ovalit-adesivo-per-parati-e-rivestimenti-750g","status":"publish","type":"product","link":"https:\/\/colorsofmaster.com\/de\/product\/metylan-ovalit-adesivo-per-parati-e-rivestimenti-750g\/","title":{"rendered":"METYLAN OVALIT Wandbelagskleber 750g"},"content":{"rendered":"<p>Hochwertiger, gebrauchsfertiger Kleister f\u00fcr die Verklebung von textilen Wandbel\u00e4gen, unbeschichteten Glasfaserbel\u00e4gen, metallischen Wandbel\u00e4gen und metallisierten, auf Papier kaschierten Kunststofffolien, \u00dcberlappungsst\u00f6\u00dfen von Vinylwandbel\u00e4gen und als Zusatz zu Metylan Special und Instant. F\u00fcr schwierige Untergr\u00fcnde.<\/p>\n\n    <div class=\"xs_social_share_widget xs_share_url after_content \t\tmain_content  wslu-style-1 wslu-share-box-shaped wslu-fill-colored wslu-none wslu-share-horizontal wslu-theme-font-no wslu-main_content\">\n\n\t\t\n        <ul>\n\t\t\t        <\/ul>\n    <\/div>","protected":false},"excerpt":{"rendered":"<p>Pastenkleber auf Kunstharzbasis f\u00fcr Wand- und Wandbel\u00e4ge.<\/p>\n<p><\/p>\n<p>Schnelle und einfache Anwendung<\/p>\n<p>Ausgezeichneter Anfangsgriff<\/p>\n<p>F\u00fcr schwere Tapeten und Bel\u00e4ge<\/p>\n<p>Geeignet f\u00fcr PVC-Folien mit Gewebeunterlage<\/p>\n<p>Geeignet zum Mischen mit Metylan Special<\/p>\n<p>Feuchtigkeitsbest\u00e4ndig (B\u00e4der und K\u00fcchen, au\u00dfer Duschbereich)<\/p>","protected":false},"featured_media":17340,"comment_status":"open","ping_status":"closed","template":"","meta":[],"pwb-brand":[],"product_brand":[],"product_cat":[3881],"product_tag":[],"class_list":{"0":"post-17339","1":"product","2":"type-product","3":"status-publish","4":"has-post-thumbnail","6":"product_cat-accessori","8":"first","9":"instock","10":"sale","11":"taxable","12":"shipping-taxable","13":"purchasable","14":"product-type-simple"},"brands":[],"_links":{"self":[{"href":"https:\/\/colorsofmaster.com\/de\/wp-json\/wp\/v2\/product\/17339","targetHints":{"allow":["GET"]}}],"collection":[{"href":"https:\/\/colorsofmaster.com\/de\/wp-json\/wp\/v2\/product"}],"about":[{"href":"https:\/\/colorsofmaster.com\/de\/wp-json\/wp\/v2\/types\/product"}],"replies":[{"embeddable":true,"href":"https:\/\/colorsofmaster.com\/de\/wp-json\/wp\/v2\/comments?post=17339"}],"wp:featuredmedia":[{"embeddable":true,"href":"https:\/\/colorsofmaster.com\/de\/wp-json\/wp\/v2\/media\/17340"}],"wp:attachment":[{"href":"https:\/\/colorsofmaster.com\/de\/wp-json\/wp\/v2\/media?parent=17339"}],"wp:term":[{"taxonomy":"pwb-brand","embeddable":true,"href":"https:\/\/colorsofmaster.com\/de\/wp-json\/wp\/v2\/pwb-brand?post=17339"},{"taxonomy":"product_brand","embeddable":true,"href":"https:\/\/colorsofmaster.com\/de\/wp-json\/wp\/v2\/product_brand?post=17339"},{"taxonomy":"product_cat","embeddable":true,"href":"https:\/\/colorsofmaster.com\/de\/wp-json\/wp\/v2\/product_cat?post=17339"},{"taxonomy":"product_tag","embeddable":true,"href":"https:\/\/colorsofmaster.com\/de\/wp-json\/wp\/v2\/product_tag?post=17339"}],"curies":[{"name":"wp","href":"https:\/\/api.w.org\/{rel}","templated":true}]}}