{"id":16976,"date":"2021-04-15T10:44:01","date_gmt":"2021-04-15T08:44:01","guid":{"rendered":"https:\/\/colorsofmaster.com\/?product=master-titanium"},"modified":"2026-04-07T19:42:43","modified_gmt":"2026-04-07T17:42:43","slug":"master-titanium","status":"publish","type":"product","link":"https:\/\/colorsofmaster.com\/de\/product\/master-titanium\/","title":{"rendered":"MASTER TITAN"},"content":{"rendered":"<p><span style=\"color: #ffffff;\">-<\/span><\/p>\n<table style=\"height: 110px; width: 600px;\" border=\"2\" width=\"600\">\n<tbody>\n<tr>\n<td style=\"text-align: center;\"><b><i>Fonds<\/i><\/b><\/td>\n<td style=\"text-align: center;\"><span style=\"text-decoration: underline;\"><a href=\"https:\/\/colorsofmaster.com\/isolanti\/1591-master-isolante-acrilico.html\"><span style=\"text-decoration: underline;\">ACRYL-ISOLATOR<\/span><\/a><\/span><\/td>\n<\/tr>\n<\/tbody>\n<\/table>\n<p><span style=\"color: #ffffff;\">-<\/span><\/p>\n<p>Auf Basis von Acetovinylharzen und ausgew\u00e4hlten Pigmenten in Wasserdispersion.<\/p>\n\n    <div class=\"xs_social_share_widget xs_share_url after_content \t\tmain_content  wslu-style-1 wslu-share-box-shaped wslu-fill-colored wslu-none wslu-share-horizontal wslu-theme-font-no wslu-main_content\">\n\n\t\t\n        <ul>\n\t\t\t        <\/ul>\n    <\/div>","protected":false},"excerpt":{"rendered":"<p>Nicht filmbildende Wandfarbe auf der Basis ausgew\u00e4hlter Rohstoffe, das Produkt hat eine ausgezeichnete Atmungsaktivit\u00e4t, hervorragende Deckkraft und Wei\u00dfgrad.<\/p>","protected":false},"featured_media":26566,"comment_status":"open","ping_status":"closed","template":"","meta":[],"pwb-brand":[],"product_brand":[],"product_cat":[3876,3886,3875],"product_tag":[],"class_list":{"0":"post-16976","1":"product","2":"type-product","3":"status-publish","4":"has-post-thumbnail","6":"product_cat-interni","7":"product_cat-traspirante","8":"product_cat-vernici","9":"pa_litri-075-l","10":"pa_litri-14-l","11":"pa_litri-25-l","12":"pa_litri-5-l","13":"pa_palette-5051-color-concept-solo-chiari","14":"pa_palette-colour-wall-solo-chiari","15":"pa_palette-ncs-solo-chiari","16":"pa_palette-ral-solo-chiari","18":"first","19":"instock","20":"sale","21":"taxable","22":"shipping-taxable","23":"purchasable","24":"product-type-variable","25":"has-default-attributes"},"brands":[{"id":3866,"name":"Master","slug":"master"}],"_links":{"self":[{"href":"https:\/\/colorsofmaster.com\/de\/wp-json\/wp\/v2\/product\/16976","targetHints":{"allow":["GET"]}}],"collection":[{"href":"https:\/\/colorsofmaster.com\/de\/wp-json\/wp\/v2\/product"}],"about":[{"href":"https:\/\/colorsofmaster.com\/de\/wp-json\/wp\/v2\/types\/product"}],"replies":[{"embeddable":true,"href":"https:\/\/colorsofmaster.com\/de\/wp-json\/wp\/v2\/comments?post=16976"}],"wp:featuredmedia":[{"embeddable":true,"href":"https:\/\/colorsofmaster.com\/de\/wp-json\/wp\/v2\/media\/26566"}],"wp:attachment":[{"href":"https:\/\/colorsofmaster.com\/de\/wp-json\/wp\/v2\/media?parent=16976"}],"wp:term":[{"taxonomy":"pwb-brand","embeddable":true,"href":"https:\/\/colorsofmaster.com\/de\/wp-json\/wp\/v2\/pwb-brand?post=16976"},{"taxonomy":"product_brand","embeddable":true,"href":"https:\/\/colorsofmaster.com\/de\/wp-json\/wp\/v2\/product_brand?post=16976"},{"taxonomy":"product_cat","embeddable":true,"href":"https:\/\/colorsofmaster.com\/de\/wp-json\/wp\/v2\/product_cat?post=16976"},{"taxonomy":"product_tag","embeddable":true,"href":"https:\/\/colorsofmaster.com\/de\/wp-json\/wp\/v2\/product_tag?post=16976"}],"curies":[{"name":"wp","href":"https:\/\/api.w.org\/{rel}","templated":true}]}}