{"id":16913,"date":"2021-04-10T13:40:00","date_gmt":"2021-04-10T11:40:00","guid":{"rendered":"https:\/\/colorsofmaster.com\/?product=cebos-ceboart-pintura"},"modified":"2026-04-13T18:40:30","modified_gmt":"2026-04-13T16:40:30","slug":"cebos-ceboart-pintura","status":"publish","type":"product","link":"https:\/\/colorsofmaster.com\/de\/product\/cebos-ceboart-pintura\/","title":{"rendered":"CEBOS CEBOART PINTURA"},"content":{"rendered":"<p><img fetchpriority=\"high\" decoding=\"async\" src=\"https:\/\/colorsofmaster.com\/wp-content\/uploads\/img\/cms\/ceboart_Natura_pintura.png\" alt=\"\" width=\"557\" height=\"322\" \/><\/p>\n<p><span style=\"color: #ffffff;\">-<\/span><\/p>\n<p>Zwei Schichten CeboArt Pintura, eingef\u00e4rbt und mit Wasser verd\u00fcnnt, mit dem Pinsel auf den entsprechend vorbereiteten Untergrund auftragen. Zwischen der ersten und zweiten Schicht mindestens 6-8 Stunden warten.<\/p>\n<p><span style=\"color: #ffffff;\">-<\/span><\/p>\n<p>Informationen \u00fcber die Anwendung sind in den Videos, Mappen und Katalogen enthalten.<\/p>\n\n    <div class=\"xs_social_share_widget xs_share_url after_content \t\tmain_content  wslu-style-1 wslu-share-box-shaped wslu-fill-colored wslu-none wslu-share-horizontal wslu-theme-font-no wslu-main_content\">\n\n\t\t\n        <ul>\n\t\t\t        <\/ul>\n    <\/div>","protected":false},"excerpt":{"rendered":"<p>Dekorative Farbe f\u00fcr den Innen- und Au\u00dfenbereich, die deckende Oberfl\u00e4chen mit zarten Hell-Dunkel-Effekten bietet, die f\u00fcr traditionelle Kalkfarben typisch sind.<\/p>\n<p>&nbsp;<\/p>\n<p>N.B.: Es ist ratsam, den Anwendungszyklus in der Beschreibung nachzuschlagen.<\/p>","protected":false},"featured_media":26076,"comment_status":"open","ping_status":"closed","template":"","meta":[],"pwb-brand":[],"product_brand":[],"product_cat":[3934,3898,3882,3877,3890,3876,3921,3875],"product_tag":[],"class_list":{"0":"post-16913","1":"product","2":"type-product","3":"status-publish","4":"has-post-thumbnail","6":"product_cat-calce","7":"product_cat-colorati","8":"product_cat-decorativi","9":"product_cat-esterni","10":"product_cat-finiture","11":"product_cat-interni","12":"product_cat-silicati-calce","13":"product_cat-vernici","14":"pa_litri-16-kg","15":"pa_litri-4-kg","16":"pa_palette-ceboart-pintura-e-natura","18":"first","19":"instock","20":"sale","21":"taxable","22":"shipping-taxable","23":"purchasable","24":"product-type-variable","25":"has-default-attributes"},"brands":[{"id":3865,"name":"Cebos","slug":"cebos"}],"_links":{"self":[{"href":"https:\/\/colorsofmaster.com\/de\/wp-json\/wp\/v2\/product\/16913","targetHints":{"allow":["GET"]}}],"collection":[{"href":"https:\/\/colorsofmaster.com\/de\/wp-json\/wp\/v2\/product"}],"about":[{"href":"https:\/\/colorsofmaster.com\/de\/wp-json\/wp\/v2\/types\/product"}],"replies":[{"embeddable":true,"href":"https:\/\/colorsofmaster.com\/de\/wp-json\/wp\/v2\/comments?post=16913"}],"wp:featuredmedia":[{"embeddable":true,"href":"https:\/\/colorsofmaster.com\/de\/wp-json\/wp\/v2\/media\/26076"}],"wp:attachment":[{"href":"https:\/\/colorsofmaster.com\/de\/wp-json\/wp\/v2\/media?parent=16913"}],"wp:term":[{"taxonomy":"pwb-brand","embeddable":true,"href":"https:\/\/colorsofmaster.com\/de\/wp-json\/wp\/v2\/pwb-brand?post=16913"},{"taxonomy":"product_brand","embeddable":true,"href":"https:\/\/colorsofmaster.com\/de\/wp-json\/wp\/v2\/product_brand?post=16913"},{"taxonomy":"product_cat","embeddable":true,"href":"https:\/\/colorsofmaster.com\/de\/wp-json\/wp\/v2\/product_cat?post=16913"},{"taxonomy":"product_tag","embeddable":true,"href":"https:\/\/colorsofmaster.com\/de\/wp-json\/wp\/v2\/product_tag?post=16913"}],"curies":[{"name":"wp","href":"https:\/\/api.w.org\/{rel}","templated":true}]}}