{"id":16714,"date":"2021-04-07T09:45:00","date_gmt":"2021-04-07T07:45:00","guid":{"rendered":"https:\/\/colorsofmaster.com\/?product=casati-metal-prot-re"},"modified":"2026-04-13T21:12:50","modified_gmt":"2026-04-13T19:12:50","slug":"casati-metal-prot-re","status":"publish","type":"product","link":"https:\/\/colorsofmaster.com\/de\/product\/casati-metal-prot-re\/","title":{"rendered":"CASATI METALLSCHUTZ"},"content":{"rendered":"<p>Halbgl\u00e4nzendes Aussehen.<\/p>\n<p>Ausgezeichnete Abdeckung.<\/p>\n<p>Gute Elastizit\u00e4t.<\/p>\n<p>Hohe F\u00fcllkraft.<\/p>\n<p>Gute Best\u00e4ndigkeit gegen Laugen.<\/p>\n<p>Hervorragende Haftung auf jeder sauberen, trockenen mineralischen Oberfl\u00e4che<\/p>\n\n    <div class=\"xs_social_share_widget xs_share_url after_content \t\tmain_content  wslu-style-1 wslu-share-box-shaped wslu-fill-colored wslu-none wslu-share-horizontal wslu-theme-font-no wslu-main_content\">\n\n\t\t\n        <ul>\n\t\t\t        <\/ul>\n    <\/div>","protected":false},"excerpt":{"rendered":"<p>Hochdeckende, leistungsstarke Rostschutzgrundierung, unerl\u00e4sslich f\u00fcr Metallteile.<\/p>\n<p>&nbsp;<\/p>\n<p>Leicht zu verarbeiten, trocknet schnell, ist elastisch, halbgl\u00e4nzend und haftet sehr gut auf dem Untergrund<\/p>\n<p>&nbsp;<\/p>\n<p>Es wird als Grundierung f\u00fcr Lacke wie SEAGULL und f\u00fcr alle eisenhaltigen Untergr\u00fcnde verwendet, die vor Rost gesch\u00fctzt werden sollen, insbesondere f\u00fcr Metallarbeiten.<\/p>","protected":false},"featured_media":26034,"comment_status":"open","ping_status":"closed","template":"","meta":[],"pwb-brand":[],"product_brand":[],"product_cat":[6875,3888,3927,3878],"product_tag":[],"class_list":{"0":"post-16714","1":"product","2":"type-product","3":"status-publish","4":"has-post-thumbnail","6":"product_cat-fondo-esterni","7":"product_cat-fondo-interni","8":"product_cat-primer-antiruggine","9":"product_cat-smalti","10":"pa_litri-05-l","11":"pa_litri-25-l","13":"first","14":"instock","15":"sale","16":"taxable","17":"shipping-taxable","18":"purchasable","19":"product-type-variable","20":"has-default-attributes"},"brands":[{"id":3864,"name":"Casati","slug":"casati"}],"_links":{"self":[{"href":"https:\/\/colorsofmaster.com\/de\/wp-json\/wp\/v2\/product\/16714","targetHints":{"allow":["GET"]}}],"collection":[{"href":"https:\/\/colorsofmaster.com\/de\/wp-json\/wp\/v2\/product"}],"about":[{"href":"https:\/\/colorsofmaster.com\/de\/wp-json\/wp\/v2\/types\/product"}],"replies":[{"embeddable":true,"href":"https:\/\/colorsofmaster.com\/de\/wp-json\/wp\/v2\/comments?post=16714"}],"wp:featuredmedia":[{"embeddable":true,"href":"https:\/\/colorsofmaster.com\/de\/wp-json\/wp\/v2\/media\/26034"}],"wp:attachment":[{"href":"https:\/\/colorsofmaster.com\/de\/wp-json\/wp\/v2\/media?parent=16714"}],"wp:term":[{"taxonomy":"pwb-brand","embeddable":true,"href":"https:\/\/colorsofmaster.com\/de\/wp-json\/wp\/v2\/pwb-brand?post=16714"},{"taxonomy":"product_brand","embeddable":true,"href":"https:\/\/colorsofmaster.com\/de\/wp-json\/wp\/v2\/product_brand?post=16714"},{"taxonomy":"product_cat","embeddable":true,"href":"https:\/\/colorsofmaster.com\/de\/wp-json\/wp\/v2\/product_cat?post=16714"},{"taxonomy":"product_tag","embeddable":true,"href":"https:\/\/colorsofmaster.com\/de\/wp-json\/wp\/v2\/product_tag?post=16714"}],"curies":[{"name":"wp","href":"https:\/\/api.w.org\/{rel}","templated":true}]}}