{"id":16670,"date":"2021-04-06T18:19:14","date_gmt":"2021-04-06T16:19:14","guid":{"rendered":"https:\/\/colorsofmaster.com\/?product=amonn-impragnierlasur"},"modified":"2026-05-04T14:05:33","modified_gmt":"2026-05-04T12:05:33","slug":"ammon-impraegnierlasur","status":"publish","type":"product","link":"https:\/\/colorsofmaster.com\/de\/product\/ammon-impraegnierlasur\/","title":{"rendered":"AMONN IMPREGNIERLASUR"},"content":{"rendered":"<p>Holzschutzmittel<\/p>\n<p>Dringt tief in das Holz ein<\/p>\n<p>Verbessert die Haftung und Dauerhaftigkeit aufeinanderfolgender Anstrichzyklen<\/p>\n<p>Hervorhebung und Betonung der Holzmaserung<\/p>\n<p><span style=\"color: #ffffff;\">-<\/span><\/p>\n<p>F\u00fcr Impr\u00e4gnierarbeiten an nicht ma\u00dfhaltigem Holz, das nicht in direktem Kontakt mit Erde oder Wasser steht, wie Z\u00e4une, Scheunen, Verkleidungen in l\u00e4ndlichen Gebieten und G\u00e4rten. Auch als Grundierung f\u00fcr die Behandlung ma\u00dfhaltiger Elemente wie Au\u00dfent\u00fcren und Fenster geeignet.<\/p>\n<p><span style=\"color: #ffffff;\">-<\/span><\/p>\n<p>Trocknung Nach ca. 8 Stunden, abh\u00e4ngig von der Holzart<\/p>\n<p>Ergiebigkeit ca. 10 -16 m\u00b2\/l pro Anstrich.<\/p>\n\n    <div class=\"xs_social_share_widget xs_share_url after_content \t\tmain_content  wslu-style-1 wslu-share-box-shaped wslu-fill-colored wslu-none wslu-share-horizontal wslu-theme-font-no wslu-main_content\">\n\n\t\t\n        <ul>\n\t\t\t        <\/ul>\n    <\/div>","protected":false},"excerpt":{"rendered":"<p>Dieses Impr\u00e4gniermittel ist die ideale Schutzbehandlung f\u00fcr alle Holzoberfl\u00e4chen im Au\u00dfenbereich.<\/p>\n<p>&nbsp;<\/p>\n<p>Es eignet sich besonders f\u00fcr l\u00e4ndliche Gebiete oder G\u00e4rten, f\u00fcr die Behandlung von Fassaden, Z\u00e4unen oder Scheunen.<\/p>\n<p>&nbsp;<\/p>\n<p>Es sch\u00fctzt das Holz vor Verwitterung und reguliert die Feuchtigkeit.<\/p>","protected":false},"featured_media":26005,"comment_status":"open","ping_status":"closed","template":"","meta":[],"pwb-brand":[3867],"product_brand":[],"product_cat":[3877,3883,3929,3936],"product_tag":[],"class_list":{"0":"post-16670","1":"product","2":"type-product","3":"status-publish","4":"has-post-thumbnail","6":"pwb-brand-amonn","7":"product_cat-esterni","8":"product_cat-legno","9":"product_cat-solvente","10":"product_cat-impregnante","11":"pa_litri-075-l","12":"pa_litri-25-l","13":"pa_litri-5-l","15":"first","16":"instock","17":"sale","18":"taxable","19":"shipping-taxable","20":"purchasable","21":"product-type-variable","22":"has-default-attributes"},"brands":[{"id":3867,"name":"Amonn","slug":"amonn"}],"_links":{"self":[{"href":"https:\/\/colorsofmaster.com\/de\/wp-json\/wp\/v2\/product\/16670","targetHints":{"allow":["GET"]}}],"collection":[{"href":"https:\/\/colorsofmaster.com\/de\/wp-json\/wp\/v2\/product"}],"about":[{"href":"https:\/\/colorsofmaster.com\/de\/wp-json\/wp\/v2\/types\/product"}],"replies":[{"embeddable":true,"href":"https:\/\/colorsofmaster.com\/de\/wp-json\/wp\/v2\/comments?post=16670"}],"wp:featuredmedia":[{"embeddable":true,"href":"https:\/\/colorsofmaster.com\/de\/wp-json\/wp\/v2\/media\/26005"}],"wp:attachment":[{"href":"https:\/\/colorsofmaster.com\/de\/wp-json\/wp\/v2\/media?parent=16670"}],"wp:term":[{"taxonomy":"pwb-brand","embeddable":true,"href":"https:\/\/colorsofmaster.com\/de\/wp-json\/wp\/v2\/pwb-brand?post=16670"},{"taxonomy":"product_brand","embeddable":true,"href":"https:\/\/colorsofmaster.com\/de\/wp-json\/wp\/v2\/product_brand?post=16670"},{"taxonomy":"product_cat","embeddable":true,"href":"https:\/\/colorsofmaster.com\/de\/wp-json\/wp\/v2\/product_cat?post=16670"},{"taxonomy":"product_tag","embeddable":true,"href":"https:\/\/colorsofmaster.com\/de\/wp-json\/wp\/v2\/product_tag?post=16670"}],"curies":[{"name":"wp","href":"https:\/\/api.w.org\/{rel}","templated":true}]}}