{"id":16574,"date":"2021-04-06T17:04:59","date_gmt":"2021-04-06T15:04:59","guid":{"rendered":"https:\/\/colorsofmaster.com\/?product=amonn-lignex-longlife-oil"},"modified":"2026-05-04T14:20:13","modified_gmt":"2026-05-04T12:20:13","slug":"amonn-lignex-longlife-oil","status":"publish","type":"product","link":"https:\/\/colorsofmaster.com\/de\/product\/amonn-lignex-longlife-oil\/","title":{"rendered":"AMONN LIGNEX LONGLIFE \u00d6L"},"content":{"rendered":"<p>Seine F\u00e4higkeit, tief in das Holz einzudringen, macht es perfekt f\u00fcr die Erstbehandlung, aber auch f\u00fcr die Pflege und Wartung. Lignex Longlife Oil ist besonders witterungsbest\u00e4ndig und abriebfest.<\/p>\n<p><span style=\"color: #ffffff;\">-<\/span><\/p>\n<p>Sch\u00fctzend und pflegend<\/p>\n<p>Dringt tief in das Holz ein<\/p>\n<p>Hervorhebung der Holzmaserung<\/p>\n<p>Macht Holz wasserfest<\/p>\n<p>Ausgezeichneter Wetterschutz<\/p>\n<p>Ausgezeichnete Verschlei\u00df- und Abriebfestigkeit<\/p>\n<p>Bildet keinen Film und bl\u00e4ttert nicht ab<\/p>\n<p><span style=\"color: #ffffff;\">-<\/span><\/p>\n<p>F\u00fcr die Erstbehandlung und Pflege von Gartenm\u00f6beln und B\u00f6den im Au\u00dfenbereich. Ideal f\u00fcr tropische und einheimische H\u00f6lzer ohne st\u00e4ndigen Kontakt mit Erde und Wasser.<\/p>\n<p><span style=\"color: #ffffff;\">-<\/span><\/p>\n<p>Trocknung \u00dcberstreichbar: nach ca. 8 - 12 Stunden<\/p>\n<p>Ergiebigkeit ca. 20 m2\/l pro Anstrich, je nach Holzart<\/p>\n\n    <div class=\"xs_social_share_widget xs_share_url after_content \t\tmain_content  wslu-style-1 wslu-share-box-shaped wslu-fill-colored wslu-none wslu-share-horizontal wslu-theme-font-no wslu-main_content\">\n\n\t\t\n        <ul>\n\t\t\t        <\/ul>\n    <\/div>","protected":false},"excerpt":{"rendered":"<p>Geeignet zum Schutz und zur Auffrischung aller Holzarten f\u00fcr Gartenm\u00f6bel und Au\u00dfenb\u00f6den....<\/p>","protected":false},"featured_media":26052,"comment_status":"open","ping_status":"closed","template":"","meta":[],"pwb-brand":[3867],"product_brand":[],"product_cat":[3877,3883,3929,3938,3939],"product_tag":[],"class_list":{"0":"post-16574","1":"product","2":"type-product","3":"status-publish","4":"has-post-thumbnail","6":"pwb-brand-amonn","7":"product_cat-esterni","8":"product_cat-legno","9":"product_cat-solvente","10":"product_cat-fondo-finitura","11":"product_cat-olio-protettivo","12":"pa_litri-075-l","13":"pa_litri-25-l","14":"pa_litri-5-l","16":"first","17":"instock","18":"sale","19":"taxable","20":"shipping-taxable","21":"purchasable","22":"product-type-variable","23":"has-default-attributes"},"brands":[{"id":3867,"name":"Amonn","slug":"amonn"}],"_links":{"self":[{"href":"https:\/\/colorsofmaster.com\/de\/wp-json\/wp\/v2\/product\/16574","targetHints":{"allow":["GET"]}}],"collection":[{"href":"https:\/\/colorsofmaster.com\/de\/wp-json\/wp\/v2\/product"}],"about":[{"href":"https:\/\/colorsofmaster.com\/de\/wp-json\/wp\/v2\/types\/product"}],"replies":[{"embeddable":true,"href":"https:\/\/colorsofmaster.com\/de\/wp-json\/wp\/v2\/comments?post=16574"}],"wp:featuredmedia":[{"embeddable":true,"href":"https:\/\/colorsofmaster.com\/de\/wp-json\/wp\/v2\/media\/26052"}],"wp:attachment":[{"href":"https:\/\/colorsofmaster.com\/de\/wp-json\/wp\/v2\/media?parent=16574"}],"wp:term":[{"taxonomy":"pwb-brand","embeddable":true,"href":"https:\/\/colorsofmaster.com\/de\/wp-json\/wp\/v2\/pwb-brand?post=16574"},{"taxonomy":"product_brand","embeddable":true,"href":"https:\/\/colorsofmaster.com\/de\/wp-json\/wp\/v2\/product_brand?post=16574"},{"taxonomy":"product_cat","embeddable":true,"href":"https:\/\/colorsofmaster.com\/de\/wp-json\/wp\/v2\/product_cat?post=16574"},{"taxonomy":"product_tag","embeddable":true,"href":"https:\/\/colorsofmaster.com\/de\/wp-json\/wp\/v2\/product_tag?post=16574"}],"curies":[{"name":"wp","href":"https:\/\/api.w.org\/{rel}","templated":true}]}}