{"id":16255,"date":"2021-04-03T19:23:00","date_gmt":"2021-04-03T17:23:00","guid":{"rendered":"https:\/\/colorsofmaster.com\/?product=herbol-tiefgrund-aqua"},"modified":"2026-02-01T23:25:15","modified_gmt":"2026-02-01T22:25:15","slug":"herbol-tiefgrund-aqua","status":"publish","type":"product","link":"https:\/\/colorsofmaster.com\/de\/product\/herbol-tiefgrund-aqua\/","title":{"rendered":"HERBOL TIEFGRUND AQUA"},"content":{"rendered":"<p>Es gleicht aus und verringert die Absorption des Substrats.<\/p>\n<p><span style=\"color: #ffffff;\">-<\/span><\/p>\n<p>L\u00f6sungsmittelfrei<\/p>\n<p><span style=\"color: #ffffff;\">-<\/span><\/p>\n<p>Es fixiert mineralische Untergr\u00fcnde dank seines hohen Eindringverm\u00f6gens.<\/p>\n\n    <div class=\"xs_social_share_widget xs_share_url after_content \t\tmain_content  wslu-style-1 wslu-share-box-shaped wslu-fill-colored wslu-none wslu-share-horizontal wslu-theme-font-no wslu-main_content\">\n\n\t\t\n        <ul>\n\t\t\t        <\/ul>\n    <\/div>","protected":false},"excerpt":{"rendered":"<p>Grundierung f\u00fcr mineralische Untergr\u00fcnde im Innen- und Au\u00dfenbereich.<\/p>","protected":false},"featured_media":16256,"comment_status":"open","ping_status":"closed","template":"","meta":[],"pwb-brand":[],"product_brand":[],"product_cat":[3877,3911],"product_tag":[6864],"class_list":{"0":"post-16255","1":"product","2":"type-product","3":"status-publish","4":"has-post-thumbnail","6":"product_cat-esterni","7":"product_cat-isolanti","8":"product_tag-herbol","9":"pa_litri-10-l","10":"pa_litri-5-l","12":"first","13":"instock","14":"sale","15":"taxable","16":"shipping-taxable","17":"purchasable","18":"product-type-variable","19":"has-default-attributes"},"brands":[{"id":3862,"name":"Herbol","slug":"herbol"}],"_links":{"self":[{"href":"https:\/\/colorsofmaster.com\/de\/wp-json\/wp\/v2\/product\/16255","targetHints":{"allow":["GET"]}}],"collection":[{"href":"https:\/\/colorsofmaster.com\/de\/wp-json\/wp\/v2\/product"}],"about":[{"href":"https:\/\/colorsofmaster.com\/de\/wp-json\/wp\/v2\/types\/product"}],"replies":[{"embeddable":true,"href":"https:\/\/colorsofmaster.com\/de\/wp-json\/wp\/v2\/comments?post=16255"}],"wp:featuredmedia":[{"embeddable":true,"href":"https:\/\/colorsofmaster.com\/de\/wp-json\/wp\/v2\/media\/16256"}],"wp:attachment":[{"href":"https:\/\/colorsofmaster.com\/de\/wp-json\/wp\/v2\/media?parent=16255"}],"wp:term":[{"taxonomy":"pwb-brand","embeddable":true,"href":"https:\/\/colorsofmaster.com\/de\/wp-json\/wp\/v2\/pwb-brand?post=16255"},{"taxonomy":"product_brand","embeddable":true,"href":"https:\/\/colorsofmaster.com\/de\/wp-json\/wp\/v2\/product_brand?post=16255"},{"taxonomy":"product_cat","embeddable":true,"href":"https:\/\/colorsofmaster.com\/de\/wp-json\/wp\/v2\/product_cat?post=16255"},{"taxonomy":"product_tag","embeddable":true,"href":"https:\/\/colorsofmaster.com\/de\/wp-json\/wp\/v2\/product_tag?post=16255"}],"curies":[{"name":"wp","href":"https:\/\/api.w.org\/{rel}","templated":true}]}}