{"id":16222,"date":"2021-04-03T14:09:00","date_gmt":"2021-04-03T12:09:00","guid":{"rendered":"https:\/\/colorsofmaster.com\/?product=sikkens-sil-grund-micro"},"modified":"2026-02-01T19:49:19","modified_gmt":"2026-02-01T18:49:19","slug":"sikkens-sil-grund-micro","status":"publish","type":"product","link":"https:\/\/colorsofmaster.com\/de\/product\/sikkens-sil-grund-micro\/","title":{"rendered":"SIKKENS SIL GRUND MICRO"},"content":{"rendered":"<table style=\"height: 110px; width: 600px;\" border=\"2\" width=\"600\">\n<tbody>\n<tr>\n<td style=\"text-align: center;\"><b><i>Fonds<\/i><\/b><\/td>\n<td style=\"text-align: center;\"><span style=\"text-decoration: underline;\"><a href=\"https:\/\/colorsofmaster.com\/fondo-murale\/1378-sikkens-fondo-setaliet.html\"><span style=\"text-decoration: underline;\">SETALIET-FONDS<\/span><\/a><\/span><\/td>\n<\/tr>\n<\/tbody>\n<\/table>\n<p><span style=\"color: #ffffff;\">-<\/span><\/p>\n<p>A base di Silicato di potassio stabilizzato nel rispetto della Norma DIN 18363, inerti minerali e pigmenti solidi alla luce ed agli alcali<\/p>\n<p><span style=\"color: #ffffff;\">-<\/span><\/p>\n<p>- F\u00f6rdert die Haftung von Silikat- und Siloxanfarben auf organischen Anstrichen, sofern diese gut verankert sind<\/p>\n<p>\u2212 Riduce le differenze di tessitura superficiali fra i vecchi intonaci ed i ripristini eseguiti<\/p>\n<p>\u2212 Aiuta a mascherare le microlesioni da ritiro di vecchi intonaci lisci o elementi in cemento decorativo<\/p>\n<p>- Entspricht der DIN 18363<\/p>\n<p>- Hohe Wasserdampfdurchl\u00e4ssigkeit<\/p>\n\n    <div class=\"xs_social_share_widget xs_share_url after_content \t\tmain_content  wslu-style-1 wslu-share-box-shaped wslu-fill-colored wslu-none wslu-share-horizontal wslu-theme-font-no wslu-main_content\">\n\n\t\t\n        <ul>\n\t\t\t        <\/ul>\n    <\/div>","protected":false},"excerpt":{"rendered":"<p>Pigmentierte Silikatgrundierung mit feinem Erscheinungsbild, zum Auftragen von Silikatfarben auf zuvor mit organischen Farben behandelten W\u00e4nden, f\u00fcr den Au\u00dfeneinsatz....<\/p>","protected":false},"featured_media":26734,"comment_status":"open","ping_status":"closed","template":"","meta":[],"pwb-brand":[],"product_brand":[],"product_cat":[3877,3888,3921],"product_tag":[6863],"class_list":{"0":"post-16222","1":"product","2":"type-product","3":"status-publish","4":"has-post-thumbnail","6":"product_cat-esterni","7":"product_cat-fondo-interni","8":"product_cat-silicati-calce","9":"product_tag-sikkens","10":"pa_litri-14-l","11":"pa_palette-match-point-200","13":"first","14":"instock","15":"sale","16":"taxable","17":"shipping-taxable","18":"purchasable","19":"product-type-variable","20":"has-default-attributes"},"brands":[{"id":3861,"name":"Sikkens","slug":"sikkens"}],"_links":{"self":[{"href":"https:\/\/colorsofmaster.com\/de\/wp-json\/wp\/v2\/product\/16222","targetHints":{"allow":["GET"]}}],"collection":[{"href":"https:\/\/colorsofmaster.com\/de\/wp-json\/wp\/v2\/product"}],"about":[{"href":"https:\/\/colorsofmaster.com\/de\/wp-json\/wp\/v2\/types\/product"}],"replies":[{"embeddable":true,"href":"https:\/\/colorsofmaster.com\/de\/wp-json\/wp\/v2\/comments?post=16222"}],"wp:featuredmedia":[{"embeddable":true,"href":"https:\/\/colorsofmaster.com\/de\/wp-json\/wp\/v2\/media\/26734"}],"wp:attachment":[{"href":"https:\/\/colorsofmaster.com\/de\/wp-json\/wp\/v2\/media?parent=16222"}],"wp:term":[{"taxonomy":"pwb-brand","embeddable":true,"href":"https:\/\/colorsofmaster.com\/de\/wp-json\/wp\/v2\/pwb-brand?post=16222"},{"taxonomy":"product_brand","embeddable":true,"href":"https:\/\/colorsofmaster.com\/de\/wp-json\/wp\/v2\/product_brand?post=16222"},{"taxonomy":"product_cat","embeddable":true,"href":"https:\/\/colorsofmaster.com\/de\/wp-json\/wp\/v2\/product_cat?post=16222"},{"taxonomy":"product_tag","embeddable":true,"href":"https:\/\/colorsofmaster.com\/de\/wp-json\/wp\/v2\/product_tag?post=16222"}],"curies":[{"name":"wp","href":"https:\/\/api.w.org\/{rel}","templated":true}]}}