{"id":15674,"date":"2021-02-26T13:39:00","date_gmt":"2021-02-26T12:39:00","guid":{"rendered":"https:\/\/colorsofmaster.com\/?product=sikkens-alpha-grond"},"modified":"2026-05-06T09:40:06","modified_gmt":"2026-05-06T07:40:06","slug":"sikkens-alpha-grond","status":"publish","type":"product","link":"https:\/\/colorsofmaster.com\/de\/product\/sikkens-alpha-grond\/","title":{"rendered":"SIKKENS ALPHA GROND"},"content":{"rendered":"<p>ALPHA GROND pu\u00f2 essere additivato con\u00a0<span style=\"text-decoration: underline;\"><em><strong><a href=\"https:\/\/colorsofmaster.com\/antimuffa-anticondensa\/1371-sikkens-inerte-per-alpha-grond.html\"><span style=\"text-decoration: underline;\">INERTE PER ALPHA GROND<\/span><\/a><\/strong><\/em><\/span> al fine di ottenere un prodotto riempitivo e mascherante delle imperfezioni del supporto.<\/p>\n<p><span style=\"color: #ffffff;\">-<\/span><\/p>\n<p>- Undurchsichtiges Aussehen<\/p>\n<p>- Verfestigt und gleicht die Substrataufnahme aus<\/p>\n<p>- Sorgt f\u00fcr optimale Haftung auf leicht kreidigen Untergr\u00fcnden<\/p>\n<p>- Frei von aromatischen L\u00f6sungsmitteln<\/p>\n<p>- Unverseifbar<\/p>\n<p>- F\u00f6rdert die Farbgleichm\u00e4\u00dfigkeit und Deckkraft von Farben und Beschichtungen<\/p>\n<p>- Speziell f\u00fcr die Vorbereitung von Stahlbetonoberfl\u00e4chen in Ortbeton und Fertigteilen<\/p>\n\n    <div class=\"xs_social_share_widget xs_share_url after_content \t\tmain_content  wslu-style-1 wslu-share-box-shaped wslu-fill-colored wslu-none wslu-share-horizontal wslu-theme-font-no wslu-main_content\">\n\n\t\t\n        <ul>\n\t\t\t        <\/ul>\n    <\/div>","protected":false},"excerpt":{"rendered":"<p>L\u00f6semittelhaltige Isolier- und Verfestigungsgrundierung f\u00fcr Au\u00dfen- und Innenwandfl\u00e4chen und Stahlbeton....<\/p>","protected":false},"featured_media":26635,"comment_status":"open","ping_status":"closed","template":"","meta":[],"pwb-brand":[3861],"product_brand":[],"product_cat":[3875,3876,3888,3877,6875],"product_tag":[6863],"class_list":{"0":"post-15674","1":"product","2":"type-product","3":"status-publish","4":"has-post-thumbnail","6":"pwb-brand-sikkens","7":"product_cat-vernici","8":"product_cat-interni","9":"product_cat-fondo-interni","10":"product_cat-esterni","11":"product_cat-fondo-esterni","12":"product_tag-sikkens","13":"pa_litri-5-l","14":"pa_litri-15-l","15":"pa_palette-match-point-200-solo-chiari","17":"first","18":"instock","19":"sale","20":"taxable","21":"shipping-taxable","22":"purchasable","23":"product-type-variable","24":"has-default-attributes"},"brands":[{"id":3861,"name":"Sikkens","slug":"sikkens"}],"_links":{"self":[{"href":"https:\/\/colorsofmaster.com\/de\/wp-json\/wp\/v2\/product\/15674","targetHints":{"allow":["GET"]}}],"collection":[{"href":"https:\/\/colorsofmaster.com\/de\/wp-json\/wp\/v2\/product"}],"about":[{"href":"https:\/\/colorsofmaster.com\/de\/wp-json\/wp\/v2\/types\/product"}],"replies":[{"embeddable":true,"href":"https:\/\/colorsofmaster.com\/de\/wp-json\/wp\/v2\/comments?post=15674"}],"wp:featuredmedia":[{"embeddable":true,"href":"https:\/\/colorsofmaster.com\/de\/wp-json\/wp\/v2\/media\/26635"}],"wp:attachment":[{"href":"https:\/\/colorsofmaster.com\/de\/wp-json\/wp\/v2\/media?parent=15674"}],"wp:term":[{"taxonomy":"pwb-brand","embeddable":true,"href":"https:\/\/colorsofmaster.com\/de\/wp-json\/wp\/v2\/pwb-brand?post=15674"},{"taxonomy":"product_brand","embeddable":true,"href":"https:\/\/colorsofmaster.com\/de\/wp-json\/wp\/v2\/product_brand?post=15674"},{"taxonomy":"product_cat","embeddable":true,"href":"https:\/\/colorsofmaster.com\/de\/wp-json\/wp\/v2\/product_cat?post=15674"},{"taxonomy":"product_tag","embeddable":true,"href":"https:\/\/colorsofmaster.com\/de\/wp-json\/wp\/v2\/product_tag?post=15674"}],"curies":[{"name":"wp","href":"https:\/\/api.w.org\/{rel}","templated":true}]}}