{"id":15056,"date":"2020-12-07T16:24:00","date_gmt":"2020-12-07T15:24:00","guid":{"rendered":"https:\/\/colorsofmaster.com\/?product=herbol-protector-prodotto-speciale-tutto-in-uno-per-metalli"},"modified":"2026-03-20T17:13:42","modified_gmt":"2026-03-20T16:13:42","slug":"herbol-protector-prodotto-speciale-tutto-in-uno-per-metalli","status":"publish","type":"product","link":"https:\/\/colorsofmaster.com\/de\/product\/herbol-protector-prodotto-speciale-tutto-in-uno-per-metalli\/","title":{"rendered":"HERBOL PROTECTOR All-in-one-Spezialprodukt f\u00fcr Metalle"},"content":{"rendered":"<p>Ein-Topf-System\"-Produkt (ein einziges Produkt: angegeben als Grundierung, Zwischenschicht und Deckschicht)<\/p>\n<p><span style=\"color: #ffffff;\">-<\/span><\/p>\n<p>Gute antikorrosive Eigenschaften<\/p>\n<p><span style=\"color: #ffffff;\">-<\/span><\/p>\n<p>Hohe chemische Stabilit\u00e4t, ausgezeichnete Witterungs- und Kreidungsbest\u00e4ndigkeit<\/p>\n\n    <div class=\"xs_social_share_widget xs_share_url after_content \t\tmain_content  wslu-style-1 wslu-share-box-shaped wslu-fill-colored wslu-none wslu-share-horizontal wslu-theme-font-no wslu-main_content\">\n\n\t\t\n        <ul>\n\t\t\t        <\/ul>\n    <\/div>","protected":false},"excerpt":{"rendered":"<p>Hochwertige Grundierung, Zwischen- und Decklack mit Satineffekt.<\/p>\n<p>&nbsp;<\/p>\n<p>Geeignet f\u00fcr den Innen- und Au\u00dfenbereich f\u00fcr Eisen, Stahl, Leichtmetalle und Nichteisenmetalle.<\/p>","protected":false},"featured_media":26395,"comment_status":"open","ping_status":"closed","template":"","meta":[],"pwb-brand":[],"product_brand":[],"product_cat":[3877,6875,3888,3883,3880,3878],"product_tag":[6864],"class_list":{"0":"post-15056","1":"product","2":"type-product","3":"status-publish","4":"has-post-thumbnail","6":"product_cat-esterni","7":"product_cat-fondo-esterni","8":"product_cat-fondo-interni","9":"product_cat-legno","10":"product_cat-sintetico","11":"product_cat-smalti","12":"product_tag-herbol","13":"pa_litri-075-l","14":"pa_litri-1-l","15":"pa_litri-25-l","16":"pa_palette-5051-color-concept","17":"pa_palette-ncs","18":"pa_palette-protector","19":"pa_palette-ral","21":"first","22":"instock","23":"sale","24":"taxable","25":"shipping-taxable","26":"purchasable","27":"product-type-variable","28":"has-default-attributes"},"brands":[{"id":3862,"name":"Herbol","slug":"herbol"}],"_links":{"self":[{"href":"https:\/\/colorsofmaster.com\/de\/wp-json\/wp\/v2\/product\/15056","targetHints":{"allow":["GET"]}}],"collection":[{"href":"https:\/\/colorsofmaster.com\/de\/wp-json\/wp\/v2\/product"}],"about":[{"href":"https:\/\/colorsofmaster.com\/de\/wp-json\/wp\/v2\/types\/product"}],"replies":[{"embeddable":true,"href":"https:\/\/colorsofmaster.com\/de\/wp-json\/wp\/v2\/comments?post=15056"}],"wp:featuredmedia":[{"embeddable":true,"href":"https:\/\/colorsofmaster.com\/de\/wp-json\/wp\/v2\/media\/26395"}],"wp:attachment":[{"href":"https:\/\/colorsofmaster.com\/de\/wp-json\/wp\/v2\/media?parent=15056"}],"wp:term":[{"taxonomy":"pwb-brand","embeddable":true,"href":"https:\/\/colorsofmaster.com\/de\/wp-json\/wp\/v2\/pwb-brand?post=15056"},{"taxonomy":"product_brand","embeddable":true,"href":"https:\/\/colorsofmaster.com\/de\/wp-json\/wp\/v2\/product_brand?post=15056"},{"taxonomy":"product_cat","embeddable":true,"href":"https:\/\/colorsofmaster.com\/de\/wp-json\/wp\/v2\/product_cat?post=15056"},{"taxonomy":"product_tag","embeddable":true,"href":"https:\/\/colorsofmaster.com\/de\/wp-json\/wp\/v2\/product_tag?post=15056"}],"curies":[{"name":"wp","href":"https:\/\/api.w.org\/{rel}","templated":true}]}}