{"id":14993,"date":"2020-12-07T15:25:00","date_gmt":"2020-12-07T14:25:00","guid":{"rendered":"https:\/\/colorsofmaster.com\/?product=herbol-herboxan-quartz-idropittura-acril-silossanica-con-inerti-riempitivi"},"modified":"2026-02-01T23:17:04","modified_gmt":"2026-02-01T22:17:04","slug":"herbol-herboxan-quartz-idropittura-acril-silossanica-con-inerti-riempitivi","status":"publish","type":"product","link":"https:\/\/colorsofmaster.com\/de\/product\/herbol-herboxan-quartz-idropittura-acril-silossanica-con-inerti-riempitivi\/","title":{"rendered":"HERBOL HERBOXAN QUARTZ Acryl-Siloxan-Wasserfarbe mit F\u00fcllstoffzuschl\u00e4gen"},"content":{"rendered":"<p>Hohe Durchl\u00e4ssigkeit f\u00fcr CO2 und Wasserdampf<\/p>\n<p><span style=\"color: #ffffff;\">-<\/span><\/p>\n<p>Verkapselte Biozid-Technologie: garantiert einen besseren Schutz der aufgetragenen Oberfl\u00e4che vor Mikroorganismen (Pilze, Algen, Schimmel, ...) und folglich eine l\u00e4ngere Haltbarkeit und Sauberkeit der Fassade<\/p>\n<p><span style=\"color: #ffffff;\">-<\/span><\/p>\n<p>Resistent gegen Luftverschmutzung<\/p>\n\n    <div class=\"xs_social_share_widget xs_share_url after_content \t\tmain_content  wslu-style-1 wslu-share-box-shaped wslu-fill-colored wslu-none wslu-share-horizontal wslu-theme-font-no wslu-main_content\">\n\n\t\t\n        <ul>\n\t\t\t        <\/ul>\n    <\/div>","protected":false},"excerpt":{"rendered":"<p>Matter Deckanstrich f\u00fcr alle Au\u00dfenwanduntergr\u00fcnde. Ideal auch f\u00fcr dicke Anstriche oder alte Silikat- oder Kalkanstriche....<\/p>","protected":false},"featured_media":26185,"comment_status":"open","ping_status":"closed","template":"","meta":[],"pwb-brand":[],"product_brand":[],"product_cat":[3877,3920,3875],"product_tag":[6864],"class_list":{"0":"post-14993","1":"product","2":"type-product","3":"status-publish","4":"has-post-thumbnail","6":"product_cat-esterni","7":"product_cat-quarzo","8":"product_cat-vernici","9":"product_tag-herbol","10":"pa_litri-1-l","11":"pa_litri-125-l","12":"pa_litri-5-l","13":"pa_palette-match-point-200","15":"first","16":"instock","17":"sale","18":"taxable","19":"shipping-taxable","20":"purchasable","21":"product-type-variable","22":"has-default-attributes"},"brands":[{"id":3862,"name":"Herbol","slug":"herbol"}],"_links":{"self":[{"href":"https:\/\/colorsofmaster.com\/de\/wp-json\/wp\/v2\/product\/14993","targetHints":{"allow":["GET"]}}],"collection":[{"href":"https:\/\/colorsofmaster.com\/de\/wp-json\/wp\/v2\/product"}],"about":[{"href":"https:\/\/colorsofmaster.com\/de\/wp-json\/wp\/v2\/types\/product"}],"replies":[{"embeddable":true,"href":"https:\/\/colorsofmaster.com\/de\/wp-json\/wp\/v2\/comments?post=14993"}],"wp:featuredmedia":[{"embeddable":true,"href":"https:\/\/colorsofmaster.com\/de\/wp-json\/wp\/v2\/media\/26185"}],"wp:attachment":[{"href":"https:\/\/colorsofmaster.com\/de\/wp-json\/wp\/v2\/media?parent=14993"}],"wp:term":[{"taxonomy":"pwb-brand","embeddable":true,"href":"https:\/\/colorsofmaster.com\/de\/wp-json\/wp\/v2\/pwb-brand?post=14993"},{"taxonomy":"product_brand","embeddable":true,"href":"https:\/\/colorsofmaster.com\/de\/wp-json\/wp\/v2\/product_brand?post=14993"},{"taxonomy":"product_cat","embeddable":true,"href":"https:\/\/colorsofmaster.com\/de\/wp-json\/wp\/v2\/product_cat?post=14993"},{"taxonomy":"product_tag","embeddable":true,"href":"https:\/\/colorsofmaster.com\/de\/wp-json\/wp\/v2\/product_tag?post=14993"}],"curies":[{"name":"wp","href":"https:\/\/api.w.org\/{rel}","templated":true}]}}