{"id":14701,"date":"2020-09-19T21:02:22","date_gmt":"2020-09-19T19:02:22","guid":{"rendered":"https:\/\/colorsofmaster.com\/?product=cebos-cebostyle-antico-silver-xl"},"modified":"2026-04-13T12:09:32","modified_gmt":"2026-04-13T10:09:32","slug":"cebos-cebostyle-antico-silver-xl","status":"publish","type":"product","link":"https:\/\/colorsofmaster.com\/de\/product\/cebos-cebostyle-antico-silver-xl\/","title":{"rendered":"CEBOS 1TP16Style Antik Silber XL"},"content":{"rendered":"<p><span style=\"color: #666667; font-size: 15.96px;\"><img fetchpriority=\"high\" decoding=\"async\" style=\"font-family: Verdana, Arial, Helvetica, sans-serif; font-size: 11px; background-color: #fafbfc;\" src=\"https:\/\/colorsofmaster.com\/wp-content\/uploads\/img\/cms\/cebostyle_Antico_Silver.jpg\" alt=\"cebostyle_Antico_Silver.jpg\" width=\"564\" height=\"235\" \/><\/span><\/p>\n<p><span style=\"color: #ffffff;\">-<\/span><\/p>\n<p>- Abwaschbarer, undurchsichtiger Acryllack auf Wasserbasis f\u00fcr Innenr\u00e4ume mit Metallic-Effekt. - Mit ihm lassen sich Oberfl\u00e4chen mit besonderen Lichtkontrasten erzielen, die sowohl klassische als auch moderne Umgebungen aufwerten und den aktuellen Trends in der Inneneinrichtung entsprechen. - CeboStyle Antico ist in einer breiten Palette von gebrauchsfertigen Basislacken erh\u00e4ltlich, die allen Anforderungen an Farbe und Metallic-Look gerecht werden.<\/p>\n\n    <div class=\"xs_social_share_widget xs_share_url after_content \t\tmain_content  wslu-style-1 wslu-share-box-shaped wslu-fill-colored wslu-none wslu-share-horizontal wslu-theme-font-no wslu-main_content\">\n\n\t\t\n        <ul>\n\t\t\t        <\/ul>\n    <\/div>","protected":false},"excerpt":{"rendered":"<p>Acryllack auf Wasserbasis f\u00fcr den Innenbereich<\/p>\n<p>&nbsp;<\/p>\n<p>N.B.: Es ist ratsam, den Anwendungszyklus in der Beschreibung nachzuschlagen.<\/p>","protected":false},"featured_media":26308,"comment_status":"open","ping_status":"closed","template":"","meta":[],"pwb-brand":[],"product_brand":[],"product_cat":[3882,3890,3876,3875],"product_tag":[],"class_list":{"0":"post-14701","1":"product","2":"type-product","3":"status-publish","4":"has-post-thumbnail","6":"product_cat-decorativi","7":"product_cat-finiture","8":"product_cat-interni","9":"product_cat-vernici","10":"pa_litri-05-l","11":"pa_litri-1-l","12":"pa_litri-25-l","13":"pa_litri-5-l","14":"pa_palette-cebostyle-antico-silver","16":"first","17":"instock","18":"sale","19":"taxable","20":"shipping-taxable","21":"purchasable","22":"product-type-variable","23":"has-default-attributes"},"brands":[{"id":3865,"name":"Cebos","slug":"cebos"}],"_links":{"self":[{"href":"https:\/\/colorsofmaster.com\/de\/wp-json\/wp\/v2\/product\/14701","targetHints":{"allow":["GET"]}}],"collection":[{"href":"https:\/\/colorsofmaster.com\/de\/wp-json\/wp\/v2\/product"}],"about":[{"href":"https:\/\/colorsofmaster.com\/de\/wp-json\/wp\/v2\/types\/product"}],"replies":[{"embeddable":true,"href":"https:\/\/colorsofmaster.com\/de\/wp-json\/wp\/v2\/comments?post=14701"}],"wp:featuredmedia":[{"embeddable":true,"href":"https:\/\/colorsofmaster.com\/de\/wp-json\/wp\/v2\/media\/26308"}],"wp:attachment":[{"href":"https:\/\/colorsofmaster.com\/de\/wp-json\/wp\/v2\/media?parent=14701"}],"wp:term":[{"taxonomy":"pwb-brand","embeddable":true,"href":"https:\/\/colorsofmaster.com\/de\/wp-json\/wp\/v2\/pwb-brand?post=14701"},{"taxonomy":"product_brand","embeddable":true,"href":"https:\/\/colorsofmaster.com\/de\/wp-json\/wp\/v2\/product_brand?post=14701"},{"taxonomy":"product_cat","embeddable":true,"href":"https:\/\/colorsofmaster.com\/de\/wp-json\/wp\/v2\/product_cat?post=14701"},{"taxonomy":"product_tag","embeddable":true,"href":"https:\/\/colorsofmaster.com\/de\/wp-json\/wp\/v2\/product_tag?post=14701"}],"curies":[{"name":"wp","href":"https:\/\/api.w.org\/{rel}","templated":true}]}}