{"id":14612,"date":"2020-09-19T15:34:00","date_gmt":"2020-09-19T13:34:00","guid":{"rendered":"https:\/\/colorsofmaster.com\/?product=cebos-cebosfera"},"modified":"2025-12-01T02:07:31","modified_gmt":"2025-12-01T01:07:31","slug":"cebos-cebosfera","status":"publish","type":"product","link":"https:\/\/colorsofmaster.com\/de\/product\/cebos-cebosfera\/","title":{"rendered":"CEBOS CEBOSPHERE"},"content":{"rendered":"<p><img fetchpriority=\"high\" decoding=\"async\" src=\"https:\/\/colorsofmaster.com\/wp-content\/uploads\/img\/cms\/cebosfera.png\" alt=\"\" width=\"557\" height=\"233\" \/><\/p>\n<p><span style=\"color: #ffffff;\">-<\/span><\/p>\n<p><em><a href=\"https:\/\/www.youtube.com\/watch?v=mv07UVou3Tc\"><strong><img decoding=\"async\" src=\"https:\/\/colorsofmaster.com\/wp-content\/uploads\/img\/cms\/img_349409.png\" alt=\"\" width=\"51\" height=\"38\" \/><\/strong><span style=\"text-decoration: underline;\"><strong>\u00a0 \u00a0<\/strong><strong>Siehe das Video zur Demonstration des ONDA-Effekts<\/strong><\/span><\/a><\/em><\/p>\n<p><em><a href=\"https:\/\/www.youtube.com\/watch?v=0GmZ5lRwYes\"><strong><img decoding=\"async\" src=\"https:\/\/colorsofmaster.com\/wp-content\/uploads\/img\/cms\/img_349409.png\" alt=\"\" width=\"51\" height=\"38\" \/><\/strong><span style=\"text-decoration: underline;\"><strong>\u00a0 \u00a0<\/strong><strong>Siehe Video zur Demonstration des COSMO-Effekts<\/strong><\/span><\/a><\/em><\/p>\n<p><em><a href=\"https:\/\/www.youtube.com\/watch?v=6BNS4lPnpM4\"><strong><img decoding=\"async\" src=\"https:\/\/colorsofmaster.com\/wp-content\/uploads\/img\/cms\/img_349409.png\" alt=\"\" width=\"51\" height=\"38\" \/><\/strong><span style=\"text-decoration: underline;\"><strong>\u00a0 \u00a0<\/strong><strong>Siehe Video zur Demonstration des ZEFFIRO-Effekts<\/strong><\/span><\/a><\/em><\/p>\n<p><em><a href=\"https:\/\/www.youtube.com\/watch?v=nzrFjUD3yMU\"><strong><img decoding=\"async\" src=\"https:\/\/colorsofmaster.com\/wp-content\/uploads\/img\/cms\/img_349409.png\" alt=\"\" width=\"51\" height=\"38\" \/><\/strong><span style=\"text-decoration: underline;\"><strong>\u00a0 \u00a0<\/strong><strong>Sehen Sie sich das Video zur Demonstration des NEBULA-Effekts an<\/strong><\/span><\/a><\/em><\/p>\n<p><span style=\"color: #ffffff;\">-<\/span><\/p>\n<p>Dekorative Beschichtung auf Wasserbasis f\u00fcr den Innenbereich auf Basis von Acrylharz, Glasperlen und Metallpigmenten.<\/p>\n<p><span style=\"color: #ffffff;\">-<\/span><\/p>\n<p>Die einfache Anwendung erm\u00f6glicht eine Vielzahl von Verfahren, je nach verwendeter Technik, Werkzeugen und Farben.<\/p>\n<p><span style=\"color: #ffffff;\">-<\/span><\/p>\n<p>Die auf diese Weise gestalteten W\u00e4nde zeichnen sich durch Helligkeit und Tiefe der Gestaltung aus und machen jeden Raum wertvoll und einzigartig.<\/p>\n<p><span style=\"color: #ffffff;\">-<\/span><\/p>\n<p>CeboSfera eignet sich f\u00fcr die Entwicklung neuer L\u00f6sungen, die aus dem Gesp\u00fcr und der Vorstellungskraft jedes Dekorateurs entstehen.<\/p>\n\n    <div class=\"xs_social_share_widget xs_share_url after_content \t\tmain_content  wslu-style-1 wslu-share-box-shaped wslu-fill-colored wslu-none wslu-share-horizontal wslu-theme-font-no wslu-main_content\">\n\n\t\t\n        <ul>\n\t\t\t        <\/ul>\n    <\/div>","protected":false},"excerpt":{"rendered":"<p>Dekorative Beschichtung auf Wasserbasis f\u00fcr den Innenbereich auf der Basis von Acrylharz.<\/p>\n<p>&nbsp;<\/p>\n<p>N.B.: Es ist ratsam, den Anwendungszyklus in der Beschreibung nachzuschlagen.<\/p>","protected":false},"featured_media":26100,"comment_status":"open","ping_status":"closed","template":"","meta":[],"pwb-brand":[],"product_brand":[],"product_cat":[3898,3882,3890,3876,3875],"product_tag":[],"class_list":{"0":"post-14612","1":"product","2":"type-product","3":"status-publish","4":"has-post-thumbnail","6":"product_cat-colorati","7":"product_cat-decorativi","8":"product_cat-finiture","9":"product_cat-interni","10":"product_cat-vernici","11":"pa_litri-1-l","12":"pa_litri-10-l","13":"pa_litri-3-l","14":"pa_litri-5-l","15":"pa_palette-cebosfera","17":"first","18":"instock","19":"sale","20":"taxable","21":"shipping-taxable","22":"purchasable","23":"product-type-variable","24":"has-default-attributes"},"brands":[{"id":3865,"name":"Cebos","slug":"cebos"}],"_links":{"self":[{"href":"https:\/\/colorsofmaster.com\/de\/wp-json\/wp\/v2\/product\/14612","targetHints":{"allow":["GET"]}}],"collection":[{"href":"https:\/\/colorsofmaster.com\/de\/wp-json\/wp\/v2\/product"}],"about":[{"href":"https:\/\/colorsofmaster.com\/de\/wp-json\/wp\/v2\/types\/product"}],"replies":[{"embeddable":true,"href":"https:\/\/colorsofmaster.com\/de\/wp-json\/wp\/v2\/comments?post=14612"}],"wp:featuredmedia":[{"embeddable":true,"href":"https:\/\/colorsofmaster.com\/de\/wp-json\/wp\/v2\/media\/26100"}],"wp:attachment":[{"href":"https:\/\/colorsofmaster.com\/de\/wp-json\/wp\/v2\/media?parent=14612"}],"wp:term":[{"taxonomy":"pwb-brand","embeddable":true,"href":"https:\/\/colorsofmaster.com\/de\/wp-json\/wp\/v2\/pwb-brand?post=14612"},{"taxonomy":"product_brand","embeddable":true,"href":"https:\/\/colorsofmaster.com\/de\/wp-json\/wp\/v2\/product_brand?post=14612"},{"taxonomy":"product_cat","embeddable":true,"href":"https:\/\/colorsofmaster.com\/de\/wp-json\/wp\/v2\/product_cat?post=14612"},{"taxonomy":"product_tag","embeddable":true,"href":"https:\/\/colorsofmaster.com\/de\/wp-json\/wp\/v2\/product_tag?post=14612"}],"curies":[{"name":"wp","href":"https:\/\/api.w.org\/{rel}","templated":true}]}}