{"id":32417,"date":"2024-06-19T10:38:36","date_gmt":"2024-06-19T08:38:36","guid":{"rendered":"https:\/\/colorsofmaster.com\/?post_type=product&#038;p=32417"},"modified":"2026-02-01T12:15:11","modified_gmt":"2026-02-01T11:15:11","slug":"giorgio-graesan-foglia-oro-missione-bundle","status":"publish","type":"product","link":"https:\/\/colorsofmaster.com\/cs\/product\/giorgio-graesan-foglia-oro-missione-bundle\/","title":{"rendered":"Giorgio Graesan Zlat\u00fd listov\u00fd obtisk (25ks) + Vodn\u00ed mise (62cc)"},"content":{"rendered":"<div class=\"xs_social_share_widget xs_share_url after_content \t\tmain_content  wslu-style-1 wslu-share-box-shaped wslu-fill-colored wslu-none wslu-share-horizontal wslu-theme-font-no wslu-main_content\">\n\n\t\t\n        <ul>\n\t\t\t        <\/ul>\n    <\/div>","protected":false},"excerpt":{"rendered":"<p>Dekora\u010dn\u00ed archy 14x14 cm a lepidlo.<br \/>\nBalen\u00ed obsahuje 25 list\u016f + 1 misku na vodu o objemu 62 cm3.<\/p>","protected":false},"featured_media":32418,"comment_status":"open","ping_status":"closed","template":"","meta":[],"pwb-brand":[6729],"product_brand":[],"product_cat":[3908,3882],"product_tag":[],"class_list":{"0":"post-32417","1":"product","2":"type-product","3":"status-publish","4":"has-post-thumbnail","6":"pwb-brand-giorgio-graesan","7":"product_cat-additivi","8":"product_cat-decorativi","10":"first","11":"instock","12":"sale","13":"taxable","14":"shipping-taxable","15":"purchasable","16":"product-type-simple"},"brands":[{"id":6729,"name":"Giorgio Graesan","slug":"giorgio-graesan"}],"_links":{"self":[{"href":"https:\/\/colorsofmaster.com\/cs\/wp-json\/wp\/v2\/product\/32417","targetHints":{"allow":["GET"]}}],"collection":[{"href":"https:\/\/colorsofmaster.com\/cs\/wp-json\/wp\/v2\/product"}],"about":[{"href":"https:\/\/colorsofmaster.com\/cs\/wp-json\/wp\/v2\/types\/product"}],"replies":[{"embeddable":true,"href":"https:\/\/colorsofmaster.com\/cs\/wp-json\/wp\/v2\/comments?post=32417"}],"wp:featuredmedia":[{"embeddable":true,"href":"https:\/\/colorsofmaster.com\/cs\/wp-json\/wp\/v2\/media\/32418"}],"wp:attachment":[{"href":"https:\/\/colorsofmaster.com\/cs\/wp-json\/wp\/v2\/media?parent=32417"}],"wp:term":[{"taxonomy":"pwb-brand","embeddable":true,"href":"https:\/\/colorsofmaster.com\/cs\/wp-json\/wp\/v2\/pwb-brand?post=32417"},{"taxonomy":"product_brand","embeddable":true,"href":"https:\/\/colorsofmaster.com\/cs\/wp-json\/wp\/v2\/product_brand?post=32417"},{"taxonomy":"product_cat","embeddable":true,"href":"https:\/\/colorsofmaster.com\/cs\/wp-json\/wp\/v2\/product_cat?post=32417"},{"taxonomy":"product_tag","embeddable":true,"href":"https:\/\/colorsofmaster.com\/cs\/wp-json\/wp\/v2\/product_tag?post=32417"}],"curies":[{"name":"wp","href":"https:\/\/api.w.org\/{rel}","templated":true}]}}