{"id":28658,"date":"2024-02-27T19:46:00","date_gmt":"2024-02-27T18:46:00","guid":{"rendered":"https:\/\/colorsofmaster.com\/?post_type=product&#038;p=28658"},"modified":"2026-04-30T13:58:07","modified_gmt":"2026-04-30T11:58:07","slug":"soragni-telo-copritutto-mt-2x10-mt-4x20","status":"publish","type":"product","link":"https:\/\/colorsofmaster.com\/cs\/product\/soragni-telo-copritutto-mt-2x10-mt-4x20\/","title":{"rendered":"St\u0159e\u0161n\u00ed krytina Soragni MT 4X10 \/ MT 2X20"},"content":{"rendered":"<p>Il Telo Copritutto Soragni \u00e8 indicato per fornire una protezione ai mobili e ai pavimenti da eventuali schizzi di colore che \u00e8 normale formare quando si va a pitturare un muro.<\/p>\n<p>Il telo in nylon viene venduto in rotoli singoli.<\/p>\n\n    <div class=\"xs_social_share_widget xs_share_url after_content \t\tmain_content  wslu-style-1 wslu-share-box-shaped wslu-fill-colored wslu-none wslu-share-horizontal wslu-theme-font-no wslu-main_content\">\n\n\t\t\n        <ul>\n\t\t\t        <\/ul>\n    <\/div>","protected":false},"excerpt":{"rendered":"<p>Il Telo Copritutto Soragni \u00e8 indicato per fornire una protezione ai mobili e ai pavimenti da eventuali schizzi di colore che \u00e8 normale formare quando si va a pitturare un muro.<\/p>","protected":false},"featured_media":31435,"comment_status":"open","ping_status":"closed","template":"","meta":[],"pwb-brand":[],"product_brand":[],"product_cat":[3881,3897],"product_tag":[],"class_list":{"0":"post-28658","1":"product","2":"type-product","3":"status-publish","4":"has-post-thumbnail","6":"product_cat-accessori","7":"product_cat-teli","9":"first","10":"instock","11":"sale","12":"taxable","13":"shipping-taxable","14":"purchasable","15":"product-type-variable","16":"has-default-attributes"},"brands":[],"_links":{"self":[{"href":"https:\/\/colorsofmaster.com\/cs\/wp-json\/wp\/v2\/product\/28658","targetHints":{"allow":["GET"]}}],"collection":[{"href":"https:\/\/colorsofmaster.com\/cs\/wp-json\/wp\/v2\/product"}],"about":[{"href":"https:\/\/colorsofmaster.com\/cs\/wp-json\/wp\/v2\/types\/product"}],"replies":[{"embeddable":true,"href":"https:\/\/colorsofmaster.com\/cs\/wp-json\/wp\/v2\/comments?post=28658"}],"wp:featuredmedia":[{"embeddable":true,"href":"https:\/\/colorsofmaster.com\/cs\/wp-json\/wp\/v2\/media\/31435"}],"wp:attachment":[{"href":"https:\/\/colorsofmaster.com\/cs\/wp-json\/wp\/v2\/media?parent=28658"}],"wp:term":[{"taxonomy":"pwb-brand","embeddable":true,"href":"https:\/\/colorsofmaster.com\/cs\/wp-json\/wp\/v2\/pwb-brand?post=28658"},{"taxonomy":"product_brand","embeddable":true,"href":"https:\/\/colorsofmaster.com\/cs\/wp-json\/wp\/v2\/product_brand?post=28658"},{"taxonomy":"product_cat","embeddable":true,"href":"https:\/\/colorsofmaster.com\/cs\/wp-json\/wp\/v2\/product_cat?post=28658"},{"taxonomy":"product_tag","embeddable":true,"href":"https:\/\/colorsofmaster.com\/cs\/wp-json\/wp\/v2\/product_tag?post=28658"}],"curies":[{"name":"wp","href":"https:\/\/api.w.org\/{rel}","templated":true}]}}