{"id":20761,"date":"2023-03-08T14:03:00","date_gmt":"2023-03-08T13:03:00","guid":{"rendered":"https:\/\/colorsofmaster.com\/?post_type=product&#038;p=20761"},"modified":"2026-02-01T11:53:44","modified_gmt":"2026-02-01T10:53:44","slug":"giorgio-graesan-whitepaint","status":"publish","type":"product","link":"https:\/\/colorsofmaster.com\/cs\/product\/giorgio-graesan-whitepaint\/","title":{"rendered":"Giorgio Graesan B\u00cdL\u00c1 BARVA"},"content":{"rendered":"<p>Pln\u011b omyvateln\u00e9 neagresivn\u00edmi m\u00fddly.<br \/>\nDoba su\u0161en\u00ed 6 a\u017e 8 hodin.<br \/>\nSkladujte na chladn\u00e9m a such\u00e9m m\u00edst\u011b mimo dosah vlhkosti a mrazu.<br \/>\nBez rozpou\u0161t\u011bdel - Neho\u0159lav\u00fd - Omyvateln\u00fd - Prody\u0161n\u00fd<br \/>\nRegula\u010dn\u00ed informace<br \/>\nMezn\u00ed hodnota povol\u00e1n\u00ed EU pro tento produkt (kat. A\/I): 200 g\/l (2010)<br \/>\nMaxim\u00e1ln\u00ed obsah voc 40 g\/l<br \/>\nIdentifikace nebezpe\u010d\u00ed<br \/>\nEUH208 obsahuje: sm\u011bs 5-chlor-2-methyl-2-hisothiazol-3-onu, 2-methyl-2-hisothiazol-3-onu.<br \/>\nM\u016f\u017ee zp\u016fsobit alergickou reakci.<\/p>\n\n    <div class=\"xs_social_share_widget xs_share_url after_content \t\tmain_content  wslu-style-1 wslu-share-box-shaped wslu-fill-colored wslu-none wslu-share-horizontal wslu-theme-font-no wslu-main_content\">\n\n\t\t\n        <ul>\n\t\t\t        <\/ul>\n    <\/div>","protected":false},"excerpt":{"rendered":"<p>B\u00edl\u00e1 barva je duhov\u00fd produkt dostupn\u00fd ve 169 odst\u00ednech. Skl\u00e1d\u00e1 se ze st\u0159\u00edb\u0159it\u011b b\u00edl\u00fdch perle\u0165ov\u00fdch vlo\u010dek a rozz\u00e1\u0159\u00ed va\u0161e st\u011bny odlesky.....<\/p>","protected":false},"featured_media":26164,"comment_status":"open","ping_status":"closed","template":"","meta":[],"pwb-brand":[],"product_brand":[],"product_cat":[3882,3890,3876,3875],"product_tag":[],"class_list":{"0":"post-20761","1":"product","2":"type-product","3":"status-publish","4":"has-post-thumbnail","6":"product_cat-decorativi","7":"product_cat-finiture","8":"product_cat-interni","9":"product_cat-vernici","10":"pa_litri-1-l","11":"pa_litri-25-l","12":"pa_litri-5-l","13":"pa_palette-whitepaint","15":"first","16":"instock","17":"sale","18":"taxable","19":"shipping-taxable","20":"purchasable","21":"product-type-variable","22":"has-default-attributes"},"brands":[{"id":6729,"name":"Giorgio Graesan","slug":"giorgio-graesan"}],"_links":{"self":[{"href":"https:\/\/colorsofmaster.com\/cs\/wp-json\/wp\/v2\/product\/20761","targetHints":{"allow":["GET"]}}],"collection":[{"href":"https:\/\/colorsofmaster.com\/cs\/wp-json\/wp\/v2\/product"}],"about":[{"href":"https:\/\/colorsofmaster.com\/cs\/wp-json\/wp\/v2\/types\/product"}],"replies":[{"embeddable":true,"href":"https:\/\/colorsofmaster.com\/cs\/wp-json\/wp\/v2\/comments?post=20761"}],"wp:featuredmedia":[{"embeddable":true,"href":"https:\/\/colorsofmaster.com\/cs\/wp-json\/wp\/v2\/media\/26164"}],"wp:attachment":[{"href":"https:\/\/colorsofmaster.com\/cs\/wp-json\/wp\/v2\/media?parent=20761"}],"wp:term":[{"taxonomy":"pwb-brand","embeddable":true,"href":"https:\/\/colorsofmaster.com\/cs\/wp-json\/wp\/v2\/pwb-brand?post=20761"},{"taxonomy":"product_brand","embeddable":true,"href":"https:\/\/colorsofmaster.com\/cs\/wp-json\/wp\/v2\/product_brand?post=20761"},{"taxonomy":"product_cat","embeddable":true,"href":"https:\/\/colorsofmaster.com\/cs\/wp-json\/wp\/v2\/product_cat?post=20761"},{"taxonomy":"product_tag","embeddable":true,"href":"https:\/\/colorsofmaster.com\/cs\/wp-json\/wp\/v2\/product_tag?post=20761"}],"curies":[{"name":"wp","href":"https:\/\/api.w.org\/{rel}","templated":true}]}}