{"id":19135,"date":"2022-12-27T13:58:24","date_gmt":"2022-12-27T12:58:24","guid":{"rendered":"https:\/\/colorsofmaster.com\/?product=muffatek-tekmed-detergente-per-la-pulizia-di-superfici-murali-attecchite-da-alghemuffe"},"modified":"2026-02-27T18:06:34","modified_gmt":"2026-02-27T17:06:34","slug":"muffatek-tekmed-detergente-per-la-pulizia-di-superfici-murali-attecchite-da-alghe-muffe","status":"publish","type":"product","link":"https:\/\/colorsofmaster.com\/cs\/product\/muffatek-tekmed-detergente-per-la-pulizia-di-superfici-murali-attecchite-da-alghe-muffe\/","title":{"rendered":"MUFFATEK TEKMED \u010cistic\u00ed prost\u0159edek na \u010di\u0161t\u011bn\u00ed povrch\u016f st\u011bn napaden\u00fdch \u0159asami\/pl\u00edsn\u011bmi"},"content":{"rendered":"<p><strong>FUNKCE<\/strong><\/p>\n<p>Detergente specifico per la pulizia di superfici murali attecchite da alghe\/muffe.<\/p>\n<p><strong>ZAM\u011aSTN\u00c1N\u00cd<\/strong><\/p>\n<p>Impiego universale. Adatto a sanificare manufatti di cemento, facciate a vista e in pietra, pareti murali o superfici gi\u00e0 verniciate<\/p>\n<p><strong>APLIKACE\u00a0<\/strong><\/p>\n<p>Agitare accuratamente prima dell\u2019uso, applicare a pennello o rullo direttamente sulla superficie da risanare. E\u2019 importante trattare tutta la superficie dove \u00e8 presente la muffa, quindi non limitandosi alla sola fascia dove sono visibili muffe\/alghe, ma anche le zone adiacenti.<\/p>\n\n    <div class=\"xs_social_share_widget xs_share_url after_content \t\tmain_content  wslu-style-1 wslu-share-box-shaped wslu-fill-colored wslu-none wslu-share-horizontal wslu-theme-font-no wslu-main_content\">\n\n\t\t\n        <ul>\n\t\t\t        <\/ul>\n    <\/div>","protected":false},"excerpt":{"rendered":"<p>Detergente specifico per la pulizia di superfici murali attecchite da alghe\/muffe.<\/p>","protected":false},"featured_media":26290,"comment_status":"open","ping_status":"closed","template":"","meta":[],"pwb-brand":[3874],"product_brand":[],"product_cat":[3889,3876],"product_tag":[],"class_list":{"0":"post-19135","1":"product","2":"type-product","3":"status-publish","4":"has-post-thumbnail","6":"pwb-brand-muffatek","7":"product_cat-antimuffa-anticondensa","8":"product_cat-interni","9":"pa_litri-1-l","10":"pa_litri-5-l","12":"first","13":"instock","14":"sale","15":"taxable","16":"shipping-taxable","17":"purchasable","18":"product-type-variable","19":"has-default-attributes"},"brands":[{"id":3874,"name":"Muffatek","slug":"muffatek"}],"_links":{"self":[{"href":"https:\/\/colorsofmaster.com\/cs\/wp-json\/wp\/v2\/product\/19135","targetHints":{"allow":["GET"]}}],"collection":[{"href":"https:\/\/colorsofmaster.com\/cs\/wp-json\/wp\/v2\/product"}],"about":[{"href":"https:\/\/colorsofmaster.com\/cs\/wp-json\/wp\/v2\/types\/product"}],"replies":[{"embeddable":true,"href":"https:\/\/colorsofmaster.com\/cs\/wp-json\/wp\/v2\/comments?post=19135"}],"wp:featuredmedia":[{"embeddable":true,"href":"https:\/\/colorsofmaster.com\/cs\/wp-json\/wp\/v2\/media\/26290"}],"wp:attachment":[{"href":"https:\/\/colorsofmaster.com\/cs\/wp-json\/wp\/v2\/media?parent=19135"}],"wp:term":[{"taxonomy":"pwb-brand","embeddable":true,"href":"https:\/\/colorsofmaster.com\/cs\/wp-json\/wp\/v2\/pwb-brand?post=19135"},{"taxonomy":"product_brand","embeddable":true,"href":"https:\/\/colorsofmaster.com\/cs\/wp-json\/wp\/v2\/product_brand?post=19135"},{"taxonomy":"product_cat","embeddable":true,"href":"https:\/\/colorsofmaster.com\/cs\/wp-json\/wp\/v2\/product_cat?post=19135"},{"taxonomy":"product_tag","embeddable":true,"href":"https:\/\/colorsofmaster.com\/cs\/wp-json\/wp\/v2\/product_tag?post=19135"}],"curies":[{"name":"wp","href":"https:\/\/api.w.org\/{rel}","templated":true}]}}