{"id":19042,"date":"2022-07-21T14:36:31","date_gmt":"2022-07-21T12:36:31","guid":{"rendered":"https:\/\/colorsofmaster.com\/?product=mirka-manicotto-per-tubo-e-cavo"},"modified":"2026-04-12T23:28:51","modified_gmt":"2026-04-12T21:28:51","slug":"mirka-manicotto-38m-per-tubo-e-cavo","status":"publish","type":"product","link":"https:\/\/colorsofmaster.com\/cs\/product\/mirka-manicotto-38m-per-tubo-e-cavo\/","title":{"rendered":"Trubkov\u00e1 a kabelov\u00e1 obj\u00edmka MIRKA"},"content":{"rendered":"<div class=\"xs_social_share_widget xs_share_url after_content \t\tmain_content  wslu-style-1 wslu-share-box-shaped wslu-fill-colored wslu-none wslu-share-horizontal wslu-theme-font-no wslu-main_content\">\n\n\t\t\n        <ul>\n\t\t\t        <\/ul>\n    <\/div>","protected":false},"excerpt":{"rendered":"<p>Manicotto per unire cavo e tubo di aspirazione.<\/p>","protected":false},"featured_media":26343,"comment_status":"open","ping_status":"closed","template":"","meta":[],"pwb-brand":[],"product_brand":[],"product_cat":[3969,3972,3968],"product_tag":[],"class_list":{"0":"post-19042","1":"product","2":"type-product","3":"status-publish","4":"has-post-thumbnail","6":"product_cat-accessori-2","7":"product_cat-mirka-15","8":"product_cat-utensili","9":"pa_misura-34-m","10":"pa_misura-58-m","11":"pa_misura-98-m","13":"first","14":"instock","15":"sale","16":"taxable","17":"shipping-taxable","18":"purchasable","19":"product-type-variable","20":"has-default-attributes"},"brands":[{"id":6853,"name":"Mirka","slug":"mirka"}],"_links":{"self":[{"href":"https:\/\/colorsofmaster.com\/cs\/wp-json\/wp\/v2\/product\/19042","targetHints":{"allow":["GET"]}}],"collection":[{"href":"https:\/\/colorsofmaster.com\/cs\/wp-json\/wp\/v2\/product"}],"about":[{"href":"https:\/\/colorsofmaster.com\/cs\/wp-json\/wp\/v2\/types\/product"}],"replies":[{"embeddable":true,"href":"https:\/\/colorsofmaster.com\/cs\/wp-json\/wp\/v2\/comments?post=19042"}],"wp:featuredmedia":[{"embeddable":true,"href":"https:\/\/colorsofmaster.com\/cs\/wp-json\/wp\/v2\/media\/26343"}],"wp:attachment":[{"href":"https:\/\/colorsofmaster.com\/cs\/wp-json\/wp\/v2\/media?parent=19042"}],"wp:term":[{"taxonomy":"pwb-brand","embeddable":true,"href":"https:\/\/colorsofmaster.com\/cs\/wp-json\/wp\/v2\/pwb-brand?post=19042"},{"taxonomy":"product_brand","embeddable":true,"href":"https:\/\/colorsofmaster.com\/cs\/wp-json\/wp\/v2\/product_brand?post=19042"},{"taxonomy":"product_cat","embeddable":true,"href":"https:\/\/colorsofmaster.com\/cs\/wp-json\/wp\/v2\/product_cat?post=19042"},{"taxonomy":"product_tag","embeddable":true,"href":"https:\/\/colorsofmaster.com\/cs\/wp-json\/wp\/v2\/product_tag?post=19042"}],"curies":[{"name":"wp","href":"https:\/\/api.w.org\/{rel}","templated":true}]}}