{"id":19012,"date":"2022-07-21T14:00:00","date_gmt":"2022-07-21T12:00:00","guid":{"rendered":"https:\/\/colorsofmaster.com\/?product=mirka-abranet-dischi-carta-vetro-con-supporto-di-rete-225-mm"},"modified":"2026-02-26T00:53:46","modified_gmt":"2026-02-25T23:53:46","slug":"mirka-abranet-dischi-carta-vetro-con-supporto-di-rete-225-mm","status":"publish","type":"product","link":"https:\/\/colorsofmaster.com\/cs\/product\/mirka-abranet-dischi-carta-vetro-con-supporto-di-rete-225-mm\/","title":{"rendered":"MIRKA ABRANET Sklen\u011bn\u00e9 pap\u00edrov\u00e9 kotou\u010de se s\u00ed\u0165ov\u00fdm dr\u017e\u00e1kem 225 mm"},"content":{"rendered":"<div class=\"xs_social_share_widget xs_share_url after_content \t\tmain_content  wslu-style-1 wslu-share-box-shaped wslu-fill-colored wslu-none wslu-share-horizontal wslu-theme-font-no wslu-main_content\">\n\n\t\t\n        <ul>\n\t\t\t        <\/ul>\n    <\/div>","protected":false},"excerpt":{"rendered":"<p>Abranet se od b\u011b\u017en\u00fdch brusiv li\u0161\u00ed svou jedine\u010dnou podlo\u017ekou:<\/p>\n<p>&nbsp;<\/p>\n<p>polyamidov\u00e1 s\u00ed\u0165ka, v n\u00ed\u017e je vzd\u00e1lenost mezi ka\u017edou prachovou \u010d\u00e1stic\u00ed a nejbli\u017e\u0161\u00edm mikrootvorem jen p\u016fl milimetru.<\/p>\n<p>&nbsp;<\/p>\n<p>T\u00edm je zaji\u0161t\u011bno vynikaj\u00edc\u00ed s\u00e1n\u00ed, tak\u017ee se brusivo neucp\u00e1v\u00e1, vydr\u017e\u00ed d\u00e9le a d\u00e1v\u00e1 v\u011bt\u0161\u00ed v\u00fdnosy.<\/p>","protected":false},"featured_media":27932,"comment_status":"open","ping_status":"closed","template":"","meta":[],"pwb-brand":[],"product_brand":[],"product_cat":[3881,3969,3970,3968],"product_tag":[],"class_list":{"0":"post-19012","1":"product","2":"type-product","3":"status-publish","4":"has-post-thumbnail","6":"product_cat-accessori","7":"product_cat-accessori-2","8":"product_cat-mirka-30","9":"product_cat-utensili","10":"pa_misura-p100","11":"pa_misura-p120","12":"pa_misura-p150","13":"pa_misura-p180","14":"pa_misura-p240","15":"pa_misura-p320","16":"pa_misura-p80","18":"first","19":"instock","20":"sale","21":"taxable","22":"shipping-taxable","23":"purchasable","24":"product-type-variable","25":"has-default-attributes"},"brands":[{"id":6853,"name":"Mirka","slug":"mirka"}],"_links":{"self":[{"href":"https:\/\/colorsofmaster.com\/cs\/wp-json\/wp\/v2\/product\/19012","targetHints":{"allow":["GET"]}}],"collection":[{"href":"https:\/\/colorsofmaster.com\/cs\/wp-json\/wp\/v2\/product"}],"about":[{"href":"https:\/\/colorsofmaster.com\/cs\/wp-json\/wp\/v2\/types\/product"}],"replies":[{"embeddable":true,"href":"https:\/\/colorsofmaster.com\/cs\/wp-json\/wp\/v2\/comments?post=19012"}],"wp:featuredmedia":[{"embeddable":true,"href":"https:\/\/colorsofmaster.com\/cs\/wp-json\/wp\/v2\/media\/27932"}],"wp:attachment":[{"href":"https:\/\/colorsofmaster.com\/cs\/wp-json\/wp\/v2\/media?parent=19012"}],"wp:term":[{"taxonomy":"pwb-brand","embeddable":true,"href":"https:\/\/colorsofmaster.com\/cs\/wp-json\/wp\/v2\/pwb-brand?post=19012"},{"taxonomy":"product_brand","embeddable":true,"href":"https:\/\/colorsofmaster.com\/cs\/wp-json\/wp\/v2\/product_brand?post=19012"},{"taxonomy":"product_cat","embeddable":true,"href":"https:\/\/colorsofmaster.com\/cs\/wp-json\/wp\/v2\/product_cat?post=19012"},{"taxonomy":"product_tag","embeddable":true,"href":"https:\/\/colorsofmaster.com\/cs\/wp-json\/wp\/v2\/product_tag?post=19012"}],"curies":[{"name":"wp","href":"https:\/\/api.w.org\/{rel}","templated":true}]}}