{"id":18931,"date":"2022-05-06T17:13:27","date_gmt":"2022-05-06T15:13:27","guid":{"rendered":"https:\/\/colorsofmaster.com\/?product=tytan-cleaner-pulitore-schiuma-poliuretanica-non-indurita-500-ml"},"modified":"2025-08-06T11:00:47","modified_gmt":"2025-08-06T09:00:47","slug":"tytan-cleaner-pulitore-schiuma-poliuretanica-non-indurita-500-ml","status":"publish","type":"product","link":"https:\/\/colorsofmaster.com\/cs\/product\/tytan-cleaner-pulitore-schiuma-poliuretanica-non-indurita-500-ml\/","title":{"rendered":"TYTAN CLEANER P\u011bnov\u00fd \u010distic\u00ed prost\u0159edek na netvrzen\u00fd polyuretan 500 ml"},"content":{"rendered":"<div class=\"xs_social_share_widget xs_share_url after_content \t\tmain_content  wslu-style-1 wslu-share-box-shaped wslu-fill-colored wslu-none wslu-share-horizontal wslu-theme-font-no wslu-main_content\">\n\n\t\t\n        <ul>\n\t\t\t        <\/ul>\n    <\/div>","protected":false},"excerpt":{"rendered":"<p>Vynikaj\u00edc\u00ed pro odstra\u0148ov\u00e1n\u00ed polyuretanov\u00e9 p\u011bny a lepidel, pokud nejsou ztuhl\u00e9.<\/p>\n<p><\/p>\n<p>Doporu\u010deno pro \u010di\u0161t\u011bn\u00ed zbran\u00ed<\/p>\n<p><\/p>\n<p>Doporu\u010deno pro \u010di\u0161t\u011bn\u00ed ventil\u016f v\u00e1lc\u016f<\/p>\n<p><\/p>\n<p>Navr\u017eeno pro mnohostrann\u00e9 pou\u017eit\u00ed<\/p>","protected":false},"featured_media":18932,"comment_status":"open","ping_status":"closed","template":"","meta":[],"pwb-brand":[],"product_brand":[],"product_cat":[3881,3905],"product_tag":[],"class_list":{"0":"post-18931","1":"product","2":"type-product","3":"status-publish","4":"has-post-thumbnail","6":"product_cat-accessori","7":"product_cat-sigillanti","9":"first","10":"instock","11":"sale","12":"taxable","13":"shipping-taxable","14":"purchasable","15":"product-type-simple"},"brands":[],"_links":{"self":[{"href":"https:\/\/colorsofmaster.com\/cs\/wp-json\/wp\/v2\/product\/18931","targetHints":{"allow":["GET"]}}],"collection":[{"href":"https:\/\/colorsofmaster.com\/cs\/wp-json\/wp\/v2\/product"}],"about":[{"href":"https:\/\/colorsofmaster.com\/cs\/wp-json\/wp\/v2\/types\/product"}],"replies":[{"embeddable":true,"href":"https:\/\/colorsofmaster.com\/cs\/wp-json\/wp\/v2\/comments?post=18931"}],"wp:featuredmedia":[{"embeddable":true,"href":"https:\/\/colorsofmaster.com\/cs\/wp-json\/wp\/v2\/media\/18932"}],"wp:attachment":[{"href":"https:\/\/colorsofmaster.com\/cs\/wp-json\/wp\/v2\/media?parent=18931"}],"wp:term":[{"taxonomy":"pwb-brand","embeddable":true,"href":"https:\/\/colorsofmaster.com\/cs\/wp-json\/wp\/v2\/pwb-brand?post=18931"},{"taxonomy":"product_brand","embeddable":true,"href":"https:\/\/colorsofmaster.com\/cs\/wp-json\/wp\/v2\/product_brand?post=18931"},{"taxonomy":"product_cat","embeddable":true,"href":"https:\/\/colorsofmaster.com\/cs\/wp-json\/wp\/v2\/product_cat?post=18931"},{"taxonomy":"product_tag","embeddable":true,"href":"https:\/\/colorsofmaster.com\/cs\/wp-json\/wp\/v2\/product_tag?post=18931"}],"curies":[{"name":"wp","href":"https:\/\/api.w.org\/{rel}","templated":true}]}}