{"id":17062,"date":"2021-04-15T19:05:19","date_gmt":"2021-04-15T17:05:19","guid":{"rendered":"https:\/\/colorsofmaster.com\/?product=cebos-cebostyle-antico-star-black"},"modified":"2026-04-13T12:14:22","modified_gmt":"2026-04-13T10:14:22","slug":"cebos-cebostyle-antico-star-black","status":"publish","type":"product","link":"https:\/\/colorsofmaster.com\/cs\/product\/cebos-cebostyle-antico-star-black\/","title":{"rendered":"CEBOS Cebostyle Antico Star Black"},"content":{"rendered":"<p><img fetchpriority=\"high\" decoding=\"async\" src=\"https:\/\/colorsofmaster.com\/wp-content\/uploads\/img\/cms\/cebostyle_Antico_Silver.jpg\" alt=\"cebostyle_Antico_Silver.jpg\" width=\"564\" height=\"235\" \/><\/p>\n<p><span style=\"color: #ffffff;\">-<\/span><\/p>\n<p>Finitura acrilica all\u2019acqua per interni, lavabile, coprente, dall\u2019aspetto metallico.<\/p>\n<p><span style=\"color: #ffffff;\">-<\/span><\/p>\n<p>Permette di ottenere superfici dai particolari contrasti di luce, tali da valorizzare gli ambienti sia classici sia moderni, in linea con le attuali tendenze della decorazione d\u2019interni.<\/p>\n<p><span style=\"color: #ffffff;\">-<\/span><\/p>\n<p>CeboStyle Antico \u00e8 disponibile in un ampia gamma di basi pronte, per soddisfare tutte le esigenze cromatiche e le tipologie di aspetto metallico<\/p>\n\n    <div class=\"xs_social_share_widget xs_share_url after_content \t\tmain_content  wslu-style-1 wslu-share-box-shaped wslu-fill-colored wslu-none wslu-share-horizontal wslu-theme-font-no wslu-main_content\">\n\n\t\t\n        <ul>\n\t\t\t        <\/ul>\n    <\/div>","protected":false},"excerpt":{"rendered":"<p>Akryl\u00e1tov\u00e1 povrchov\u00e1 \u00faprava na vodn\u00ed b\u00e1zi pro pou\u017eit\u00ed v interi\u00e9ru<\/p>\n<p>&nbsp;<\/p>\n<p>Pozn\u00e1mka: V popisu je vhodn\u00e9 konzultovat aplika\u010dn\u00ed cyklus.<\/p>","protected":false},"featured_media":26310,"comment_status":"open","ping_status":"closed","template":"","meta":[],"pwb-brand":[],"product_brand":[],"product_cat":[3882,3890,3876,3875],"product_tag":[],"class_list":{"0":"post-17062","1":"product","2":"type-product","3":"status-publish","4":"has-post-thumbnail","6":"product_cat-decorativi","7":"product_cat-finiture","8":"product_cat-interni","9":"product_cat-vernici","10":"pa_litri-05-l","11":"pa_litri-1-l","12":"pa_litri-25-l","14":"first","15":"instock","16":"sale","17":"taxable","18":"shipping-taxable","19":"purchasable","20":"product-type-variable","21":"has-default-attributes"},"brands":[{"id":3865,"name":"Cebos","slug":"cebos"}],"_links":{"self":[{"href":"https:\/\/colorsofmaster.com\/cs\/wp-json\/wp\/v2\/product\/17062","targetHints":{"allow":["GET"]}}],"collection":[{"href":"https:\/\/colorsofmaster.com\/cs\/wp-json\/wp\/v2\/product"}],"about":[{"href":"https:\/\/colorsofmaster.com\/cs\/wp-json\/wp\/v2\/types\/product"}],"replies":[{"embeddable":true,"href":"https:\/\/colorsofmaster.com\/cs\/wp-json\/wp\/v2\/comments?post=17062"}],"wp:featuredmedia":[{"embeddable":true,"href":"https:\/\/colorsofmaster.com\/cs\/wp-json\/wp\/v2\/media\/26310"}],"wp:attachment":[{"href":"https:\/\/colorsofmaster.com\/cs\/wp-json\/wp\/v2\/media?parent=17062"}],"wp:term":[{"taxonomy":"pwb-brand","embeddable":true,"href":"https:\/\/colorsofmaster.com\/cs\/wp-json\/wp\/v2\/pwb-brand?post=17062"},{"taxonomy":"product_brand","embeddable":true,"href":"https:\/\/colorsofmaster.com\/cs\/wp-json\/wp\/v2\/product_brand?post=17062"},{"taxonomy":"product_cat","embeddable":true,"href":"https:\/\/colorsofmaster.com\/cs\/wp-json\/wp\/v2\/product_cat?post=17062"},{"taxonomy":"product_tag","embeddable":true,"href":"https:\/\/colorsofmaster.com\/cs\/wp-json\/wp\/v2\/product_tag?post=17062"}],"curies":[{"name":"wp","href":"https:\/\/api.w.org\/{rel}","templated":true}]}}