{"id":15221,"date":"2020-12-15T19:06:00","date_gmt":"2020-12-15T18:06:00","guid":{"rendered":"https:\/\/colorsofmaster.com\/?product=sikkens-alpha-desert-finitura-decorativa-all%e2%80%99acqua"},"modified":"2026-04-24T18:50:24","modified_gmt":"2026-04-24T16:50:24","slug":"alpha-desert-sikkens-finitura-decorativa-allacqua","status":"publish","type":"product","link":"https:\/\/colorsofmaster.com\/cs\/product\/alpha-desert-sikkens-finitura-decorativa-allacqua\/","title":{"rendered":"SIKKENS ALPHA DESERT Dekorativn\u00ed vrchn\u00ed n\u00e1t\u011br na vodn\u00ed b\u00e1zi"},"content":{"rendered":"<table style=\"height: 110px; width: 600px;\" border=\"2\" width=\"600\">\n<tbody>\n<tr>\n<td style=\"text-align: center;\"><b><i>Fond<\/i><\/b><\/td>\n<td style=\"text-align: center;\"><span style=\"text-decoration: underline;\"><a href=\"https:\/\/colorsofmaster.com\/fondi\/1202-alpha-bl-grond-sikkens-fondo-isolante-allacqua.html\">BL GROND<\/a><br \/>\n<\/span><\/td>\n<\/tr>\n<tr>\n<td style=\"text-align: center;\"><b><i>Dokon\u010dovac\u00ed pr\u00e1ce<\/i><\/b><\/td>\n<td style=\"text-align: center;\">ALPHA DESERT<\/td>\n<\/tr>\n<tr>\n<td style=\"text-align: center;\"><b><i>Ochrann\u00e9<\/i><\/b><\/td>\n<td style=\"text-align: center;\"><span style=\"text-decoration: underline;\"><a href=\"https:\/\/colorsofmaster.com\/finiture\/1173-alpha-clearcoat-satin-sikkens-finitura-incolore-satinata-per-la-protezione-di-effetti-decorativi-pitture-e-smalti.html\">ALPHA CLEAR COAT SATIN<\/a><br \/>\n<\/span><\/td>\n<\/tr>\n<\/tbody>\n<\/table>\n<p><span style=\"font-weight: 600; color: #ffffff;\">&#8211;<\/span><\/p>\n<p><span style=\"font-weight: 600; padding-top: 1em; display: block;\">Vlastnosti:<\/span><\/p>\n<p>Altamente decorativo.<\/p>\n<p>Facile da applicare.<\/p>\n<p>Facile manutenzione.<\/p>\n<p>Sovraverniciabile con qualsiasi pittura all\u2019acqua.<\/p>\n<p><span style=\"font-weight: 600; padding-top: 1em; display: block;\">Hlavn\u00ed funkce:<\/span><\/p>\n<p>Crea eleganti effetti sabbiati<\/p>\n<p><span style=\"font-weight: 600; padding-top: 1em; display: block;\">Caratteristiche tecniche<\/span><\/p>\n<p>Such\u00fd na dotek: Such\u00fd na dotek po 2-3 hodin\u00e1ch.<\/p>\n<p>P\u0159ebarviteln\u00fd: P\u0159ebarviteln\u00fd po 4-6 hodin\u00e1ch.<\/p>\n<p>Resa: 8-10 m\u00b2\/l per mano. La resa pu\u00f2 variare in base alle caratteristiche di ruvidit\u00e0, porosit\u00e0 e assorbimento dei supporti.<\/p>\n<p>Podrobn\u00e9 informace a p\u0159ed pou\u017eit\u00edm v\u00fdrobku naleznete v p\u0159\u00edslu\u0161n\u00e9m datov\u00e9m listu.<\/p>\n<p><span style=\"color: #ffffff;\">-<\/span><\/p>\n\n    <div class=\"xs_social_share_widget xs_share_url after_content \t\tmain_content  wslu-style-1 wslu-share-box-shaped wslu-fill-colored wslu-none wslu-share-horizontal wslu-theme-font-no wslu-main_content\">\n\n\t\t\n        <ul>\n\t\t\t        <\/ul>\n    <\/div>","protected":false},"excerpt":{"rendered":"<p>Finitura decorativa all\u2019acqua di aspetto metallico testurizzato per impiego su superfici all\u2019interno.<\/p>","protected":false},"featured_media":26629,"comment_status":"open","ping_status":"closed","template":"","meta":[],"pwb-brand":[],"product_brand":[],"product_cat":[3882,3890,3876,3875],"product_tag":[6863],"class_list":{"0":"post-15221","1":"product","2":"type-product","3":"status-publish","4":"has-post-thumbnail","6":"product_cat-decorativi","7":"product_cat-finiture","8":"product_cat-interni","9":"product_cat-vernici","10":"product_tag-sikkens","11":"pa_litri-1-l","12":"pa_litri-10-l","13":"pa_litri-25-l","14":"pa_palette-alpha-desert","15":"pa_palette-alpha-desert-e-alize","17":"first","18":"instock","19":"sale","20":"taxable","21":"shipping-taxable","22":"purchasable","23":"product-type-variable","24":"has-default-attributes"},"brands":[{"id":3861,"name":"Sikkens","slug":"sikkens"}],"_links":{"self":[{"href":"https:\/\/colorsofmaster.com\/cs\/wp-json\/wp\/v2\/product\/15221","targetHints":{"allow":["GET"]}}],"collection":[{"href":"https:\/\/colorsofmaster.com\/cs\/wp-json\/wp\/v2\/product"}],"about":[{"href":"https:\/\/colorsofmaster.com\/cs\/wp-json\/wp\/v2\/types\/product"}],"replies":[{"embeddable":true,"href":"https:\/\/colorsofmaster.com\/cs\/wp-json\/wp\/v2\/comments?post=15221"}],"wp:featuredmedia":[{"embeddable":true,"href":"https:\/\/colorsofmaster.com\/cs\/wp-json\/wp\/v2\/media\/26629"}],"wp:attachment":[{"href":"https:\/\/colorsofmaster.com\/cs\/wp-json\/wp\/v2\/media?parent=15221"}],"wp:term":[{"taxonomy":"pwb-brand","embeddable":true,"href":"https:\/\/colorsofmaster.com\/cs\/wp-json\/wp\/v2\/pwb-brand?post=15221"},{"taxonomy":"product_brand","embeddable":true,"href":"https:\/\/colorsofmaster.com\/cs\/wp-json\/wp\/v2\/product_brand?post=15221"},{"taxonomy":"product_cat","embeddable":true,"href":"https:\/\/colorsofmaster.com\/cs\/wp-json\/wp\/v2\/product_cat?post=15221"},{"taxonomy":"product_tag","embeddable":true,"href":"https:\/\/colorsofmaster.com\/cs\/wp-json\/wp\/v2\/product_tag?post=15221"}],"curies":[{"name":"wp","href":"https:\/\/api.w.org\/{rel}","templated":true}]}}