{"id":15084,"date":"2020-12-07T16:47:00","date_gmt":"2020-12-07T15:47:00","guid":{"rendered":"https:\/\/colorsofmaster.com\/?product=herbol-putzgrund-impregnante-all%e2%80%99acqua-trasparente"},"modified":"2026-05-07T12:37:55","modified_gmt":"2026-05-07T10:37:55","slug":"herbol-putzgrund-impregnante-allacqua-trasparente","status":"publish","type":"product","link":"https:\/\/colorsofmaster.com\/cs\/product\/herbol-putzgrund-impregnante-allacqua-trasparente\/","title":{"rendered":"HERBOL PUTZGRUND Transparentn\u00ed impregna\u010dn\u00ed prost\u0159edek na vodn\u00ed b\u00e1zi"},"content":{"rendered":"<p>Vyrovn\u00e1v\u00e1 a sni\u017euje absorpci podkladu.<\/p>\n<p><span style=\"color: #ffffff;\">-<\/span><\/p>\n<p>D\u00edky sv\u00e9 vysok\u00e9 penetra\u010dn\u00ed schopnosti fixuje miner\u00e1ln\u00ed podklady.<\/p>\n<p><span style=\"color: #ffffff;\">-<\/span><\/p>\n<p>Bezbarv\u00fd a bez z\u00e1pachu.<\/p>\n\n    <div class=\"xs_social_share_widget xs_share_url after_content \t\tmain_content  wslu-style-1 wslu-share-box-shaped wslu-fill-colored wslu-none wslu-share-horizontal wslu-theme-font-no wslu-main_content\">\n\n\t\t\n        <ul>\n\t\t\t        <\/ul>\n    <\/div>","protected":false},"excerpt":{"rendered":"<p>Transparentn\u00ed impregna\u010dn\u00ed prost\u0159edek na vodn\u00ed b\u00e1zi pro v\u0161echny podklady st\u011bn v interi\u00e9ru i exteri\u00e9ru.<\/p>","protected":false},"featured_media":26397,"comment_status":"open","ping_status":"closed","template":"","meta":[],"pwb-brand":[3862],"product_brand":[],"product_cat":[3875,3876,3888,3877,6875,3911],"product_tag":[6864],"class_list":{"0":"post-15084","1":"product","2":"type-product","3":"status-publish","4":"has-post-thumbnail","6":"pwb-brand-herbol","7":"product_cat-vernici","8":"product_cat-interni","9":"product_cat-fondo-interni","10":"product_cat-esterni","11":"product_cat-fondo-esterni","12":"product_cat-isolanti","13":"product_tag-herbol","14":"pa_litri-1-l","15":"pa_litri-5-l","16":"pa_litri-10-l","18":"first","19":"instock","20":"sale","21":"taxable","22":"shipping-taxable","23":"purchasable","24":"product-type-variable","25":"has-default-attributes"},"brands":[{"id":3862,"name":"Herbol","slug":"herbol"}],"_links":{"self":[{"href":"https:\/\/colorsofmaster.com\/cs\/wp-json\/wp\/v2\/product\/15084","targetHints":{"allow":["GET"]}}],"collection":[{"href":"https:\/\/colorsofmaster.com\/cs\/wp-json\/wp\/v2\/product"}],"about":[{"href":"https:\/\/colorsofmaster.com\/cs\/wp-json\/wp\/v2\/types\/product"}],"replies":[{"embeddable":true,"href":"https:\/\/colorsofmaster.com\/cs\/wp-json\/wp\/v2\/comments?post=15084"}],"wp:featuredmedia":[{"embeddable":true,"href":"https:\/\/colorsofmaster.com\/cs\/wp-json\/wp\/v2\/media\/26397"}],"wp:attachment":[{"href":"https:\/\/colorsofmaster.com\/cs\/wp-json\/wp\/v2\/media?parent=15084"}],"wp:term":[{"taxonomy":"pwb-brand","embeddable":true,"href":"https:\/\/colorsofmaster.com\/cs\/wp-json\/wp\/v2\/pwb-brand?post=15084"},{"taxonomy":"product_brand","embeddable":true,"href":"https:\/\/colorsofmaster.com\/cs\/wp-json\/wp\/v2\/product_brand?post=15084"},{"taxonomy":"product_cat","embeddable":true,"href":"https:\/\/colorsofmaster.com\/cs\/wp-json\/wp\/v2\/product_cat?post=15084"},{"taxonomy":"product_tag","embeddable":true,"href":"https:\/\/colorsofmaster.com\/cs\/wp-json\/wp\/v2\/product_tag?post=15084"}],"curies":[{"name":"wp","href":"https:\/\/api.w.org\/{rel}","templated":true}]}}