{"id":14714,"date":"2020-09-19T21:05:39","date_gmt":"2020-09-19T19:05:39","guid":{"rendered":"https:\/\/colorsofmaster.com\/?product=cebos-cebostyle-antico-light-gold"},"modified":"2026-04-13T12:13:31","modified_gmt":"2026-04-13T10:13:31","slug":"cebos-cebostyle-antico-light-gold","status":"publish","type":"product","link":"https:\/\/colorsofmaster.com\/cs\/product\/cebos-cebostyle-antico-light-gold\/","title":{"rendered":"CEBOS Cebostyle Antico Sv\u011btle zlat\u00e1"},"content":{"rendered":"<p><span style=\"color: #666667; font-size: 15.96px;\"><img fetchpriority=\"high\" decoding=\"async\" style=\"font-family: Verdana, Arial, Helvetica, sans-serif; font-size: 11px; background-color: #fafbfc;\" src=\"https:\/\/colorsofmaster.com\/wp-content\/uploads\/img\/cms\/cebostyle_Antico_Silver.jpg\" alt=\"cebostyle_Antico_Silver.jpg\" width=\"564\" height=\"235\" \/><\/span><\/p>\n<p><span style=\"color: #ffffff;\">-<\/span><\/p>\n<p>Omyvateln\u00fd, nepr\u016fhledn\u00fd akrylov\u00fd lak na vodn\u00ed b\u00e1zi pro interi\u00e9ry s kovov\u00fdm vzhledem. Umo\u017e\u0148uje z\u00edskat povrchy se zvl\u00e1\u0161tn\u00edmi sv\u011bteln\u00fdmi kontrasty, nap\u0159\u00edklad pro zv\u00fdrazn\u011bn\u00ed klasick\u00e9ho i modern\u00edho prost\u0159ed\u00ed, v souladu se sou\u010dasn\u00fdmi trendy ve v\u00fdzdob\u011b interi\u00e9r\u016f. CeboStyle Antico je k dispozici v \u0161irok\u00e9 \u0161k\u00e1le z\u00e1kladn\u00edch n\u00e1t\u011br\u016f p\u0159ipraven\u00fdch k pou\u017eit\u00ed, kter\u00e9 spl\u0148uj\u00ed v\u0161echny po\u017eadavky na barvu a metalick\u00fd vzhled.<\/p>\n\n    <div class=\"xs_social_share_widget xs_share_url after_content \t\tmain_content  wslu-style-1 wslu-share-box-shaped wslu-fill-colored wslu-none wslu-share-horizontal wslu-theme-font-no wslu-main_content\">\n\n\t\t\n        <ul>\n\t\t\t        <\/ul>\n    <\/div>","protected":false},"excerpt":{"rendered":"<p>Akryl\u00e1tov\u00e1 povrchov\u00e1 \u00faprava na vodn\u00ed b\u00e1zi pro pou\u017eit\u00ed v interi\u00e9ru<\/p>\n<p>&nbsp;<\/p>\n<p>Pozn\u00e1mka: V popisu je vhodn\u00e9 konzultovat aplika\u010dn\u00ed cyklus.<\/p>","protected":false},"featured_media":26126,"comment_status":"open","ping_status":"closed","template":"","meta":[],"pwb-brand":[],"product_brand":[],"product_cat":[3898,3882,3890,3876,3875],"product_tag":[],"class_list":{"0":"post-14714","1":"product","2":"type-product","3":"status-publish","4":"has-post-thumbnail","6":"product_cat-colorati","7":"product_cat-decorativi","8":"product_cat-finiture","9":"product_cat-interni","10":"product_cat-vernici","11":"pa_litri-05-l","12":"pa_litri-1-l","13":"pa_litri-25-l","14":"pa_palette-cebostyle-antico-light-gold","16":"first","17":"instock","18":"sale","19":"taxable","20":"shipping-taxable","21":"purchasable","22":"product-type-variable","23":"has-default-attributes"},"brands":[{"id":3865,"name":"Cebos","slug":"cebos"}],"_links":{"self":[{"href":"https:\/\/colorsofmaster.com\/cs\/wp-json\/wp\/v2\/product\/14714","targetHints":{"allow":["GET"]}}],"collection":[{"href":"https:\/\/colorsofmaster.com\/cs\/wp-json\/wp\/v2\/product"}],"about":[{"href":"https:\/\/colorsofmaster.com\/cs\/wp-json\/wp\/v2\/types\/product"}],"replies":[{"embeddable":true,"href":"https:\/\/colorsofmaster.com\/cs\/wp-json\/wp\/v2\/comments?post=14714"}],"wp:featuredmedia":[{"embeddable":true,"href":"https:\/\/colorsofmaster.com\/cs\/wp-json\/wp\/v2\/media\/26126"}],"wp:attachment":[{"href":"https:\/\/colorsofmaster.com\/cs\/wp-json\/wp\/v2\/media?parent=14714"}],"wp:term":[{"taxonomy":"pwb-brand","embeddable":true,"href":"https:\/\/colorsofmaster.com\/cs\/wp-json\/wp\/v2\/pwb-brand?post=14714"},{"taxonomy":"product_brand","embeddable":true,"href":"https:\/\/colorsofmaster.com\/cs\/wp-json\/wp\/v2\/product_brand?post=14714"},{"taxonomy":"product_cat","embeddable":true,"href":"https:\/\/colorsofmaster.com\/cs\/wp-json\/wp\/v2\/product_cat?post=14714"},{"taxonomy":"product_tag","embeddable":true,"href":"https:\/\/colorsofmaster.com\/cs\/wp-json\/wp\/v2\/product_tag?post=14714"}],"curies":[{"name":"wp","href":"https:\/\/api.w.org\/{rel}","templated":true}]}}