{"id":14586,"date":"2020-09-19T15:27:00","date_gmt":"2020-09-19T13:27:00","guid":{"rendered":"https:\/\/colorsofmaster.com\/?product=cebos-cebostone-metal"},"modified":"2026-04-13T18:11:50","modified_gmt":"2026-04-13T16:11:50","slug":"cebos-cebostone-metal","status":"publish","type":"product","link":"https:\/\/colorsofmaster.com\/cs\/product\/cebos-cebostone-metal\/","title":{"rendered":"CEBOS CeboStone Metal"},"content":{"rendered":"<p><img fetchpriority=\"high\" decoding=\"async\" src=\"https:\/\/colorsofmaster.com\/wp-content\/uploads\/img\/cms\/cebostone_metal.png\" alt=\"\" width=\"565\" height=\"160\" \/><\/p>\n<p><span style=\"color: #ffffff;\">-<\/span><\/p>\n<p><em><a href=\"https:\/\/www.youtube.com\/watch?v=42SFCxQJl2U\"><strong><img decoding=\"async\" src=\"https:\/\/colorsofmaster.com\/wp-content\/uploads\/img\/cms\/img_349409.png\" alt=\"\" width=\"51\" height=\"38\" \/><\/strong><span style=\"text-decoration: underline;\"><strong>\u00a0 \u00a0<\/strong><strong>Vedi il video dimostrativo<\/strong><\/span><\/a><\/em><\/p>\n<p><span style=\"color: #ffffff;\">-<\/span><\/p>\n<p>Finitura acrilica all\u2019acqua per interni, ideale per tutti i tipi di supporto murale.<\/p>\n<p><span style=\"color: #ffffff;\">-<\/span><\/p>\n<p>CeboStone Metal permette di creare facilmente decorazioni di pregio, dove l\u2019effetto sabbiato viene esaltato dalla preziosit\u00e0 dell\u2019aspetto metallico, con un susseguirsi di delicati chiaroscuri e affascinanti riflessi dorati.<\/p>\n\n    <div class=\"xs_social_share_widget xs_share_url after_content \t\tmain_content  wslu-style-1 wslu-share-box-shaped wslu-fill-colored wslu-none wslu-share-horizontal wslu-theme-font-no wslu-main_content\">\n\n\t\t\n        <ul>\n\t\t\t        <\/ul>\n    <\/div>","protected":false},"excerpt":{"rendered":"<p>Akryl\u00e1tov\u00e1 povrchov\u00e1 \u00faprava na vodn\u00ed b\u00e1zi pro pou\u017eit\u00ed v interi\u00e9ru<\/p>\n<p>&nbsp;<\/p>\n<p>Pozn\u00e1mka: V popisu je vhodn\u00e9 konzultovat aplika\u010dn\u00ed cyklus.<\/p>","protected":false},"featured_media":26116,"comment_status":"open","ping_status":"closed","template":"","meta":[],"pwb-brand":[],"product_brand":[],"product_cat":[3882,3890,3876,3875],"product_tag":[],"class_list":{"0":"post-14586","1":"product","2":"type-product","3":"status-publish","4":"has-post-thumbnail","6":"product_cat-decorativi","7":"product_cat-finiture","8":"product_cat-interni","9":"product_cat-vernici","10":"pa_litri-1-l","11":"pa_litri-3-l","12":"pa_litri-5-l","13":"pa_palette-cebostone-metal","15":"first","16":"instock","17":"sale","18":"taxable","19":"shipping-taxable","20":"purchasable","21":"product-type-variable","22":"has-default-attributes"},"brands":[{"id":3865,"name":"Cebos","slug":"cebos"}],"_links":{"self":[{"href":"https:\/\/colorsofmaster.com\/cs\/wp-json\/wp\/v2\/product\/14586","targetHints":{"allow":["GET"]}}],"collection":[{"href":"https:\/\/colorsofmaster.com\/cs\/wp-json\/wp\/v2\/product"}],"about":[{"href":"https:\/\/colorsofmaster.com\/cs\/wp-json\/wp\/v2\/types\/product"}],"replies":[{"embeddable":true,"href":"https:\/\/colorsofmaster.com\/cs\/wp-json\/wp\/v2\/comments?post=14586"}],"wp:featuredmedia":[{"embeddable":true,"href":"https:\/\/colorsofmaster.com\/cs\/wp-json\/wp\/v2\/media\/26116"}],"wp:attachment":[{"href":"https:\/\/colorsofmaster.com\/cs\/wp-json\/wp\/v2\/media?parent=14586"}],"wp:term":[{"taxonomy":"pwb-brand","embeddable":true,"href":"https:\/\/colorsofmaster.com\/cs\/wp-json\/wp\/v2\/pwb-brand?post=14586"},{"taxonomy":"product_brand","embeddable":true,"href":"https:\/\/colorsofmaster.com\/cs\/wp-json\/wp\/v2\/product_brand?post=14586"},{"taxonomy":"product_cat","embeddable":true,"href":"https:\/\/colorsofmaster.com\/cs\/wp-json\/wp\/v2\/product_cat?post=14586"},{"taxonomy":"product_tag","embeddable":true,"href":"https:\/\/colorsofmaster.com\/cs\/wp-json\/wp\/v2\/product_tag?post=14586"}],"curies":[{"name":"wp","href":"https:\/\/api.w.org\/{rel}","templated":true}]}}