{"id":14561,"date":"2020-08-01T12:47:53","date_gmt":"2020-08-01T10:47:53","guid":{"rendered":"https:\/\/colorsofmaster.com\/?product=stucco-k2-plus-luniversale-stucco-per-rasature-e-finiture"},"modified":"2026-04-28T21:00:26","modified_gmt":"2026-04-28T19:00:26","slug":"stucco-k2-plus-5-kg","status":"publish","type":"product","link":"https:\/\/colorsofmaster.com\/cs\/product\/stucco-k2-plus-5-kg\/","title":{"rendered":"STUCCO K2 PLUS L Univermel na holen\u00ed a dokon\u010dovac\u00ed pr\u00e1ce"},"content":{"rendered":"<div class=\"xs_social_share_widget xs_share_url after_content \t\tmain_content  wslu-style-1 wslu-share-box-shaped wslu-fill-colored wslu-none wslu-share-horizontal wslu-theme-font-no wslu-main_content\">\n\n\t\t\n        <ul>\n\t\t\t        <\/ul>\n    <\/div>","protected":false},"excerpt":{"rendered":"<p>K2 PLUS L\u2019UNIVERSALE \u00e8 uno stucco bianchissimo composto da alabastro superventilato, carbonato extra bianco e inerti accuratamente selezionati, che permettono di ottenere un prodotto di elevata qualit\u00e0 e professionalit\u00e0.<\/p>","protected":false},"featured_media":14562,"comment_status":"open","ping_status":"closed","template":"","meta":[],"pwb-brand":[],"product_brand":[],"product_cat":[3881,3930],"product_tag":[],"class_list":{"0":"post-14561","1":"product","2":"type-product","3":"status-publish","4":"has-post-thumbnail","6":"product_cat-accessori","7":"product_cat-stucchi","8":"pa_litri-25-kg","9":"pa_litri-5-kg","11":"first","12":"instock","13":"sale","14":"taxable","15":"shipping-taxable","16":"purchasable","17":"product-type-variable","18":"has-default-attributes"},"brands":[],"_links":{"self":[{"href":"https:\/\/colorsofmaster.com\/cs\/wp-json\/wp\/v2\/product\/14561","targetHints":{"allow":["GET"]}}],"collection":[{"href":"https:\/\/colorsofmaster.com\/cs\/wp-json\/wp\/v2\/product"}],"about":[{"href":"https:\/\/colorsofmaster.com\/cs\/wp-json\/wp\/v2\/types\/product"}],"replies":[{"embeddable":true,"href":"https:\/\/colorsofmaster.com\/cs\/wp-json\/wp\/v2\/comments?post=14561"}],"wp:featuredmedia":[{"embeddable":true,"href":"https:\/\/colorsofmaster.com\/cs\/wp-json\/wp\/v2\/media\/14562"}],"wp:attachment":[{"href":"https:\/\/colorsofmaster.com\/cs\/wp-json\/wp\/v2\/media?parent=14561"}],"wp:term":[{"taxonomy":"pwb-brand","embeddable":true,"href":"https:\/\/colorsofmaster.com\/cs\/wp-json\/wp\/v2\/pwb-brand?post=14561"},{"taxonomy":"product_brand","embeddable":true,"href":"https:\/\/colorsofmaster.com\/cs\/wp-json\/wp\/v2\/product_brand?post=14561"},{"taxonomy":"product_cat","embeddable":true,"href":"https:\/\/colorsofmaster.com\/cs\/wp-json\/wp\/v2\/product_cat?post=14561"},{"taxonomy":"product_tag","embeddable":true,"href":"https:\/\/colorsofmaster.com\/cs\/wp-json\/wp\/v2\/product_tag?post=14561"}],"curies":[{"name":"wp","href":"https:\/\/api.w.org\/{rel}","templated":true}]}}